{"id":775232,"date":"2025-09-09T18:36:59","date_gmt":"2025-09-09T15:36:59","guid":{"rendered":"https:\/\/roveyayinevi.com.tr\/index.php\/urun\/potter-cep-kitaplari-harry-potter-ciltli\/"},"modified":"2026-04-15T03:41:42","modified_gmt":"2026-04-15T00:41:42","slug":"potter-cep-kitaplari-harry-potter-ciltli","status":"publish","type":"product","link":"https:\/\/roveyayinevi.com.tr\/index.php\/urun\/potter-cep-kitaplari-harry-potter-ciltli\/","title":{"rendered":"Potter Cep Kitaplar\u0131 \u2013 Harry Potter (Ciltli)"},"content":{"rendered":"<p>HARRY Hogwarts\u2019a ba\u015flad\u0131\u011f\u0131nda ka\u00e7 ya\u015f\u0131ndayd\u0131? HARRY\u2019ye \u00c7APULCU HAR\u0130TASI\u2019n\u0131 kim verdi ve ALTIN B\u0130R SNITCH\u2019in b\u00fcy\u00fckl\u00fc\u011f\u00fc ne kadard\u0131r?   Harry Potter\u2019a dair b\u00fct\u00fcn bu ayr\u0131nt\u0131lar\u0131 ve \u00e7ok daha fazlas\u0131n\u0131 bu kitapta ke\u015ffedebilirsiniz! POTTER CEP K\u0130TAPLARI mutlaka edinmeniz gereken, hatta koleksiyonunu yapabilece\u011finiz, Harry Potter hik\u00e2yeleri i\u00e7in haz\u0131rlanm\u0131\u015f k\u00fc\u00e7\u00fck rehberlerdir. Ejderhalarla kar\u015f\u0131la\u015fmaya, Quidditch heyecan\u0131na kap\u0131lmaya, gizli parolalar\u0131 ke\u015ffetmeye ve Ollivander\u2019lerden bir asa edinmeye haz\u0131r olun&#8230; Sihir ve muziplik bu kitapta! <\/p>\n","protected":false},"excerpt":{"rendered":"<p>HARRY Hogwarts\u2019a ba\u015flad\u0131\u011f\u0131nda ka\u00e7 ya\u015f\u0131ndayd\u0131? HARRY\u2019ye \u00c7APULCU HAR\u0130TASI\u2019n\u0131 kim verdi ve ALTIN B\u0130R SNITCH\u2019in b\u00fcy\u00fckl\u00fc\u011f\u00fc ne kadard\u0131r? Harry Potter\u2019a dair b\u00fct\u00fcn bu ayr\u0131nt\u0131lar\u0131 ve \u00e7ok daha<span class=\"excerpt-hellip\"> [\u2026]<\/span><\/p>\n","protected":false},"featured_media":0,"template":"","meta":{"_monsterinsights_skip_tracking":false,"_monsterinsights_sitenote_active":false,"_monsterinsights_sitenote_note":"","_monsterinsights_sitenote_category":0},"product_brand":[],"product_cat":[12274,12518],"product_tag":[],"class_list":{"0":"post-775232","1":"product","2":"type-product","3":"status-publish","5":"product_cat-cocuk-ve-genclik-kitaplari","6":"product_cat-okul-oncesi-kitaplar","7":"pa_cilt-ciltli","8":"pa_tur-kitap","9":"pa_yayinevi-yapi-kredi-yayinlari","10":"pa_yazar-j-k-rowling","12":"first","13":"instock","14":"sale","15":"shipping-taxable","16":"purchasable","17":"product-type-simple"},"_links":{"self":[{"href":"https:\/\/roveyayinevi.com.tr\/index.php\/wp-json\/wp\/v2\/product\/775232","targetHints":{"allow":["GET"]}}],"collection":[{"href":"https:\/\/roveyayinevi.com.tr\/index.php\/wp-json\/wp\/v2\/product"}],"about":[{"href":"https:\/\/roveyayinevi.com.tr\/index.php\/wp-json\/wp\/v2\/types\/product"}],"wp:attachment":[{"href":"https:\/\/roveyayinevi.com.tr\/index.php\/wp-json\/wp\/v2\/media?parent=775232"}],"wp:term":[{"taxonomy":"product_brand","embeddable":true,"href":"https:\/\/roveyayinevi.com.tr\/index.php\/wp-json\/wp\/v2\/product_brand?post=775232"},{"taxonomy":"product_cat","embeddable":true,"href":"https:\/\/roveyayinevi.com.tr\/index.php\/wp-json\/wp\/v2\/product_cat?post=775232"},{"taxonomy":"product_tag","embeddable":true,"href":"https:\/\/roveyayinevi.com.tr\/index.php\/wp-json\/wp\/v2\/product_tag?post=775232"}],"curies":[{"name":"wp","href":"https:\/\/api.w.org\/{rel}","templated":true}]}}