{"id":775231,"date":"2025-09-09T18:36:57","date_gmt":"2025-09-09T15:36:57","guid":{"rendered":"https:\/\/roveyayinevi.com.tr\/index.php\/urun\/hikikomori\/"},"modified":"2026-04-15T03:41:42","modified_gmt":"2026-04-15T00:41:42","slug":"hikikomori","status":"publish","type":"product","link":"https:\/\/roveyayinevi.com.tr\/index.php\/urun\/hikikomori\/","title":{"rendered":"Hikikomori"},"content":{"rendered":"<p>Kap\u0131n\u0131z\u0131 kilitleyip d\u00fcnyay\u0131 d\u0131\u015far\u0131da b\u0131rakmak\u2026 Peki ya o kap\u0131 bir g\u00fcn a\u00e7\u0131lamazsa? Hikikomori, sadece bir ki\u015finin odas\u0131na kapanma hik\u00e2yesi de\u011fil; g\u00f6r\u00fcnmez duvarlarla \u00f6r\u00fclm\u00fc\u015f, sessizli\u011fin derinle\u015fti\u011fi bir d\u00fcnyan\u0131n ad\u0131. Ba\u015flang\u0131\u00e7ta k\u0131sa bir mola gibi g\u00f6r\u00fcnen bu uzakla\u015fma, zamanla ya\u015fam\u0131n t\u00fcm kap\u0131lar\u0131n\u0131 kapatabilir. Bu kitap, psikoloji kuramlar\u0131n\u0131n \u0131\u015f\u0131\u011f\u0131nda ve ger\u00e7ek hayattan esinlenmi\u015f \u00f6rneklerle; yaln\u0131zl\u0131\u011f\u0131n nas\u0131l bu kadar derinle\u015fti\u011fini, hangi duygularla beslendi\u011fini ve fark edilmezse nas\u0131l bir \u00e7\u0131kmaza d\u00f6n\u00fc\u015ft\u00fc\u011f\u00fcn\u00fc anlat\u0131yor. Bir anne-baba, \u00f6\u011fretmen, ruh sa\u011fl\u0131\u011f\u0131 uzman\u0131 ya da yaln\u0131zca merak eden bir insan olun; bu sat\u0131rlarda kendinizden bir par\u00e7a bulacaks\u0131n\u0131z. Ve belki de fark\u0131nda bile olmadan, birinin kap\u0131s\u0131n\u0131 aralayacak anahtar siz olacaks\u0131n\u0131z\u2026<\/p>\n","protected":false},"excerpt":{"rendered":"<p>Kap\u0131n\u0131z\u0131 kilitleyip d\u00fcnyay\u0131 d\u0131\u015far\u0131da b\u0131rakmak\u2026 Peki ya o kap\u0131 bir g\u00fcn a\u00e7\u0131lamazsa? Hikikomori, sadece bir ki\u015finin odas\u0131na kapanma hik\u00e2yesi de\u011fil; g\u00f6r\u00fcnmez duvarlarla \u00f6r\u00fclm\u00fc\u015f, sessizli\u011fin derinle\u015fti\u011fi bir<span class=\"excerpt-hellip\"> [\u2026]<\/span><\/p>\n","protected":false},"featured_media":0,"template":"","meta":{"_monsterinsights_skip_tracking":false,"_monsterinsights_sitenote_active":false,"_monsterinsights_sitenote_note":"","_monsterinsights_sitenote_category":0},"product_brand":[],"product_cat":[12358,12357],"product_tag":[],"class_list":{"0":"post-775231","1":"product","2":"type-product","3":"status-publish","5":"product_cat-genel-psikoloji","6":"product_cat-psikoloji","7":"pa_cilt-ciltsiz","8":"pa_tur-kitap","9":"pa_yayinevi-bambuk-yayinevi","10":"pa_yazar-osman-erdogan","12":"first","13":"instock","14":"sale","15":"shipping-taxable","16":"purchasable","17":"product-type-simple"},"_links":{"self":[{"href":"https:\/\/roveyayinevi.com.tr\/index.php\/wp-json\/wp\/v2\/product\/775231","targetHints":{"allow":["GET"]}}],"collection":[{"href":"https:\/\/roveyayinevi.com.tr\/index.php\/wp-json\/wp\/v2\/product"}],"about":[{"href":"https:\/\/roveyayinevi.com.tr\/index.php\/wp-json\/wp\/v2\/types\/product"}],"wp:attachment":[{"href":"https:\/\/roveyayinevi.com.tr\/index.php\/wp-json\/wp\/v2\/media?parent=775231"}],"wp:term":[{"taxonomy":"product_brand","embeddable":true,"href":"https:\/\/roveyayinevi.com.tr\/index.php\/wp-json\/wp\/v2\/product_brand?post=775231"},{"taxonomy":"product_cat","embeddable":true,"href":"https:\/\/roveyayinevi.com.tr\/index.php\/wp-json\/wp\/v2\/product_cat?post=775231"},{"taxonomy":"product_tag","embeddable":true,"href":"https:\/\/roveyayinevi.com.tr\/index.php\/wp-json\/wp\/v2\/product_tag?post=775231"}],"curies":[{"name":"wp","href":"https:\/\/api.w.org\/{rel}","templated":true}]}}