{"id":775230,"date":"2025-09-09T18:36:55","date_gmt":"2025-09-09T15:36:55","guid":{"rendered":"https:\/\/roveyayinevi.com.tr\/index.php\/urun\/turk-ve-dunya-edebiyatinda-masallar\/"},"modified":"2026-04-15T03:41:42","modified_gmt":"2026-04-15T00:41:42","slug":"turk-ve-dunya-edebiyatinda-masallar","status":"publish","type":"product","link":"https:\/\/roveyayinevi.com.tr\/index.php\/urun\/turk-ve-dunya-edebiyatinda-masallar\/","title":{"rendered":"T\u00fcrk ve D\u00fcnya Edebiyat\u0131nda  Masallar"},"content":{"rendered":"<p>Genel anlamda masal, halk edebiyat\u0131n\u0131n s\u00f6zl\u00fc k\u00fclt\u00fcr \u00fcr\u00fcnleri i\u00e7erisinde en hareketli t\u00fcrlerden birisidir. Anlatmaya dayal\u0131d\u0131r. Hayal mahsul\u00fcd\u00fcr fakat anlat\u0131ld\u0131\u011f\u0131 toplumun dili ile k\u00fclt\u00fcr\u00fcn\u00fc yans\u0131t\u0131r.       Masallar, evrenseldir. B\u00fct\u00fcn uluslar\u0131n masallar\u0131 do\u011frunun yan\u0131ndad\u0131r. Ayr\u0131ca masallar\u0131n benzerlerine hemen her k\u0131tada rastlamak m\u00fcmk\u00fcnd\u00fcr.      Masal; derstir, \u00f6\u011fretmendir. \u00c7\u00fcnk\u00fc her masal, \u00f6\u011fretmek i\u00e7in anlat\u0131l\u0131r. \u00d6\u011frenmenin sonu olmad\u0131\u011f\u0131 gibi masallar\u0131n da say\u0131s\u0131 s\u0131n\u0131rs\u0131zd\u0131r.      Masallar konusu yaln\u0131z T\u00fcrk edebiyat\u0131 de\u011fil D\u00fcnya edebiyat\u0131 i\u00e7in de \u00f6nemlidir. Dolay\u0131s\u0131yla konu e\u011fitim hayat\u0131m\u0131za da yans\u0131m\u0131\u015f, okullar\u0131m\u0131zda ders olarak okutulmaya ba\u015flanm\u0131\u015ft\u0131r. E\u011fitim hayat\u0131nda masallar\u0131n iki boyutu bulunmaktad\u0131r. Bunlar genel anlamda masallar ve daha \u00e7ok ders ve \u00f6\u011f\u00fct vermek i\u00e7in anlat\u0131lan fabllar (hayvan masallar\u0131)\u2019d\u0131r.        Konunun derli toplu bir \u015fekilde ele al\u0131nabilmesi i\u00e7in Prof. Dr. Necati Demir, T\u00fcrk ve D\u00fcnya edebiyat\u0131nda yer alan masallar\u0131 bir arada sunmak \u00fczere bu \u00e7al\u0131\u015fmay\u0131 haz\u0131rlam\u0131\u015ft\u0131r. Bu \u00e7al\u0131\u015fmada T\u00fcrk Masallar\u0131 ve D\u00fcnya Masallar\u0131 iki ana b\u00f6l\u00fcmde ele al\u0131nm\u0131\u015ft\u0131r. Ayr\u0131ca fabllar \u00fczerinde de durulmu\u015ftur.         B\u00fct\u00fcn okuyanlara yararl\u0131 olmas\u0131 dileklerimizle \u2026 <\/p>\n","protected":false},"excerpt":{"rendered":"<p>Genel anlamda masal, halk edebiyat\u0131n\u0131n s\u00f6zl\u00fc k\u00fclt\u00fcr \u00fcr\u00fcnleri i\u00e7erisinde en hareketli t\u00fcrlerden birisidir. Anlatmaya dayal\u0131d\u0131r. Hayal mahsul\u00fcd\u00fcr fakat anlat\u0131ld\u0131\u011f\u0131 toplumun dili ile k\u00fclt\u00fcr\u00fcn\u00fc yans\u0131t\u0131r. Masallar, evrenseldir.<span class=\"excerpt-hellip\"> [\u2026]<\/span><\/p>\n","protected":false},"featured_media":0,"template":"","meta":{"_monsterinsights_skip_tracking":false,"_monsterinsights_sitenote_active":false,"_monsterinsights_sitenote_note":"","_monsterinsights_sitenote_category":0},"product_brand":[],"product_cat":[13072,12291],"product_tag":[],"class_list":{"0":"post-775230","1":"product","2":"type-product","3":"status-publish","5":"product_cat-arastirma-inceleme-referans","6":"product_cat-edebiyat","7":"pa_cilt-ciltsiz","8":"pa_tur-kitap","9":"pa_yayinevi-bilge-kultur-sanat","10":"pa_yazar-necati-demir","12":"first","13":"instock","14":"sale","15":"shipping-taxable","16":"purchasable","17":"product-type-simple"},"_links":{"self":[{"href":"https:\/\/roveyayinevi.com.tr\/index.php\/wp-json\/wp\/v2\/product\/775230","targetHints":{"allow":["GET"]}}],"collection":[{"href":"https:\/\/roveyayinevi.com.tr\/index.php\/wp-json\/wp\/v2\/product"}],"about":[{"href":"https:\/\/roveyayinevi.com.tr\/index.php\/wp-json\/wp\/v2\/types\/product"}],"wp:attachment":[{"href":"https:\/\/roveyayinevi.com.tr\/index.php\/wp-json\/wp\/v2\/media?parent=775230"}],"wp:term":[{"taxonomy":"product_brand","embeddable":true,"href":"https:\/\/roveyayinevi.com.tr\/index.php\/wp-json\/wp\/v2\/product_brand?post=775230"},{"taxonomy":"product_cat","embeddable":true,"href":"https:\/\/roveyayinevi.com.tr\/index.php\/wp-json\/wp\/v2\/product_cat?post=775230"},{"taxonomy":"product_tag","embeddable":true,"href":"https:\/\/roveyayinevi.com.tr\/index.php\/wp-json\/wp\/v2\/product_tag?post=775230"}],"curies":[{"name":"wp","href":"https:\/\/api.w.org\/{rel}","templated":true}]}}