{"id":775229,"date":"2025-09-09T18:36:52","date_gmt":"2025-09-09T15:36:52","guid":{"rendered":"https:\/\/roveyayinevi.com.tr\/index.php\/urun\/turk-ve-dunya-edebiyatinda-destanlar\/"},"modified":"2026-04-15T03:41:42","modified_gmt":"2026-04-15T00:41:42","slug":"turk-ve-dunya-edebiyatinda-destanlar","status":"publish","type":"product","link":"https:\/\/roveyayinevi.com.tr\/index.php\/urun\/turk-ve-dunya-edebiyatinda-destanlar\/","title":{"rendered":"T\u00fcrk ve D\u00fcnya Edebiyat\u0131nda  Destanlar"},"content":{"rendered":"<p>Destanlar; uluslar\u0131n d\u00fc\u015f\u00fcnce d\u00fcnyas\u0131n\u0131, ya\u015fam tarz\u0131n\u0131, inan\u00e7 yap\u0131s\u0131n\u0131 ve k\u00fclt\u00fcr\u00fcn\u00fc yans\u0131tan eserlerdir. Onlar\u0131n, uluslar\u0131n k\u00fclt\u00fcr tarihinde \u00e7ok \u00f6nemli yerleri vard\u0131r. Destanlar edeb\u00ee bir t\u00fcr olmakla beraber tarihin k\u0131r\u0131k d\u00f6k\u00fck aynalar\u0131d\u0131r. Konular\u0131 \u00e7o\u011funlukla tarih\u00ee ger\u00e7eklere dayanmaktad\u0131r. Ge\u00e7mi\u015f zaman i\u00e7erisinde ya\u015fanm\u0131\u015f olaylar ve ya\u015fam\u0131\u015f kahramanlar hakk\u0131nda hi\u00e7 de\u011filse ana hatlar\u0131yla bilgi edinmemizi sa\u011flamaktad\u0131rlar. Bu t\u00fcrdeki yaz\u0131l\u0131 metinler dikkatli bir \u015fekilde incelendi\u011finde uzak ge\u00e7mi\u015f ile ilgili \u00e7ok k\u0131ymetli bilgiler elde edilmektedir.        D\u00fcnyada, tarihi eski zamanlara dayanan k\u00f6kl\u00fc uluslar\u0131n destanlar\u0131 vard\u0131r. Bunlar i\u00e7erisinde T\u00fcrk edebiyat\u0131 en zenginlerinden biridir.        Destanlar konusu yaln\u0131z T\u00fcrk edebiyat\u0131 de\u011fil D\u00fcnya edebiyat\u0131 i\u00e7in de \u00f6nemlidir. Dolay\u0131s\u0131yla konu e\u011fitim hayat\u0131m\u0131za da yans\u0131m\u0131\u015f, okullar\u0131m\u0131zda ders olarak okutulmaya ba\u015flanm\u0131\u015ft\u0131r.         Konunun daha kolay kavranmas\u0131 i\u00e7in Prof. Dr. Necati Demir, T\u00fcrk ve D\u00fcnya edebiyat\u0131nda yer alan destanlar\u0131 bir arada sunmak \u00fczere bu \u00e7al\u0131\u015fmay\u0131 haz\u0131rlam\u0131\u015ft\u0131r.  Bu \u00e7al\u0131\u015fmada T\u00fcrk Destanlar\u0131 ve D\u00fcnya Destanlar\u0131 iki ana b\u00f6l\u00fcmde ele al\u0131nm\u0131\u015ft\u0131r.  T\u00fcrk destanlar\u0131 i\u015flenirken D\u00fcnyan\u0131n yarat\u0131l\u0131\u015f\u0131ndan g\u00fcn\u00fcm\u00fcze T\u00fcrk destanlar\u0131n\u0131n tamam\u0131na yer verilmi\u015ftir. D\u00fcnya destanlar\u0131 b\u00f6l\u00fcm\u00fcnde ise on bir ulusun destanlar\u0131 sunulmu\u015ftur.         B\u00fct\u00fcn okuyanlara yararl\u0131 olmas\u0131 dileklerimizle \u2026  <\/p>\n","protected":false},"excerpt":{"rendered":"<p>Destanlar; uluslar\u0131n d\u00fc\u015f\u00fcnce d\u00fcnyas\u0131n\u0131, ya\u015fam tarz\u0131n\u0131, inan\u00e7 yap\u0131s\u0131n\u0131 ve k\u00fclt\u00fcr\u00fcn\u00fc yans\u0131tan eserlerdir. Onlar\u0131n, uluslar\u0131n k\u00fclt\u00fcr tarihinde \u00e7ok \u00f6nemli yerleri vard\u0131r. Destanlar edeb\u00ee bir t\u00fcr olmakla beraber<span class=\"excerpt-hellip\"> [\u2026]<\/span><\/p>\n","protected":false},"featured_media":0,"template":"","meta":{"_monsterinsights_skip_tracking":false,"_monsterinsights_sitenote_active":false,"_monsterinsights_sitenote_note":"","_monsterinsights_sitenote_category":0},"product_brand":[],"product_cat":[13072,12291],"product_tag":[],"class_list":{"0":"post-775229","1":"product","2":"type-product","3":"status-publish","5":"product_cat-arastirma-inceleme-referans","6":"product_cat-edebiyat","7":"pa_cilt-ciltsiz","8":"pa_tur-kitap","9":"pa_yayinevi-bilge-kultur-sanat","10":"pa_yazar-necati-demir","12":"first","13":"instock","14":"sale","15":"shipping-taxable","16":"purchasable","17":"product-type-simple"},"_links":{"self":[{"href":"https:\/\/roveyayinevi.com.tr\/index.php\/wp-json\/wp\/v2\/product\/775229","targetHints":{"allow":["GET"]}}],"collection":[{"href":"https:\/\/roveyayinevi.com.tr\/index.php\/wp-json\/wp\/v2\/product"}],"about":[{"href":"https:\/\/roveyayinevi.com.tr\/index.php\/wp-json\/wp\/v2\/types\/product"}],"wp:attachment":[{"href":"https:\/\/roveyayinevi.com.tr\/index.php\/wp-json\/wp\/v2\/media?parent=775229"}],"wp:term":[{"taxonomy":"product_brand","embeddable":true,"href":"https:\/\/roveyayinevi.com.tr\/index.php\/wp-json\/wp\/v2\/product_brand?post=775229"},{"taxonomy":"product_cat","embeddable":true,"href":"https:\/\/roveyayinevi.com.tr\/index.php\/wp-json\/wp\/v2\/product_cat?post=775229"},{"taxonomy":"product_tag","embeddable":true,"href":"https:\/\/roveyayinevi.com.tr\/index.php\/wp-json\/wp\/v2\/product_tag?post=775229"}],"curies":[{"name":"wp","href":"https:\/\/api.w.org\/{rel}","templated":true}]}}