{"id":775227,"date":"2025-09-09T18:36:48","date_gmt":"2025-09-09T15:36:48","guid":{"rendered":"https:\/\/roveyayinevi.com.tr\/index.php\/urun\/sonsuz-sicim\/"},"modified":"2026-04-15T03:41:42","modified_gmt":"2026-04-15T00:41:42","slug":"sonsuz-sicim","status":"publish","type":"product","link":"https:\/\/roveyayinevi.com.tr\/index.php\/urun\/sonsuz-sicim\/","title":{"rendered":"Sonsuz Sicim"},"content":{"rendered":"<p>TAHT KAVGALARI VE YASAK B\u0130R A\u015eK ARASINDA SIKI\u015eAN \u0130K\u0130 V\u00c2R\u0130S\u0130N HEM KALPLER\u0130N\u0130 HEM DE KRALLIKLARINI KURTARMAK \u0130\u00c7\u0130N KADERLER\u0130NE MEYDAN OKUDU\u011eU B\u0130R H\u0130K\u00c2YE&#8230;  Bir \u00f6p\u00fcc\u00fck, iki d\u00fcnya aras\u0131ndaki kadim duvarlar\u0131 y\u0131km\u0131\u015f, Alize ile Kamran\u2019\u0131n hayat\u0131n\u0131 geri d\u00f6n\u00fclemez \u015fekilde de\u011fi\u015ftirmi\u015fti. Cin krall\u0131\u011f\u0131n\u0131n kay\u0131p v\u00e2risi olan Alize, halk\u0131n\u0131 y\u00fczy\u0131llard\u0131r s\u00fcren esaretten kurtarmaya kararl\u0131yd\u0131. Fakat veliaht prens Kamran\u2019a kar\u015f\u0131 hissettikleri y\u00fcz\u00fcnden kendi bildi\u011fi t\u00fcm do\u011frular sars\u0131lm\u0131\u015f, kalbi ile g\u00f6revleri aras\u0131nda kalm\u0131\u015ft\u0131. Tulan Krall\u0131\u011f\u0131\u2019n\u0131n h\u00fck\u00fcmdar\u0131 Cyrus, Alize\u2019yi ka\u00e7\u0131r\u0131p kendi topraklar\u0131na g\u00f6t\u00fcrm\u00fc\u015f ve ona Cin krali\u00e7esi olmas\u0131 i\u00e7in gereken her \u015feyi sunmu\u015ftu. Alize tahta \u00e7\u0131kt\u0131\u011f\u0131nda Cyrus da kendi amac\u0131na ula\u015fm\u0131\u015f olacakt\u0131. Bu s\u0131rada Tulan\u2019a gelen Kamran, ya\u015fad\u0131\u011f\u0131 kayb\u0131n intikam\u0131n\u0131 almak istiyordu. Kamran amac\u0131na ula\u015fabilecek miydi? Ve en \u00f6nemlisi bunu yaparken, Alize yan\u0131nda olabilecek miydi? Alize\u2019nin \u00f6n\u00fcnde iki yol vard\u0131: Ya halk\u0131n\u0131n isteklerini \u00f6ne koyup Cin krall\u0131\u011f\u0131n\u0131n krali\u00e7esi olacakt\u0131 ya da duygular\u0131n\u0131n pe\u015finden gidecekti.    \u201cMuhte\u015fem bir kurgu! Hem hassas hem de g\u00fc\u00e7l\u00fc&#8230; Toplumun g\u00f6rmezden geldi\u011fi ger\u00e7ekleri anlat\u0131rken bile b\u00fcy\u00fcleyici bir g\u00fczellik sunuyor. En iyi kitaplar d\u00fcnyay\u0131 yeniden d\u00fc\u015f\u00fcnmenizi sa\u011flar ve bu kitap kesinlikle onlardan biri. Hayran kald\u0131m!\u201d  \u2014Nicola Yoon  \u201cSicim Krall\u0131k serisi ustaca yarat\u0131lm\u0131\u015f d\u00fcnyas\u0131 ve ilmek ilmek i\u015fledi\u011fi tutkulu a\u015fk hik\u00e2yesiyle beni b\u00fcy\u00fcledi. Alize\u2019nin sessiz g\u00fcc\u00fc, karanl\u0131k bir sihirle \u00f6r\u00fcl\u00fc arka planda ortaya \u00e7\u0131k\u0131yor. Bu seri tam anlam\u0131yla parlayan bir m\u00fccevher.\u201d \u2014Ren\u00e9e Ahdieh  \u201cSonsuz Sicim, b\u00fcy\u00fcleyici atmosferi ve merak uyand\u0131ran hik\u00e2yesiyle, okuru son sayfaya kadar h\u0131zla s\u00fcr\u00fckleyen bir fantastik ba\u015fyap\u0131t.\u201d  \u2014YA Book Central  \u201cZekice i\u015flenmi\u015f, a\u015fk, entrika ve ihanetlerle \u00f6r\u00fcl\u00fc bu fantastik destana hayran kalacaks\u0131n\u0131z.\u201d  \u2014Kirkus Reviews <\/p>\n","protected":false},"excerpt":{"rendered":"<p>TAHT KAVGALARI VE YASAK B\u0130R A\u015eK ARASINDA SIKI\u015eAN \u0130K\u0130 V\u00c2R\u0130S\u0130N HEM KALPLER\u0130N\u0130 HEM DE KRALLIKLARINI KURTARMAK \u0130\u00c7\u0130N KADERLER\u0130NE MEYDAN OKUDU\u011eU B\u0130R H\u0130K\u00c2YE&#8230; Bir \u00f6p\u00fcc\u00fck, iki d\u00fcnya<span class=\"excerpt-hellip\"> [\u2026]<\/span><\/p>\n","protected":false},"featured_media":0,"template":"","meta":{"_monsterinsights_skip_tracking":false,"_monsterinsights_sitenote_active":false,"_monsterinsights_sitenote_note":"","_monsterinsights_sitenote_category":0},"product_brand":[],"product_cat":[12291,14777],"product_tag":[],"class_list":{"0":"post-775227","1":"product","2":"type-product","3":"status-publish","5":"product_cat-edebiyat","6":"product_cat-fantastik","7":"pa_cilt-ciltsiz","8":"pa_tur-kitap","9":"pa_yayinevi-yabanci-yayinevi","10":"pa_yazar-tahereh-mafi","12":"first","13":"instock","14":"sale","15":"shipping-taxable","16":"purchasable","17":"product-type-simple"},"_links":{"self":[{"href":"https:\/\/roveyayinevi.com.tr\/index.php\/wp-json\/wp\/v2\/product\/775227","targetHints":{"allow":["GET"]}}],"collection":[{"href":"https:\/\/roveyayinevi.com.tr\/index.php\/wp-json\/wp\/v2\/product"}],"about":[{"href":"https:\/\/roveyayinevi.com.tr\/index.php\/wp-json\/wp\/v2\/types\/product"}],"wp:attachment":[{"href":"https:\/\/roveyayinevi.com.tr\/index.php\/wp-json\/wp\/v2\/media?parent=775227"}],"wp:term":[{"taxonomy":"product_brand","embeddable":true,"href":"https:\/\/roveyayinevi.com.tr\/index.php\/wp-json\/wp\/v2\/product_brand?post=775227"},{"taxonomy":"product_cat","embeddable":true,"href":"https:\/\/roveyayinevi.com.tr\/index.php\/wp-json\/wp\/v2\/product_cat?post=775227"},{"taxonomy":"product_tag","embeddable":true,"href":"https:\/\/roveyayinevi.com.tr\/index.php\/wp-json\/wp\/v2\/product_tag?post=775227"}],"curies":[{"name":"wp","href":"https:\/\/api.w.org\/{rel}","templated":true}]}}