{"id":775225,"date":"2025-09-09T18:36:44","date_gmt":"2025-09-09T15:36:44","guid":{"rendered":"https:\/\/roveyayinevi.com.tr\/index.php\/urun\/hayat-basittir\/"},"modified":"2026-04-15T03:41:42","modified_gmt":"2026-04-15T00:41:42","slug":"hayat-basittir","status":"publish","type":"product","link":"https:\/\/roveyayinevi.com.tr\/index.php\/urun\/hayat-basittir\/","title":{"rendered":"Hayat Basittir"},"content":{"rendered":"<p>Occam\u2019\u0131n usturas\u0131 ilkesi daha basit cevaplar\u0131n daha s\u0131k do\u011fru \u00e7\u0131kt\u0131\u011f\u0131n\u0131 y\u00fczy\u0131llar \u00f6nce g\u00f6stererek d\u00fcnyam\u0131z\u0131 de\u011fi\u015ftirdi. Hayat Basittir kitab\u0131nda, biliminsan\u0131 Johnjoe McFadden basitlik ilkesinin bug\u00fcn de ge\u00e7erlili\u011fini korudu\u011funu ortaya koyuyor. Yermerkezli bir kozmostan kuantum mekani\u011fine ve DNA\u2019ya uzanan y\u00fczlerce y\u0131ll\u0131k ke\u015fifleri izliyor ve basitli\u011fin en b\u00fcy\u00fck gizemleri \u00e7\u00f6zen cevaplar\u0131 i\u00e7erdi\u011fini savunuyor.  Johnjoe McFadden, Occam&#8217;\u0131n usturas\u0131ndan ilham alarak modern d\u00fcnyay\u0131 yaratanlar\u0131n insani tutkular\u0131n\u0131, meraklar\u0131n\u0131, hatalar\u0131n\u0131 ve m\u00fccadelelerini ele al\u0131yor ve bilimin ger\u00e7ekte ne oldu\u011fu konusunda yeni bir bak\u0131\u015f a\u00e7\u0131s\u0131 sunuyor. Hem bilimin tarihini hem de evrenimizin k\u00f6kenlerini sade \u00fcslubuyla yeniden anlatan McFadden, d\u00fcnyaya bak\u0131\u015f\u0131n\u0131z\u0131 d\u00f6n\u00fc\u015ft\u00fcrecek.   \u201cBilim tarihine kapsaml\u0131 ve k\u0131\u015fk\u0131rt\u0131c\u0131 bir bak\u0131\u015f.\u201d \u2014 Kirkus Review \u201cHayat Basittir b\u00fcy\u00fcleyici bir kitap.\u201d \u2014Prospect   \u201cSon y\u0131llar\u0131n en keyifli bilim tarihi \u00e7al\u0131\u015fmas\u0131.\u201d \u2014 The Spectator   \u201cSon on y\u0131lda okudu\u011fum en iyi bilim kitaplar\u0131ndan biri\u201d \u2014 Paul Davies<\/p>\n","protected":false},"excerpt":{"rendered":"<p>Occam\u2019\u0131n usturas\u0131 ilkesi daha basit cevaplar\u0131n daha s\u0131k do\u011fru \u00e7\u0131kt\u0131\u011f\u0131n\u0131 y\u00fczy\u0131llar \u00f6nce g\u00f6stererek d\u00fcnyam\u0131z\u0131 de\u011fi\u015ftirdi. Hayat Basittir kitab\u0131nda, biliminsan\u0131 Johnjoe McFadden basitlik ilkesinin bug\u00fcn de ge\u00e7erlili\u011fini<span class=\"excerpt-hellip\"> [\u2026]<\/span><\/p>\n","protected":false},"featured_media":0,"template":"","meta":{"_monsterinsights_skip_tracking":false,"_monsterinsights_sitenote_active":false,"_monsterinsights_sitenote_note":"","_monsterinsights_sitenote_category":0},"product_brand":[],"product_cat":[13005,13006],"product_tag":[],"class_list":{"0":"post-775225","1":"product","2":"type-product","3":"status-publish","5":"product_cat-bilim-muhendislik","6":"product_cat-populer-bilim","7":"pa_cilt-ciltsiz","8":"pa_tur-kitap","9":"pa_yayinevi-minotor-kitap","10":"pa_yazar-johnjoe-mcfadden","12":"first","13":"instock","14":"sale","15":"shipping-taxable","16":"purchasable","17":"product-type-simple"},"_links":{"self":[{"href":"https:\/\/roveyayinevi.com.tr\/index.php\/wp-json\/wp\/v2\/product\/775225","targetHints":{"allow":["GET"]}}],"collection":[{"href":"https:\/\/roveyayinevi.com.tr\/index.php\/wp-json\/wp\/v2\/product"}],"about":[{"href":"https:\/\/roveyayinevi.com.tr\/index.php\/wp-json\/wp\/v2\/types\/product"}],"wp:attachment":[{"href":"https:\/\/roveyayinevi.com.tr\/index.php\/wp-json\/wp\/v2\/media?parent=775225"}],"wp:term":[{"taxonomy":"product_brand","embeddable":true,"href":"https:\/\/roveyayinevi.com.tr\/index.php\/wp-json\/wp\/v2\/product_brand?post=775225"},{"taxonomy":"product_cat","embeddable":true,"href":"https:\/\/roveyayinevi.com.tr\/index.php\/wp-json\/wp\/v2\/product_cat?post=775225"},{"taxonomy":"product_tag","embeddable":true,"href":"https:\/\/roveyayinevi.com.tr\/index.php\/wp-json\/wp\/v2\/product_tag?post=775225"}],"curies":[{"name":"wp","href":"https:\/\/api.w.org\/{rel}","templated":true}]}}