{"id":775221,"date":"2025-09-09T18:36:34","date_gmt":"2025-09-09T15:36:34","guid":{"rendered":"https:\/\/roveyayinevi.com.tr\/index.php\/urun\/ayrilmak-yok\/"},"modified":"2026-04-15T03:41:42","modified_gmt":"2026-04-15T00:41:42","slug":"ayrilmak-yok","status":"publish","type":"product","link":"https:\/\/roveyayinevi.com.tr\/index.php\/urun\/ayrilmak-yok\/","title":{"rendered":"Ayr\u0131lmak Yok!"},"content":{"rendered":"<p>\u201cArt\u0131k ayr\u0131lmak yok!\u201d dedi \u0130hsan. Gen\u00e7 kad\u0131n ona hayretle bakt\u0131. \u201cNe zamana kadar?\u201d diye tekrarlad\u0131. \u201cEvvela siz s\u00fck\u00fbnet buluncaya, kendinizi \u00f6ld\u00fcrmek fikrinden vazge\u00e7inceye kadar.\u201d Sonra daha yava\u015f bir sesle ilave etti. \u201cZaten ba\u015f\u0131mda olmad\u0131k belalar var. Sizin de \u00f6l\u00fcm\u00fcn\u00fcz\u00fcn bana y\u00fcklenmesi ihtimalini bertaraf edinceye kadar ayr\u0131lmak yok. Sizi bir ba\u015fkas\u0131na, sizi seven bir ba\u015fka insana teslim edecek durumda olsayd\u0131m, inan\u0131n bana, daha uzun vakit taciz etmez, evinizden ayr\u0131l\u0131r, kaderime giderdim.\u201d   Ankara\u2019dan \u0130stanbul\u2019a nakledilirken, bindirildi\u011fi trenin kaza yapmas\u0131n\u0131 f\u0131rsat bilip ka\u00e7an, \u00fczerine at\u0131lan cinayeti i\u015fleyen ger\u00e7ek su\u00e7luyu bulup aklanmak isteyen bir mahkum&#8230; P\u0131r\u0131lt\u0131l\u0131 bir hayata kavu\u015fmak i\u00e7in terk etti\u011fi k\u00fc\u00e7\u00fck k\u0131z\u0131n\u0131n \u00f6l\u00fcm haberini al\u0131p intihar etmeye karar veren \u00fcnl\u00fc bir caz \u015fark\u0131c\u0131s\u0131&#8230; Kader, bu iki bamba\u015fka insan\u0131 bir araya getirmi\u015f, onlar\u0131 \u00e7etin bir maceran\u0131n ortas\u0131nda b\u0131rakm\u0131\u015ft\u0131r. Suat Dervi\u015f\u2019in, 1966 y\u0131l\u0131 sonunda, Terc\u00fcman gazetesinde, Filiz Hatayl\u0131 takma ad\u0131yla tefrika edilen bu roman\u0131, Fosforlu Cevriye ve \u0130ki Kad\u0131n \u0130ki A\u015fk gibi ustal\u0131k eserleriyle ayn\u0131 soydan geliyor. Suat Dervi\u015f benzer temalar etraf\u0131nda dola\u015fsa da her seferinde oldu\u011fu gibi, bu romanda da bizi \u015fa\u015f\u0131rtmay\u0131, kendisine hayran b\u0131rakmay\u0131 ba\u015far\u0131yor. Serdar Soydan, \u201cFiliz Hatayl\u0131\u201d ba\u015fl\u0131kl\u0131 yaz\u0131s\u0131nda, bu takma ad\u0131n ke\u015ffedili\u015f s\u00fcrecini, Suat Dervi\u015f\u2019in bu m\u00fcstearla kaleme ald\u0131\u011f\u0131 romanlar\u0131 anlat\u0131yor. <\/p>\n","protected":false},"excerpt":{"rendered":"<p>\u201cArt\u0131k ayr\u0131lmak yok!\u201d dedi \u0130hsan. Gen\u00e7 kad\u0131n ona hayretle bakt\u0131. \u201cNe zamana kadar?\u201d diye tekrarlad\u0131. \u201cEvvela siz s\u00fck\u00fbnet buluncaya, kendinizi \u00f6ld\u00fcrmek fikrinden vazge\u00e7inceye kadar.\u201d Sonra daha<span class=\"excerpt-hellip\"> [\u2026]<\/span><\/p>\n","protected":false},"featured_media":0,"template":"","meta":{"_monsterinsights_skip_tracking":false,"_monsterinsights_sitenote_active":false,"_monsterinsights_sitenote_note":"","_monsterinsights_sitenote_category":0},"product_brand":[],"product_cat":[12291,12711],"product_tag":[],"class_list":{"0":"post-775221","1":"product","2":"type-product","3":"status-publish","5":"product_cat-edebiyat","6":"product_cat-roman-oyku","7":"pa_cilt-ciltsiz","8":"pa_tur-kitap","9":"pa_yayinevi-ithaki-yayinlari","10":"pa_yazar-suat-dervis","12":"first","13":"instock","14":"sale","15":"shipping-taxable","16":"purchasable","17":"product-type-simple"},"_links":{"self":[{"href":"https:\/\/roveyayinevi.com.tr\/index.php\/wp-json\/wp\/v2\/product\/775221","targetHints":{"allow":["GET"]}}],"collection":[{"href":"https:\/\/roveyayinevi.com.tr\/index.php\/wp-json\/wp\/v2\/product"}],"about":[{"href":"https:\/\/roveyayinevi.com.tr\/index.php\/wp-json\/wp\/v2\/types\/product"}],"wp:attachment":[{"href":"https:\/\/roveyayinevi.com.tr\/index.php\/wp-json\/wp\/v2\/media?parent=775221"}],"wp:term":[{"taxonomy":"product_brand","embeddable":true,"href":"https:\/\/roveyayinevi.com.tr\/index.php\/wp-json\/wp\/v2\/product_brand?post=775221"},{"taxonomy":"product_cat","embeddable":true,"href":"https:\/\/roveyayinevi.com.tr\/index.php\/wp-json\/wp\/v2\/product_cat?post=775221"},{"taxonomy":"product_tag","embeddable":true,"href":"https:\/\/roveyayinevi.com.tr\/index.php\/wp-json\/wp\/v2\/product_tag?post=775221"}],"curies":[{"name":"wp","href":"https:\/\/api.w.org\/{rel}","templated":true}]}}