{"id":775220,"date":"2025-09-09T18:36:31","date_gmt":"2025-09-09T15:36:31","guid":{"rendered":"https:\/\/roveyayinevi.com.tr\/index.php\/urun\/dracula-cizgi-roman-ciltli\/"},"modified":"2026-04-15T03:41:42","modified_gmt":"2026-04-15T00:41:42","slug":"dracula-cizgi-roman-ciltli","status":"publish","type":"product","link":"https:\/\/roveyayinevi.com.tr\/index.php\/urun\/dracula-cizgi-roman-ciltli\/","title":{"rendered":"Dracula \u2013 \u00c7izgi Roman (Ciltli)"},"content":{"rendered":"<p>1897 y\u0131l\u0131nda, Bram Stoker taraf\u0131ndan kaleme al\u0131nan bir roman\u0131n sayfalar\u0131nda okurlar, ya\u015fayanlar\u0131n kan\u0131yla beslenip onlar\u0131 da k\u00f6tu\u0308cu\u0308l yarat\u0131klara d\u00f6nu\u0308\u015ftu\u0308ren \u00f6lu\u0308msu\u0308z bir varl\u0131k olan Dracula karakteriyle tan\u0131\u015ft\u0131. Her ne kadar Stoker vampir mitini kendi bulmam\u0131\u015f olsa da, Kont Dracula\u2019ya modern bi\u00e7imini kazand\u0131rarak onu ku\u015faklar boyu yazarlara ilham veren ikonik ve simgesel bir figu\u0308re d\u00f6nu\u0308\u015ftu\u0308rdu\u0308. Roman ilk yay\u0131mland\u0131\u011f\u0131nda hemen bir ba\u015fyap\u0131t ya da \u00e7oksatan olmam\u0131\u015ft\u0131 ancak zamanla sinema uyarlamalar\u0131 sayesinde ku\u0308ltle\u015ferek du\u0308nya \u00e7ap\u0131nda bu\u0308yu\u0308k yank\u0131 uyand\u0131rd\u0131.   \u0130\u015fte bu \u00f6lu\u0308msu\u0308z klasik, \u00e7a\u011fda\u015f \u00e7izgi roman\u0131n en bu\u0308yu\u0308k ustalar\u0131ndan Georges Bess\u2019in ellerinde karanl\u0131k ve g\u00f6rkemli bir forma bu\u0308ru\u0308nu\u0308yor. Bess, gotik edebiyat\u0131n bu ikonik figu\u0308ru\u0308nu\u0308 yeniden yorumlarken, roman\u0131n \u00f6zu\u0308ne derin bir sadakatle yakla\u015farak hem hayranl\u0131k uyand\u0131ran hem de u\u0308rperten bir atmosfer yarat\u0131yor. Siyah beyaz\u0131n keskin kontrastlar\u0131nda hayat bulan \u00e7izimlerinde, vampirin g\u00f6lgesi sadece kurbanlar\u0131n\u0131n u\u0308zerine de\u011fil, sayfalar\u0131n aras\u0131na da s\u0131z\u0131yor.   Bu uyarlama, yaln\u0131zca bir klasik yeniden anlat\u0131m de\u011fil; Bess\u2019in sanat\u0131yla bu\u0308tu\u0308nle\u015fmi\u015f, ba\u015fl\u0131 ba\u015f\u0131na bir \u015faheser. <\/p>\n","protected":false},"excerpt":{"rendered":"<p>1897 y\u0131l\u0131nda, Bram Stoker taraf\u0131ndan kaleme al\u0131nan bir roman\u0131n sayfalar\u0131nda okurlar, ya\u015fayanlar\u0131n kan\u0131yla beslenip onlar\u0131 da k\u00f6tu\u0308cu\u0308l yarat\u0131klara d\u00f6nu\u0308\u015ftu\u0308ren \u00f6lu\u0308msu\u0308z bir varl\u0131k olan Dracula karakteriyle tan\u0131\u015ft\u0131.<span class=\"excerpt-hellip\"> [\u2026]<\/span><\/p>\n","protected":false},"featured_media":0,"template":"","meta":{"_monsterinsights_skip_tracking":false,"_monsterinsights_sitenote_active":false,"_monsterinsights_sitenote_note":"","_monsterinsights_sitenote_category":0},"product_brand":[],"product_cat":[12416,12291],"product_tag":[],"class_list":{"0":"post-775220","1":"product","2":"type-product","3":"status-publish","5":"product_cat-cizgi-roman","6":"product_cat-edebiyat","7":"pa_cilt-ciltli","8":"pa_tur-kitap","9":"pa_yayinevi-ithaki-yayinlari","10":"pa_yazar-bram-stoker-georges-bess","12":"first","13":"instock","14":"sale","15":"shipping-taxable","16":"purchasable","17":"product-type-simple"},"_links":{"self":[{"href":"https:\/\/roveyayinevi.com.tr\/index.php\/wp-json\/wp\/v2\/product\/775220","targetHints":{"allow":["GET"]}}],"collection":[{"href":"https:\/\/roveyayinevi.com.tr\/index.php\/wp-json\/wp\/v2\/product"}],"about":[{"href":"https:\/\/roveyayinevi.com.tr\/index.php\/wp-json\/wp\/v2\/types\/product"}],"wp:attachment":[{"href":"https:\/\/roveyayinevi.com.tr\/index.php\/wp-json\/wp\/v2\/media?parent=775220"}],"wp:term":[{"taxonomy":"product_brand","embeddable":true,"href":"https:\/\/roveyayinevi.com.tr\/index.php\/wp-json\/wp\/v2\/product_brand?post=775220"},{"taxonomy":"product_cat","embeddable":true,"href":"https:\/\/roveyayinevi.com.tr\/index.php\/wp-json\/wp\/v2\/product_cat?post=775220"},{"taxonomy":"product_tag","embeddable":true,"href":"https:\/\/roveyayinevi.com.tr\/index.php\/wp-json\/wp\/v2\/product_tag?post=775220"}],"curies":[{"name":"wp","href":"https:\/\/api.w.org\/{rel}","templated":true}]}}