{"id":775218,"date":"2025-09-09T18:36:26","date_gmt":"2025-09-09T15:36:26","guid":{"rendered":"https:\/\/roveyayinevi.com.tr\/index.php\/urun\/sakli-resimler\/"},"modified":"2026-04-07T03:35:03","modified_gmt":"2026-04-07T00:35:03","slug":"sakli-resimler","status":"publish","type":"product","link":"https:\/\/roveyayinevi.com.tr\/index.php\/urun\/sakli-resimler\/","title":{"rendered":"Sakl\u0131 Resimler"},"content":{"rendered":"<p>Mallory Quinn rehabilitasyondan yeni \u00e7\u0131km\u0131\u015f, eski ba\u011f\u0131ml\u0131l\u0131klar\u0131n\u0131n yerini istikrarl\u0131 bir du\u0308zenle doldurmaya \u00e7al\u0131\u015f\u0131yordu. Maxwell ailesinin be\u015f ya\u015f\u0131ndaki \u00e7ocuklar\u0131 Teddy\u2019ye bak\u0131c\u0131l\u0131k yapmaya ba\u015flamas\u0131yla arad\u0131\u011f\u0131 du\u0308zene kavu\u015fmu\u015f ve Teddy\u2019nin sessiz, \u00e7izimlerle dolu du\u0308nyas\u0131nda kendine bir yer bulmu\u015ftu.   Ba\u015fta masum olan \u00e7izimler \u2013a\u011fa\u00e7lar, tav\u015fanlar, balonlar\u2013 zamanla u\u0308rku\u0308tu\u0308cu\u0308 eskizlere d\u00f6nu\u0308\u015ftu\u0308: ormanda su\u0308ru\u0308klenen, topra\u011fa g\u00f6mu\u0308len, \u00e7\u0131\u011fl\u0131klar atan bir kad\u0131n\u0131n portrelerine. Giderek daha ger\u00e7ek\u00e7i ve daha karanl\u0131k h\u00e2l alan bu \u00e7izimler, bir \u00e7ocu\u011fun hayal gu\u0308cu\u0308nu\u0308n yans\u0131mas\u0131 m\u0131yd\u0131, yoksa y\u0131llar \u00f6nce tam da burada s\u0131rra kadem basan bir kad\u0131n\u0131n hik\u00e2yesi mi?   Tuhaf ve tehlikeli bir s\u0131rla kar\u015f\u0131 kar\u015f\u0131ya kalan Mallory, resimlerin ard\u0131ndaki ger\u00e7e\u011fi \u00e7\u00f6zmek ve Teddy\u2019yi korumak i\u00e7in harekete ge\u00e7mek zorundayd\u0131.   \u201cBu kitaba bay\u0131ld\u0131m!\u201d \u2014STEPHEN KING   \u201cSakl\u0131 Resimler sadece bir hayalet hik\u00e2yesi de\u011fil, kibrimizi kemi\u011fimize kadar de\u015fen bir ne\u015fter. Kusursuz bir yaz gerilimi.\u201d \u2014GRADY HENDRIX <\/p>\n","protected":false},"excerpt":{"rendered":"<p>Mallory Quinn rehabilitasyondan yeni \u00e7\u0131km\u0131\u015f, eski ba\u011f\u0131ml\u0131l\u0131klar\u0131n\u0131n yerini istikrarl\u0131 bir du\u0308zenle doldurmaya \u00e7al\u0131\u015f\u0131yordu. Maxwell ailesinin be\u015f ya\u015f\u0131ndaki \u00e7ocuklar\u0131 Teddy\u2019ye bak\u0131c\u0131l\u0131k yapmaya ba\u015flamas\u0131yla arad\u0131\u011f\u0131 du\u0308zene kavu\u015fmu\u015f ve<span class=\"excerpt-hellip\"> [\u2026]<\/span><\/p>\n","protected":false},"featured_media":0,"template":"","meta":{"_monsterinsights_skip_tracking":false,"_monsterinsights_sitenote_active":false,"_monsterinsights_sitenote_note":"","_monsterinsights_sitenote_category":0},"product_brand":[],"product_cat":[12291,17033],"product_tag":[],"class_list":{"0":"post-775218","1":"product","2":"type-product","3":"status-publish","5":"product_cat-edebiyat","6":"product_cat-korku-gerilim","7":"pa_cilt-ciltsiz","8":"pa_tur-kitap","9":"pa_yayinevi-ithaki-yayinlari","10":"pa_yazar-jason-rekulak","12":"first","13":"instock","14":"sale","15":"shipping-taxable","16":"purchasable","17":"product-type-simple"},"_links":{"self":[{"href":"https:\/\/roveyayinevi.com.tr\/index.php\/wp-json\/wp\/v2\/product\/775218","targetHints":{"allow":["GET"]}}],"collection":[{"href":"https:\/\/roveyayinevi.com.tr\/index.php\/wp-json\/wp\/v2\/product"}],"about":[{"href":"https:\/\/roveyayinevi.com.tr\/index.php\/wp-json\/wp\/v2\/types\/product"}],"wp:attachment":[{"href":"https:\/\/roveyayinevi.com.tr\/index.php\/wp-json\/wp\/v2\/media?parent=775218"}],"wp:term":[{"taxonomy":"product_brand","embeddable":true,"href":"https:\/\/roveyayinevi.com.tr\/index.php\/wp-json\/wp\/v2\/product_brand?post=775218"},{"taxonomy":"product_cat","embeddable":true,"href":"https:\/\/roveyayinevi.com.tr\/index.php\/wp-json\/wp\/v2\/product_cat?post=775218"},{"taxonomy":"product_tag","embeddable":true,"href":"https:\/\/roveyayinevi.com.tr\/index.php\/wp-json\/wp\/v2\/product_tag?post=775218"}],"curies":[{"name":"wp","href":"https:\/\/api.w.org\/{rel}","templated":true}]}}