{"id":775216,"date":"2025-09-09T18:36:18","date_gmt":"2025-09-09T15:36:18","guid":{"rendered":"https:\/\/roveyayinevi.com.tr\/index.php\/urun\/genel-kimya-laboratuvari-2\/"},"modified":"2026-04-15T03:41:41","modified_gmt":"2026-04-15T00:41:41","slug":"genel-kimya-laboratuvari-2","status":"publish","type":"product","link":"https:\/\/roveyayinevi.com.tr\/index.php\/urun\/genel-kimya-laboratuvari-2\/","title":{"rendered":"Genel Kimya Laboratuvar\u0131"},"content":{"rendered":"<p>\u0130\u00e7indekiler :     B\u00d6L\u00dcM 1 GENEL B\u0130LG\u0130LER VE KURALLAR   B\u00d6L\u00dcM 2 LABORATUVAR TEKN\u0130KLER\u0130NE G\u0130R\u0130\u015e   B\u00d6L\u00dcM 3 GENEL K\u0130MYA DENEYLER\u0130 <\/p>\n","protected":false},"excerpt":{"rendered":"<p>\u0130\u00e7indekiler : B\u00d6L\u00dcM 1 GENEL B\u0130LG\u0130LER VE KURALLAR B\u00d6L\u00dcM 2 LABORATUVAR TEKN\u0130KLER\u0130NE G\u0130R\u0130\u015e B\u00d6L\u00dcM 3 GENEL K\u0130MYA DENEYLER\u0130<\/p>\n","protected":false},"featured_media":0,"template":"","meta":{"_monsterinsights_skip_tracking":false,"_monsterinsights_sitenote_active":false,"_monsterinsights_sitenote_note":"","_monsterinsights_sitenote_category":0},"product_brand":[],"product_cat":[12573,12566],"product_tag":[],"class_list":{"0":"post-775216","1":"product","2":"type-product","3":"status-publish","5":"product_cat-akademik-kitaplar","6":"product_cat-egitim","7":"pa_cilt-ciltsiz","8":"pa_tur-kitap","9":"pa_yayinevi-gazi-kitabevi","10":"pa_yazar-sinan-mithat-muhammet-eliza-deniz-sahin","12":"first","13":"instock","14":"sale","15":"shipping-taxable","16":"purchasable","17":"product-type-simple"},"_links":{"self":[{"href":"https:\/\/roveyayinevi.com.tr\/index.php\/wp-json\/wp\/v2\/product\/775216","targetHints":{"allow":["GET"]}}],"collection":[{"href":"https:\/\/roveyayinevi.com.tr\/index.php\/wp-json\/wp\/v2\/product"}],"about":[{"href":"https:\/\/roveyayinevi.com.tr\/index.php\/wp-json\/wp\/v2\/types\/product"}],"wp:attachment":[{"href":"https:\/\/roveyayinevi.com.tr\/index.php\/wp-json\/wp\/v2\/media?parent=775216"}],"wp:term":[{"taxonomy":"product_brand","embeddable":true,"href":"https:\/\/roveyayinevi.com.tr\/index.php\/wp-json\/wp\/v2\/product_brand?post=775216"},{"taxonomy":"product_cat","embeddable":true,"href":"https:\/\/roveyayinevi.com.tr\/index.php\/wp-json\/wp\/v2\/product_cat?post=775216"},{"taxonomy":"product_tag","embeddable":true,"href":"https:\/\/roveyayinevi.com.tr\/index.php\/wp-json\/wp\/v2\/product_tag?post=775216"}],"curies":[{"name":"wp","href":"https:\/\/api.w.org\/{rel}","templated":true}]}}