{"id":775215,"date":"2025-09-09T18:36:14","date_gmt":"2025-09-09T15:36:14","guid":{"rendered":"https:\/\/roveyayinevi.com.tr\/index.php\/urun\/karartmalar\/"},"modified":"2026-04-15T03:41:41","modified_gmt":"2026-04-15T00:41:41","slug":"karartmalar","status":"publish","type":"product","link":"https:\/\/roveyayinevi.com.tr\/index.php\/urun\/karartmalar\/","title":{"rendered":"Karartmalar"},"content":{"rendered":"<p>Kim konu\u015fuyor? Hik\u00e2yeyi kim, ne pahas\u0131na anlat\u0131yor? Biz hik\u00e2yeyi \u015fimdiye dek kimlerden dinledik? Justin Torres, bu benzersiz kitab\u0131nda, hik\u00e2ye anlat\u0131c\u0131l\u0131\u011f\u0131n\u0131n tehlikelerini, bu tehlikeyi meydana getiren kaygan zemini ortaya sererek g\u00f6sterir: Tarih ve kurgu kitapta i\u00e7 i\u00e7e ge\u00e7er; Jan Gay, Zhenya Gay, Ben Reitman ve Emma Goldman gibi ger\u00e7ek hayattan karakterler, Torres\u2019in kurgusal karakterleriyle ayn\u0131 zeminde bulu\u015fur. San Diego konu\u015fma \u00f6zg\u00fcrl\u00fc\u011f\u00fc \u00e7at\u0131\u015fmas\u0131, Stonewall bar\u0131nda ba\u015flayan kuir ayaklanmas\u0131 gibi \u00f6nemli tarihsel olaylar; kitap boyunca yatak sohbetlerini dinledi\u011fimiz iki dostun hik\u00e2yeleriyle kesi\u015fir. 20. y\u00fczy\u0131lda e\u015fcinselli\u011fin tarihi, iki karakterin kendi ki\u015fisel hik\u00e2yeleriyle, kendileri ve d\u00fcnyayla kurduklar\u0131 ili\u015fkilerle \u00f6r\u00fcl\u00fc \u00e7ok boyutlu bir anlat\u0131 olarak yeniden kurulur. Karartmalar (kurgu), ismini, Cinsel Varyantlar: E\u015fcinsel Kal\u0131plar \u00dczerine Bir \u0130nceleme (ger\u00e7ek) adl\u0131 psikolojik eserin sayfalar\u0131n\u0131n siyah kalemle karalanmas\u0131ndan al\u0131r. E\u015fcinselli\u011fi bir sapk\u0131nl\u0131k olarak tan\u0131mlayan bu ahlaki\/psikolojik \u00e7al\u0131\u015fmaya kar\u015f\u0131 duran bozma i\u015flemi, bizi derin bir ger\u00e7ekle y\u00fcz y\u00fcze getirir: Saf, beyaz sayfa normal d\u00fczene hizmet eden bir yaland\u0131r. T\u00fcm sayfalar daha en ba\u015ftan karart\u0131lm\u0131\u015f, e\u015fcinsel deneklerin sesi daha en ba\u015ftan susturulmu\u015f ve hik\u00e2ye \u00e7oktan sans\u00fcrlenmi\u015ftir. Tam da bu y\u00fczden Karartmalar ya\u011fmalanm\u0131\u015f bir tarihin geri kazan\u0131lmas\u0131n\u0131 talep eder ve sorusu -en temelde- yap\u0131c\u0131d\u0131r: \u00c7oktan bozulmu\u015f bu ge\u00e7mi\u015fin bo\u015fluklar\u0131ndan ve silinmi\u015fliklerinden \u015fimdi ne yarataca\u011f\u0131z? <\/p>\n","protected":false},"excerpt":{"rendered":"<p>Kim konu\u015fuyor? Hik\u00e2yeyi kim, ne pahas\u0131na anlat\u0131yor? Biz hik\u00e2yeyi \u015fimdiye dek kimlerden dinledik? Justin Torres, bu benzersiz kitab\u0131nda, hik\u00e2ye anlat\u0131c\u0131l\u0131\u011f\u0131n\u0131n tehlikelerini, bu tehlikeyi meydana getiren kaygan<span class=\"excerpt-hellip\"> [\u2026]<\/span><\/p>\n","protected":false},"featured_media":0,"template":"","meta":{"_monsterinsights_skip_tracking":false,"_monsterinsights_sitenote_active":false,"_monsterinsights_sitenote_note":"","_monsterinsights_sitenote_category":0},"product_brand":[],"product_cat":[12291,12711],"product_tag":[],"class_list":{"0":"post-775215","1":"product","2":"type-product","3":"status-publish","5":"product_cat-edebiyat","6":"product_cat-roman-oyku","7":"pa_cilt-ciltsiz","8":"pa_tur-kitap","9":"pa_yayinevi-livera-yayinevi","10":"pa_yazar-justin-torres","12":"first","13":"instock","14":"sale","15":"shipping-taxable","16":"purchasable","17":"product-type-simple"},"_links":{"self":[{"href":"https:\/\/roveyayinevi.com.tr\/index.php\/wp-json\/wp\/v2\/product\/775215","targetHints":{"allow":["GET"]}}],"collection":[{"href":"https:\/\/roveyayinevi.com.tr\/index.php\/wp-json\/wp\/v2\/product"}],"about":[{"href":"https:\/\/roveyayinevi.com.tr\/index.php\/wp-json\/wp\/v2\/types\/product"}],"wp:attachment":[{"href":"https:\/\/roveyayinevi.com.tr\/index.php\/wp-json\/wp\/v2\/media?parent=775215"}],"wp:term":[{"taxonomy":"product_brand","embeddable":true,"href":"https:\/\/roveyayinevi.com.tr\/index.php\/wp-json\/wp\/v2\/product_brand?post=775215"},{"taxonomy":"product_cat","embeddable":true,"href":"https:\/\/roveyayinevi.com.tr\/index.php\/wp-json\/wp\/v2\/product_cat?post=775215"},{"taxonomy":"product_tag","embeddable":true,"href":"https:\/\/roveyayinevi.com.tr\/index.php\/wp-json\/wp\/v2\/product_tag?post=775215"}],"curies":[{"name":"wp","href":"https:\/\/api.w.org\/{rel}","templated":true}]}}