{"id":775213,"date":"2025-09-09T18:36:09","date_gmt":"2025-09-09T15:36:09","guid":{"rendered":"https:\/\/roveyayinevi.com.tr\/index.php\/urun\/buyukanneye-gonderilen-mektup\/"},"modified":"2026-04-11T14:44:35","modified_gmt":"2026-04-11T11:44:35","slug":"buyukanneye-gonderilen-mektup","status":"publish","type":"product","link":"https:\/\/roveyayinevi.com.tr\/index.php\/urun\/buyukanneye-gonderilen-mektup\/","title":{"rendered":"B\u00fcy\u00fckanneye G\u00f6nderilen Mektup"},"content":{"rendered":"<p>Sevdiklerimiz bazen, bizden uzakta olabilir. Bu, onlar\u0131 unutaca\u011f\u0131m\u0131z anlam\u0131na m\u0131 gelir? B\u00fcy\u00fckanne de bir g\u00fcn gider, Flora onu \u00e7ok \u00f6zler. Ama ondan dinledi\u011fi masallar\u0131 hi\u00e7 unutmaz. Ve birbirinden e\u015fsiz an\u0131lar\u0131&#8230; T\u0131pk\u0131 b\u00fcy\u00fckannenin de dedi\u011fi gibi: SEVG\u0130, HEP \u0130\u00c7\u0130M\u0130ZDE SAKLI&#8230; <\/p>\n","protected":false},"excerpt":{"rendered":"<p>Sevdiklerimiz bazen, bizden uzakta olabilir. Bu, onlar\u0131 unutaca\u011f\u0131m\u0131z anlam\u0131na m\u0131 gelir? B\u00fcy\u00fckanne de bir g\u00fcn gider, Flora onu \u00e7ok \u00f6zler. Ama ondan dinledi\u011fi masallar\u0131 hi\u00e7 unutmaz.<span class=\"excerpt-hellip\"> [\u2026]<\/span><\/p>\n","protected":false},"featured_media":0,"template":"","meta":{"_monsterinsights_skip_tracking":false,"_monsterinsights_sitenote_active":false,"_monsterinsights_sitenote_note":"","_monsterinsights_sitenote_category":0},"product_brand":[],"product_cat":[12274,12284],"product_tag":[],"class_list":{"0":"post-775213","1":"product","2":"type-product","3":"status-publish","5":"product_cat-cocuk-ve-genclik-kitaplari","6":"product_cat-hikayeler","7":"pa_cilt-ciltsiz","8":"pa_tur-kitap","9":"pa_yayinevi-luna-cocuk-yayinlari","10":"pa_yazar-hilal-atakan","12":"first","13":"instock","14":"sale","15":"shipping-taxable","16":"purchasable","17":"product-type-simple"},"_links":{"self":[{"href":"https:\/\/roveyayinevi.com.tr\/index.php\/wp-json\/wp\/v2\/product\/775213","targetHints":{"allow":["GET"]}}],"collection":[{"href":"https:\/\/roveyayinevi.com.tr\/index.php\/wp-json\/wp\/v2\/product"}],"about":[{"href":"https:\/\/roveyayinevi.com.tr\/index.php\/wp-json\/wp\/v2\/types\/product"}],"wp:attachment":[{"href":"https:\/\/roveyayinevi.com.tr\/index.php\/wp-json\/wp\/v2\/media?parent=775213"}],"wp:term":[{"taxonomy":"product_brand","embeddable":true,"href":"https:\/\/roveyayinevi.com.tr\/index.php\/wp-json\/wp\/v2\/product_brand?post=775213"},{"taxonomy":"product_cat","embeddable":true,"href":"https:\/\/roveyayinevi.com.tr\/index.php\/wp-json\/wp\/v2\/product_cat?post=775213"},{"taxonomy":"product_tag","embeddable":true,"href":"https:\/\/roveyayinevi.com.tr\/index.php\/wp-json\/wp\/v2\/product_tag?post=775213"}],"curies":[{"name":"wp","href":"https:\/\/api.w.org\/{rel}","templated":true}]}}