{"id":775211,"date":"2025-09-09T18:36:03","date_gmt":"2025-09-09T15:36:03","guid":{"rendered":"https:\/\/roveyayinevi.com.tr\/index.php\/urun\/ustun-yetenekli-ve-normal-gelisim-gosteren-ogrencilerin-beden-egitimi-ve-spor-dersine-yonelik-tutumlari\/"},"modified":"2026-04-06T03:40:44","modified_gmt":"2026-04-06T00:40:44","slug":"ustun-yetenekli-ve-normal-gelisim-gosteren-ogrencilerin-beden-egitimi-ve-spor-dersine-yonelik-tutumlari","status":"publish","type":"product","link":"https:\/\/roveyayinevi.com.tr\/index.php\/urun\/ustun-yetenekli-ve-normal-gelisim-gosteren-ogrencilerin-beden-egitimi-ve-spor-dersine-yonelik-tutumlari\/","title":{"rendered":"\u00dcst\u00fcn Yetenekli Ve Normal Geli\u015fim G\u00f6steren \u00d6\u011frencilerin Beden E\u011fitimi Ve Spor Dersine Y\u00f6nelik Tutumlar\u0131"},"content":{"rendered":"<p>\u0130\u00e7indekiler :     B\u00d6L\u00dcM I G\u0130R\u0130\u015e   B\u00d6L\u00dcM II KURAMSAL \u00c7ER\u00c7EVE VE \u0130LG\u0130L\u0130 ARA\u015eTIRMALAR   B\u00d6L\u00dcM III Y\u00d6NTEM   B\u00d6L\u00dcM IV BULGULAR VE YORUM <\/p>\n","protected":false},"excerpt":{"rendered":"<p>\u0130\u00e7indekiler : B\u00d6L\u00dcM I G\u0130R\u0130\u015e B\u00d6L\u00dcM II KURAMSAL \u00c7ER\u00c7EVE VE \u0130LG\u0130L\u0130 ARA\u015eTIRMALAR B\u00d6L\u00dcM III Y\u00d6NTEM B\u00d6L\u00dcM IV BULGULAR VE YORUM<\/p>\n","protected":false},"featured_media":0,"template":"","meta":{"_monsterinsights_skip_tracking":false,"_monsterinsights_sitenote_active":false,"_monsterinsights_sitenote_note":"","_monsterinsights_sitenote_category":0},"product_brand":[],"product_cat":[12567,12566],"product_tag":[],"class_list":{"0":"post-775211","1":"product","2":"type-product","3":"status-publish","5":"product_cat-diger-egitim","6":"product_cat-egitim","7":"pa_cilt-ciltsiz","8":"pa_tur-kitap","9":"pa_yayinevi-gazi-kitabevi","10":"pa_yazar-sevda-akbulut-inan-filiz-fatma-colakoglu","12":"first","13":"instock","14":"sale","15":"shipping-taxable","16":"purchasable","17":"product-type-simple"},"_links":{"self":[{"href":"https:\/\/roveyayinevi.com.tr\/index.php\/wp-json\/wp\/v2\/product\/775211","targetHints":{"allow":["GET"]}}],"collection":[{"href":"https:\/\/roveyayinevi.com.tr\/index.php\/wp-json\/wp\/v2\/product"}],"about":[{"href":"https:\/\/roveyayinevi.com.tr\/index.php\/wp-json\/wp\/v2\/types\/product"}],"wp:attachment":[{"href":"https:\/\/roveyayinevi.com.tr\/index.php\/wp-json\/wp\/v2\/media?parent=775211"}],"wp:term":[{"taxonomy":"product_brand","embeddable":true,"href":"https:\/\/roveyayinevi.com.tr\/index.php\/wp-json\/wp\/v2\/product_brand?post=775211"},{"taxonomy":"product_cat","embeddable":true,"href":"https:\/\/roveyayinevi.com.tr\/index.php\/wp-json\/wp\/v2\/product_cat?post=775211"},{"taxonomy":"product_tag","embeddable":true,"href":"https:\/\/roveyayinevi.com.tr\/index.php\/wp-json\/wp\/v2\/product_tag?post=775211"}],"curies":[{"name":"wp","href":"https:\/\/api.w.org\/{rel}","templated":true}]}}