{"id":775210,"date":"2025-09-09T18:35:58","date_gmt":"2025-09-09T15:35:58","guid":{"rendered":"https:\/\/roveyayinevi.com.tr\/index.php\/urun\/fitness-yapan-bireylerin-fiziksel-aktiviteye-katilim-motivasyonlari-ve-ergojenik-madde-kullanim-tutumlari-arasindaki-iliski\/"},"modified":"2026-04-15T03:41:40","modified_gmt":"2026-04-15T00:41:40","slug":"fitness-yapan-bireylerin-fiziksel-aktiviteye-katilim-motivasyonlari-ve-ergojenik-madde-kullanim-tutumlari-arasindaki-iliski","status":"publish","type":"product","link":"https:\/\/roveyayinevi.com.tr\/index.php\/urun\/fitness-yapan-bireylerin-fiziksel-aktiviteye-katilim-motivasyonlari-ve-ergojenik-madde-kullanim-tutumlari-arasindaki-iliski\/","title":{"rendered":"Fitness Yapan Bireylerin Fiziksel Aktiviteye Kat\u0131l\u0131m Motivasyonlar\u0131 ve Ergojenik Madde Kullan\u0131m Tutumlar\u0131 Aras\u0131ndaki \u0130li\u015fki"},"content":{"rendered":"<p>\u0130\u00e7indekiler :     B\u00d6L\u00dcM 1. G\u0130R\u0130\u015e   B\u00d6L\u00dcM 2. ARA\u015eTIRMA \u00c7ER\u00c7EVES\u0130NDE GENEL B\u0130LG\u0130LER   B\u00d6L\u00dcM 3. MATERYAL VE METOD   B\u00d6L\u00dcM 4. BULGULAR   B\u00d6L\u00dcM 5. TARTI\u015eMA, SONU\u00c7 VE \u00d6NER\u0130LER <\/p>\n","protected":false},"excerpt":{"rendered":"<p>\u0130\u00e7indekiler : B\u00d6L\u00dcM 1. G\u0130R\u0130\u015e B\u00d6L\u00dcM 2. ARA\u015eTIRMA \u00c7ER\u00c7EVES\u0130NDE GENEL B\u0130LG\u0130LER B\u00d6L\u00dcM 3. MATERYAL VE METOD B\u00d6L\u00dcM 4. BULGULAR B\u00d6L\u00dcM 5. TARTI\u015eMA, SONU\u00c7 VE \u00d6NER\u0130LER<\/p>\n","protected":false},"featured_media":0,"template":"","meta":{"_monsterinsights_skip_tracking":false,"_monsterinsights_sitenote_active":false,"_monsterinsights_sitenote_note":"","_monsterinsights_sitenote_category":0},"product_brand":[],"product_cat":[15563,15564],"product_tag":[],"class_list":{"0":"post-775210","1":"product","2":"type-product","3":"status-publish","5":"product_cat-hobi","6":"product_cat-spor","7":"pa_cilt-ciltsiz","8":"pa_tur-kitap","9":"pa_yayinevi-gazi-kitabevi","10":"pa_yazar-muhammed-zahid-orel","12":"first","13":"instock","14":"sale","15":"shipping-taxable","16":"purchasable","17":"product-type-simple"},"_links":{"self":[{"href":"https:\/\/roveyayinevi.com.tr\/index.php\/wp-json\/wp\/v2\/product\/775210","targetHints":{"allow":["GET"]}}],"collection":[{"href":"https:\/\/roveyayinevi.com.tr\/index.php\/wp-json\/wp\/v2\/product"}],"about":[{"href":"https:\/\/roveyayinevi.com.tr\/index.php\/wp-json\/wp\/v2\/types\/product"}],"wp:attachment":[{"href":"https:\/\/roveyayinevi.com.tr\/index.php\/wp-json\/wp\/v2\/media?parent=775210"}],"wp:term":[{"taxonomy":"product_brand","embeddable":true,"href":"https:\/\/roveyayinevi.com.tr\/index.php\/wp-json\/wp\/v2\/product_brand?post=775210"},{"taxonomy":"product_cat","embeddable":true,"href":"https:\/\/roveyayinevi.com.tr\/index.php\/wp-json\/wp\/v2\/product_cat?post=775210"},{"taxonomy":"product_tag","embeddable":true,"href":"https:\/\/roveyayinevi.com.tr\/index.php\/wp-json\/wp\/v2\/product_tag?post=775210"}],"curies":[{"name":"wp","href":"https:\/\/api.w.org\/{rel}","templated":true}]}}