{"id":775207,"date":"2025-09-09T18:35:30","date_gmt":"2025-09-09T15:35:30","guid":{"rendered":"https:\/\/roveyayinevi.com.tr\/index.php\/urun\/savas-icinde-savas\/"},"modified":"2026-04-15T03:41:38","modified_gmt":"2026-04-15T00:41:38","slug":"savas-icinde-savas","status":"publish","type":"product","link":"https:\/\/roveyayinevi.com.tr\/index.php\/urun\/savas-icinde-savas\/","title":{"rendered":"Sava\u015f \u0130\u00e7inde Sava\u015f"},"content":{"rendered":"<p>Sava\u015f sadece cephede ya\u015fanmaz; kimi zaman fikirlerde, tarihsel anlat\u0131larda ve uluslar\u0131n belle\u011finde yank\u0131lan\u0131r.   Bir asr\u0131 a\u015fk\u0131n s\u00fcredir T\u00fcrkiye\u2019yi uluslararas\u0131 alanda hedef haline getiren Ermeni Meselesi, bu kitapta tarihsel belgeler ve hukuki \u00e7er\u00e7eve \u0131\u015f\u0131\u011f\u0131nda yeniden de\u011ferlendiriliyor. Dr. Erol Yorulmazo\u011flu, ABD\u2019de kar\u015f\u0131la\u015ft\u0131\u011f\u0131 \u00f6nyarg\u0131larla ba\u015flayan entelekt\u00fcel yolculu\u011funda, Library of Congress ba\u015fta olmak \u00fczere Bat\u0131\u2019daki b\u00fcy\u00fck ar\u015fivlerde yapt\u0131\u011f\u0131 ara\u015ft\u0131rmalarla bu \u00e7al\u0131\u015fmas\u0131n\u0131 temellendirdi. \u0130ngiliz, Amerikan, Frans\u0131z, Osmanl\u0131 ve Ermeni kaynaklar\u0131na dayanan bu kapsaml\u0131 inceleme; meselenin k\u00f6klerini 19. y\u00fczy\u0131la kadar uzanarak irdelemekte, tehcir karar\u0131, uluslararas\u0131 yarg\u0131 s\u00fcre\u00e7leri ve diasporan\u0131n politikalar\u0131 gibi ba\u015fl\u0131klar\u0131 nesnel bir bak\u0131\u015fla ele almaktad\u0131r. Sava\u015f \u0130\u00e7inde Sava\u015f, hakikat aray\u0131\u015f\u0131n\u0131n, tarihsel sorumlulukla birle\u015fti\u011finde ne kadar g\u00fc\u00e7l\u00fc bir anlat\u0131ya d\u00f6n\u00fc\u015febilece\u011fini g\u00f6steriyor. Dr. Yorulmazo\u011flu, belgelerle konu\u015fan bir tarih yaz\u0131m\u0131yla, okuyucuyu meselenin karanl\u0131k ve \u00e7o\u011fu kez tek tarafl\u0131 anlat\u0131lm\u0131\u015f y\u00f6nlerini sorgulamaya davet ediyor.   Bu kitap, \u2018Ermeni Meselesi\u2019nin ger\u00e7ek do\u011fas\u0131n\u0131 madalyonun iki taraf\u0131na da bakarak ortaya koymaya \u00e7al\u0131\u015fmaktad\u0131r. Erol Yorulmazo\u011flu <\/p>\n","protected":false},"excerpt":{"rendered":"<p>Sava\u015f sadece cephede ya\u015fanmaz; kimi zaman fikirlerde, tarihsel anlat\u0131larda ve uluslar\u0131n belle\u011finde yank\u0131lan\u0131r. Bir asr\u0131 a\u015fk\u0131n s\u00fcredir T\u00fcrkiye\u2019yi uluslararas\u0131 alanda hedef haline getiren Ermeni Meselesi, bu<span class=\"excerpt-hellip\"> [\u2026]<\/span><\/p>\n","protected":false},"featured_media":0,"template":"","meta":{"_monsterinsights_skip_tracking":false,"_monsterinsights_sitenote_active":false,"_monsterinsights_sitenote_note":"","_monsterinsights_sitenote_category":0},"product_brand":[],"product_cat":[12304,13493],"product_tag":[],"class_list":{"0":"post-775207","1":"product","2":"type-product","3":"status-publish","5":"product_cat-tarih","6":"product_cat-turkiye-ve-cumhuriyet-tarihi","7":"pa_cilt-ciltsiz","8":"pa_tur-kitap","9":"pa_yayinevi-kirmizi-kedi-yayinevi","10":"pa_yazar-erol-yorulmazoglu","12":"first","13":"instock","14":"sale","15":"shipping-taxable","16":"purchasable","17":"product-type-simple"},"_links":{"self":[{"href":"https:\/\/roveyayinevi.com.tr\/index.php\/wp-json\/wp\/v2\/product\/775207","targetHints":{"allow":["GET"]}}],"collection":[{"href":"https:\/\/roveyayinevi.com.tr\/index.php\/wp-json\/wp\/v2\/product"}],"about":[{"href":"https:\/\/roveyayinevi.com.tr\/index.php\/wp-json\/wp\/v2\/types\/product"}],"wp:attachment":[{"href":"https:\/\/roveyayinevi.com.tr\/index.php\/wp-json\/wp\/v2\/media?parent=775207"}],"wp:term":[{"taxonomy":"product_brand","embeddable":true,"href":"https:\/\/roveyayinevi.com.tr\/index.php\/wp-json\/wp\/v2\/product_brand?post=775207"},{"taxonomy":"product_cat","embeddable":true,"href":"https:\/\/roveyayinevi.com.tr\/index.php\/wp-json\/wp\/v2\/product_cat?post=775207"},{"taxonomy":"product_tag","embeddable":true,"href":"https:\/\/roveyayinevi.com.tr\/index.php\/wp-json\/wp\/v2\/product_tag?post=775207"}],"curies":[{"name":"wp","href":"https:\/\/api.w.org\/{rel}","templated":true}]}}