{"id":775204,"date":"2025-09-09T18:34:53","date_gmt":"2025-09-09T15:34:53","guid":{"rendered":"https:\/\/roveyayinevi.com.tr\/index.php\/urun\/insanligin-bir-dunu\/"},"modified":"2026-04-15T03:41:36","modified_gmt":"2026-04-15T00:41:36","slug":"insanligin-bir-dunu","status":"publish","type":"product","link":"https:\/\/roveyayinevi.com.tr\/index.php\/urun\/insanligin-bir-dunu\/","title":{"rendered":"\u0130nsanl\u0131\u011f\u0131n Bir D\u00fcn\u00fc"},"content":{"rendered":"<p>\u0130nsanl\u0131\u011f\u0131n Bir D\u00fcn\u00fc, Fatih Baha Ayd\u0131n\u2019\u0131n \u00fc\u00e7\u00fcnc\u00fc roman\u0131. \u00d6nceki eserlerinde varl\u0131\u011f\u0131n sanc\u0131s\u0131n\u0131 \u00e7eken, var olmak kayg\u0131s\u0131yla kendi yok olu\u015funu haz\u0131rlayan insanlar\u0131n hikayesini anlatan Ayd\u0131n, bu kez do\u011frudan yoklu\u011fun izini s\u00fcr\u00fcyor. Bir k\u0131yamet sonras\u0131 anlat\u0131s\u0131 olan \u0130nsanl\u0131\u011f\u0131n Bir D\u00fcn\u00fc, uzak bir galaksiden gelen \u201cuzayl\u0131\u201d bir sosyal bilimcinin, harabeye d\u00f6nm\u00fc\u015f \u0130stanbul\u2019da yapt\u0131\u011f\u0131 kaz\u0131lar neticesinde olu\u015fturdu\u011fu insanl\u0131k anlat\u0131s\u0131n\u0131 merkeze al\u0131yor. \u201c\u0130nsan nas\u0131l ya\u015fad\u0131, nas\u0131l \u00f6ld\u00fc?\u201d sorular\u0131n\u0131n pe\u015finden giden \u201cuzayl\u0131\u201d, duvar saatlerine, d\u00fc\u011f\u00fcn saraylar\u0131na, mezar ta\u015flar\u0131na ve sokak yaz\u0131lar\u0131na bakarak insanl\u0131\u011f\u0131 anlamaya \u00e7al\u0131\u015f\u0131yor. Kara mizah\u0131n keskin b\u0131\u00e7a\u011f\u0131n\u0131 kullanmaktan geri durmayan \u0130nsanl\u0131\u011f\u0131n Bir D\u00fcn\u00fc bir a\u011f\u0131t m\u0131, bir alay m\u0131, yoksa k\u0131yamet sonras\u0131 d\u00fcnyaya gelip g\u00f6rd\u00fc\u011f\u00fc her \u015feyi yanl\u0131\u015f yorumlayan uzayl\u0131 bir sosyal bilimcinin hezeyanlar\u0131 m\u0131? Fatih Baha Ayd\u0131n, varolu\u015fun ve yok olu\u015fun s\u0131n\u0131r\u0131nda gezinen eserinde, edeb\u00ee t\u00fcr\u00fcn de s\u0131n\u0131rlar\u0131n\u0131 zorlayarak insan\u0131n olmad\u0131\u011f\u0131 bir d\u00fcnyada insan\u0131 anlat\u0131yor. Ve insanl\u0131k, kendisinden geriye kalm\u0131\u015f birka\u00e7 dizeyle yank\u0131yor: \u201cYine kamyonlar kavun ta\u015f\u0131r Fakat i\u00e7imde \u015fark\u0131 bitti.\u201d <\/p>\n","protected":false},"excerpt":{"rendered":"<p>\u0130nsanl\u0131\u011f\u0131n Bir D\u00fcn\u00fc, Fatih Baha Ayd\u0131n\u2019\u0131n \u00fc\u00e7\u00fcnc\u00fc roman\u0131. \u00d6nceki eserlerinde varl\u0131\u011f\u0131n sanc\u0131s\u0131n\u0131 \u00e7eken, var olmak kayg\u0131s\u0131yla kendi yok olu\u015funu haz\u0131rlayan insanlar\u0131n hikayesini anlatan Ayd\u0131n, bu kez<span class=\"excerpt-hellip\"> [\u2026]<\/span><\/p>\n","protected":false},"featured_media":0,"template":"","meta":{"_monsterinsights_skip_tracking":false,"_monsterinsights_sitenote_active":false,"_monsterinsights_sitenote_note":"","_monsterinsights_sitenote_category":0},"product_brand":[],"product_cat":[12291,12711],"product_tag":[],"class_list":{"0":"post-775204","1":"product","2":"type-product","3":"status-publish","5":"product_cat-edebiyat","6":"product_cat-roman-oyku","7":"pa_cilt-ciltsiz","8":"pa_tur-kitap","9":"pa_yayinevi-otuken-nesriyat","10":"pa_yazar-fatih-baha-aydin","12":"first","13":"instock","14":"sale","15":"shipping-taxable","16":"purchasable","17":"product-type-simple"},"_links":{"self":[{"href":"https:\/\/roveyayinevi.com.tr\/index.php\/wp-json\/wp\/v2\/product\/775204","targetHints":{"allow":["GET"]}}],"collection":[{"href":"https:\/\/roveyayinevi.com.tr\/index.php\/wp-json\/wp\/v2\/product"}],"about":[{"href":"https:\/\/roveyayinevi.com.tr\/index.php\/wp-json\/wp\/v2\/types\/product"}],"wp:attachment":[{"href":"https:\/\/roveyayinevi.com.tr\/index.php\/wp-json\/wp\/v2\/media?parent=775204"}],"wp:term":[{"taxonomy":"product_brand","embeddable":true,"href":"https:\/\/roveyayinevi.com.tr\/index.php\/wp-json\/wp\/v2\/product_brand?post=775204"},{"taxonomy":"product_cat","embeddable":true,"href":"https:\/\/roveyayinevi.com.tr\/index.php\/wp-json\/wp\/v2\/product_cat?post=775204"},{"taxonomy":"product_tag","embeddable":true,"href":"https:\/\/roveyayinevi.com.tr\/index.php\/wp-json\/wp\/v2\/product_tag?post=775204"}],"curies":[{"name":"wp","href":"https:\/\/api.w.org\/{rel}","templated":true}]}}