{"id":775203,"date":"2025-09-09T18:34:40","date_gmt":"2025-09-09T15:34:40","guid":{"rendered":"https:\/\/roveyayinevi.com.tr\/index.php\/urun\/sirlarin-sirri\/"},"modified":"2026-04-15T03:41:35","modified_gmt":"2026-04-15T00:41:35","slug":"sirlarin-sirri","status":"publish","type":"product","link":"https:\/\/roveyayinevi.com.tr\/index.php\/urun\/sirlarin-sirri\/","title":{"rendered":"S\u0131rlar\u0131n S\u0131rr\u0131"},"content":{"rendered":"<p>Gerilim romanlar\u0131n\u0131n tart\u0131\u015fmas\u0131z ismi Dan Brown uzun s\u00fcre sonra okurlar\u0131yla yeniden bulu\u015fuyor! Soluksuz okunacak bu ba\u015fyap\u0131tla t\u00fcm okurlar\u0131 sadece Dan Brown\u2019\u0131n kurgulayabilece\u011fi o gizemli d\u00fcnyaya davet ediyoruz! Sayg\u0131n Simgebilim Profes\u00f6r\u00fc Robert Langdon, yeni bir ili\u015fkiye ba\u015flad\u0131\u011f\u0131 noetik bilimci Katherine Solomon\u2019\u0131n verece\u011fi konferansa kat\u0131lmak i\u00e7in Prag\u2019a gider. Doktor Solomon insan bilincinin do\u011fas\u0131na dair \u015fa\u015f\u0131rt\u0131c\u0131 ke\u015fiflerin anlat\u0131ld\u0131\u011f\u0131, y\u00fczy\u0131llard\u0131r s\u00fcregelen inan\u00e7lar\u0131 alt\u00fcst edebilecek bir kitap yay\u0131mlamak \u00fczeredir. Ancak ac\u0131mas\u0131z bir cinayet hayatlar\u0131n\u0131 tam anlam\u0131yla kaosa s\u00fcr\u00fckler ve Katherine kitab\u0131yla birlikte aniden ortadan kaybolur. Prag\u2019\u0131n kadim mitlerinden f\u0131rlam\u0131\u015fa benzeyen az\u0131l\u0131 bir katilin pe\u015fine d\u00fc\u015fen Langdon ise kendisini aniden karanl\u0131k bir \u00f6rg\u00fct\u00fcn hedefinde bulur. Olaylar Londra ve New York\u2019a do\u011fru geni\u015flerken Langdon zamana kar\u015f\u0131 yar\u0131\u015fmak zorunda kal\u0131r. Zira profes\u00f6r\u00fcn pe\u015fine d\u00fc\u015ft\u00fc\u011f\u00fc \u015fey yaln\u0131zca bir kay\u0131p vakas\u0131 de\u011fil, insan zihni ve bilincine dair bildi\u011fimiz her \u015feyi sonsuza dek de\u011fi\u015ftirebilecek bir uyan\u0131\u015f ve gizli kap\u0131lar\u0131n ard\u0131nda bekleyen Ger\u00e7ek\u2019tir. Bilimin so\u011fuk ger\u00e7ekleriyle kadim \u00f6\u011fretilerin i\u00e7 i\u00e7e ge\u00e7ti\u011fi bu ak\u0131l almaz ser\u00fcvende tek bir soru her \u015feyi de\u011fi\u015ftirecektir: Ger\u00e7ek nedir ve nereye gizlenmi\u015ftir?<\/p>\n","protected":false},"excerpt":{"rendered":"<p>Gerilim romanlar\u0131n\u0131n tart\u0131\u015fmas\u0131z ismi Dan Brown uzun s\u00fcre sonra okurlar\u0131yla yeniden bulu\u015fuyor! Soluksuz okunacak bu ba\u015fyap\u0131tla t\u00fcm okurlar\u0131 sadece Dan Brown\u2019\u0131n kurgulayabilece\u011fi o gizemli d\u00fcnyaya davet<span class=\"excerpt-hellip\"> [\u2026]<\/span><\/p>\n","protected":false},"featured_media":0,"template":"","meta":{"_monsterinsights_skip_tracking":false,"_monsterinsights_sitenote_active":false,"_monsterinsights_sitenote_note":"","_monsterinsights_sitenote_category":0},"product_brand":[],"product_cat":[13835],"product_tag":[],"class_list":{"0":"post-775203","1":"product","2":"type-product","3":"status-publish","5":"product_cat-cok-satanlar","6":"pa_cilt-ciltsiz","7":"pa_tur-kitap","8":"pa_yayinevi-altin-kitaplar","9":"pa_yazar-dan-brown","11":"first","12":"instock","13":"sale","14":"shipping-taxable","15":"purchasable","16":"product-type-simple"},"_links":{"self":[{"href":"https:\/\/roveyayinevi.com.tr\/index.php\/wp-json\/wp\/v2\/product\/775203","targetHints":{"allow":["GET"]}}],"collection":[{"href":"https:\/\/roveyayinevi.com.tr\/index.php\/wp-json\/wp\/v2\/product"}],"about":[{"href":"https:\/\/roveyayinevi.com.tr\/index.php\/wp-json\/wp\/v2\/types\/product"}],"wp:attachment":[{"href":"https:\/\/roveyayinevi.com.tr\/index.php\/wp-json\/wp\/v2\/media?parent=775203"}],"wp:term":[{"taxonomy":"product_brand","embeddable":true,"href":"https:\/\/roveyayinevi.com.tr\/index.php\/wp-json\/wp\/v2\/product_brand?post=775203"},{"taxonomy":"product_cat","embeddable":true,"href":"https:\/\/roveyayinevi.com.tr\/index.php\/wp-json\/wp\/v2\/product_cat?post=775203"},{"taxonomy":"product_tag","embeddable":true,"href":"https:\/\/roveyayinevi.com.tr\/index.php\/wp-json\/wp\/v2\/product_tag?post=775203"}],"curies":[{"name":"wp","href":"https:\/\/api.w.org\/{rel}","templated":true}]}}