{"id":775202,"date":"2025-09-09T18:34:37","date_gmt":"2025-09-09T15:34:37","guid":{"rendered":"https:\/\/roveyayinevi.com.tr\/index.php\/urun\/islak-kadinlar\/"},"modified":"2026-01-30T04:12:57","modified_gmt":"2026-01-30T01:12:57","slug":"islak-kadinlar","status":"publish","type":"product","link":"https:\/\/roveyayinevi.com.tr\/index.php\/urun\/islak-kadinlar\/","title":{"rendered":"Islak Kad\u0131nlar"},"content":{"rendered":"<p>G\u00f6zlerinin i\u00e7i g\u00fclerdi hep Diler\u2019in. \u00d6yle g\u00fczel g\u00fclerdi ki insan bakt\u0131\u011f\u0131 zaman her \u015feyi unutur, o g\u00f6zlerin i\u00e7indeki denizde bulurdu kendini. Ne kadar sinirli olursa olsun, sakinle\u015fiverirdi birden o esrarl\u0131 g\u00f6zlere bakan. Bakar bakar da dalar giderdi bir ba\u015fka d\u00fcnyaya. Kendini bir ku\u015f gibi hissederdi bak\u0131nca insan o durgun, sakin g\u00f6zlere. Derdini, kederini, k\u0131zg\u0131nl\u0131\u011f\u0131n\u0131, sinirini unuturdu.             Y\u00fcre\u011finin ortas\u0131na bir iyilik mele\u011fi, bir demet mutluluk getirir de b\u0131rak\u0131verirdi sanki. \u00d6yle hissederdi insan kendini; bakt\u0131k\u00e7a durulur, heyecanlan\u0131r, sonra da b\u00fct\u00fcn kederlerini terk ederdi sessizce, y\u00fcre\u011finin i\u00e7inde d\u00fc\u011f\u00fcmlenip kalan. Bir de konu\u015funca Diler, o sevecen, cana yak\u0131n ve duru, insan\u0131 sakinle\u015ftiren yumu\u015fak sesiyle b\u00fcy\u00fcleyiverirdi kar\u015f\u0131s\u0131ndakini aniden. <\/p>\n","protected":false},"excerpt":{"rendered":"<p>G\u00f6zlerinin i\u00e7i g\u00fclerdi hep Diler\u2019in. \u00d6yle g\u00fczel g\u00fclerdi ki insan bakt\u0131\u011f\u0131 zaman her \u015feyi unutur, o g\u00f6zlerin i\u00e7indeki denizde bulurdu kendini. Ne kadar sinirli olursa olsun,<span class=\"excerpt-hellip\"> [\u2026]<\/span><\/p>\n","protected":false},"featured_media":0,"template":"","meta":{"_monsterinsights_skip_tracking":false,"_monsterinsights_sitenote_active":false,"_monsterinsights_sitenote_note":"","_monsterinsights_sitenote_category":0},"product_brand":[],"product_cat":[12291,12711],"product_tag":[],"class_list":{"0":"post-775202","1":"product","2":"type-product","3":"status-publish","5":"product_cat-edebiyat","6":"product_cat-roman-oyku","7":"pa_cilt-ciltsiz","8":"pa_tur-kitap","9":"pa_yayinevi-vova-yayinlari","10":"pa_yazar-husnu-sonmezer","12":"first","13":"instock","14":"sale","15":"shipping-taxable","16":"purchasable","17":"product-type-simple"},"_links":{"self":[{"href":"https:\/\/roveyayinevi.com.tr\/index.php\/wp-json\/wp\/v2\/product\/775202","targetHints":{"allow":["GET"]}}],"collection":[{"href":"https:\/\/roveyayinevi.com.tr\/index.php\/wp-json\/wp\/v2\/product"}],"about":[{"href":"https:\/\/roveyayinevi.com.tr\/index.php\/wp-json\/wp\/v2\/types\/product"}],"wp:attachment":[{"href":"https:\/\/roveyayinevi.com.tr\/index.php\/wp-json\/wp\/v2\/media?parent=775202"}],"wp:term":[{"taxonomy":"product_brand","embeddable":true,"href":"https:\/\/roveyayinevi.com.tr\/index.php\/wp-json\/wp\/v2\/product_brand?post=775202"},{"taxonomy":"product_cat","embeddable":true,"href":"https:\/\/roveyayinevi.com.tr\/index.php\/wp-json\/wp\/v2\/product_cat?post=775202"},{"taxonomy":"product_tag","embeddable":true,"href":"https:\/\/roveyayinevi.com.tr\/index.php\/wp-json\/wp\/v2\/product_tag?post=775202"}],"curies":[{"name":"wp","href":"https:\/\/api.w.org\/{rel}","templated":true}]}}