{"id":775198,"date":"2025-09-09T18:33:31","date_gmt":"2025-09-09T15:33:31","guid":{"rendered":"https:\/\/roveyayinevi.com.tr\/index.php\/urun\/filozofu-bastan-cikarmak\/"},"modified":"2026-04-15T03:40:00","modified_gmt":"2026-04-15T00:40:00","slug":"filozofu-bastan-cikarmak","status":"publish","type":"product","link":"https:\/\/roveyayinevi.com.tr\/index.php\/urun\/filozofu-bastan-cikarmak\/","title":{"rendered":"Filozofu Ba\u015ftan \u00c7\u0131karmak"},"content":{"rendered":"<p>Filozofu Ba\u015ftan \u00c7\u0131karmak, d\u00fc\u015f\u00fcn\u00fcr\u00fcn ya\u015fam\u0131 ve felsefesinin, birbirine uymad\u0131\u011f\u0131, talihsiz, g\u00fcl\u00fcn\u00e7 ve naho\u015f durumlar\u0131 ele al\u0131r. Tarihe ve siyasete aktif bir \u015fekilde kat\u0131l\u0131m g\u00f6stermek, filozofun nadiren ta\u015f\u0131d\u0131\u011f\u0131 bir e\u011filimdir; bunun yerine o, insan\u00ee zaaflar\u0131ndan \u00f6t\u00fcr\u00fc iktidar\u0131n vas\u0131tas\u0131 haline gelir. G\u00fc\u00e7 ve \u015f\u00f6hret zehirlenmesi ya\u015far, otorite olmak ve sesini herkese duyurmak ister. Tehlikeli fikirlerin pe\u015finden gider. Kitlelere oynar. O, kendisini m\u00fctemadiyen fikirler sahnesinin merkezinde hayal eder. Ebediyen savunulacak ve y\u00fcceltilecek sistemler olu\u015fturman\u0131n pe\u015findedir ve felsefi sistemler olu\u015fturman\u0131n kendine has bir cazibesi vard\u0131r. Nihai bir \u00e7\u00f6z\u00fcme ula\u015fma arzusu, filozofu ba\u015ftan \u00e7\u0131kar\u0131r; fakat bu, tehlikeli bir aray\u0131\u015f\u0131n yoludur. Filozof, bu huzursuz aray\u0131\u015f\u0131nda, kendisi taraf\u0131ndan olu\u015fturulan sistemlerin esiri, kurban\u0131 h\u00e2line gelir. Bu kitab\u0131n denemelerinin tematik geni\u015fli\u011fi Heidegger\u2019den Wittgenstein\u2019a, varl\u0131k felsefesinden dil felsefesine kadar uzanan bir yelpazeye tekab\u00fcl eder ve tespitlerin niteli\u011fi, izahlar\u0131n derinli\u011fi, \u00e7\u0131kar\u0131mlar\u0131n nesnelli\u011fi Blumenberg d\u00fc\u015f\u00fcncesinin geni\u015f ufkunu ispat ve ibraz eder.<\/p>\n","protected":false},"excerpt":{"rendered":"<p>Filozofu Ba\u015ftan \u00c7\u0131karmak, d\u00fc\u015f\u00fcn\u00fcr\u00fcn ya\u015fam\u0131 ve felsefesinin, birbirine uymad\u0131\u011f\u0131, talihsiz, g\u00fcl\u00fcn\u00e7 ve naho\u015f durumlar\u0131 ele al\u0131r. Tarihe ve siyasete aktif bir \u015fekilde kat\u0131l\u0131m g\u00f6stermek, filozofun nadiren<span class=\"excerpt-hellip\"> [\u2026]<\/span><\/p>\n","protected":false},"featured_media":0,"template":"","meta":{"_monsterinsights_skip_tracking":false,"_monsterinsights_sitenote_active":false,"_monsterinsights_sitenote_note":"","_monsterinsights_sitenote_category":0},"product_brand":[],"product_cat":[20351,12388],"product_tag":[],"class_list":{"0":"post-775198","1":"product","2":"type-product","3":"status-publish","5":"product_cat-dusunce","6":"product_cat-felsefe","7":"pa_cilt-ciltsiz","8":"pa_tur-kitap","9":"pa_yayinevi-ketebe-yayinlari","10":"pa_yazar-hans-blumenberg","12":"first","13":"instock","14":"sale","15":"shipping-taxable","16":"purchasable","17":"product-type-simple"},"_links":{"self":[{"href":"https:\/\/roveyayinevi.com.tr\/index.php\/wp-json\/wp\/v2\/product\/775198","targetHints":{"allow":["GET"]}}],"collection":[{"href":"https:\/\/roveyayinevi.com.tr\/index.php\/wp-json\/wp\/v2\/product"}],"about":[{"href":"https:\/\/roveyayinevi.com.tr\/index.php\/wp-json\/wp\/v2\/types\/product"}],"wp:attachment":[{"href":"https:\/\/roveyayinevi.com.tr\/index.php\/wp-json\/wp\/v2\/media?parent=775198"}],"wp:term":[{"taxonomy":"product_brand","embeddable":true,"href":"https:\/\/roveyayinevi.com.tr\/index.php\/wp-json\/wp\/v2\/product_brand?post=775198"},{"taxonomy":"product_cat","embeddable":true,"href":"https:\/\/roveyayinevi.com.tr\/index.php\/wp-json\/wp\/v2\/product_cat?post=775198"},{"taxonomy":"product_tag","embeddable":true,"href":"https:\/\/roveyayinevi.com.tr\/index.php\/wp-json\/wp\/v2\/product_tag?post=775198"}],"curies":[{"name":"wp","href":"https:\/\/api.w.org\/{rel}","templated":true}]}}