{"id":775196,"date":"2025-09-09T18:32:43","date_gmt":"2025-09-09T15:32:43","guid":{"rendered":"https:\/\/roveyayinevi.com.tr\/index.php\/urun\/eczanedeki-kirmizi-dolap\/"},"modified":"2026-04-15T03:39:58","modified_gmt":"2026-04-15T00:39:58","slug":"eczanedeki-kirmizi-dolap","status":"publish","type":"product","link":"https:\/\/roveyayinevi.com.tr\/index.php\/urun\/eczanedeki-kirmizi-dolap\/","title":{"rendered":"Eczanedeki K\u0131rm\u0131z\u0131 Dolap"},"content":{"rendered":"<p>Eczac\u0131l\u0131k tarihinden \u00f6yk\u00fcler&#8230; Tarihteki \u00fcnl\u00fc Teb kentinin k\u00fct\u00fcphanesine, kap\u0131s\u0131n\u0131n \u00fcst\u00fcnde yer alan \u015fu yaz\u0131n\u0131n alt\u0131ndan ge\u00e7erek giriliyordu: \u201cRuhun \u0130lac\u0131\u201d&#8230; Elinizde tuttu\u011funuz bu kitab\u0131n sayfalar\u0131nda, ruhunuza ila\u00e7 olacak birbirinden g\u00fczel \u00f6yk\u00fcler bekliyor sizleri. Sinem Us yaln\u0131zca edebiyattan de\u011fil, sanat\u0131n t\u00fcm dallar\u0131ndan \u00f6yk\u00fcler kat\u0131yor, havan\u0131nda haz\u0131rlay\u0131p bizlere sundu\u011fu ilac\u0131na: Haydn\u2019\u0131n \u201cEczac\u0131\u201d operas\u0131ndaki T\u00fcrklerden, Salvador Dal\u00ed\u2019nin resmini yapt\u0131\u011f\u0131 eczac\u0131 arkada\u015f\u0131na, iki bin y\u0131l \u00f6nce Anadolu\u2019nun bitkilerinde \u015fifa arayan Dioscorides\u2019ten Ya\u015far Kemal\u2019in eserlerindeki akrabal\u0131\u011fa uzanan, bilgi d\u00fcnyam\u0131za g\u00fc\u00e7 katan, d\u00fc\u015f\u00fcnce d\u00fcnyam\u0131z\u0131n demir eksikli\u011fini gideren bir kitap&#8230; Bir \u00f6yk\u00fcde Haldun Taner \u00e7\u0131kacak kar\u015f\u0131n\u0131za, Fazilet Eczanesi\u2019nde elinde tuttu\u011fu re\u00e7eteyle&#8230; Bir ba\u015fka \u00f6yk\u00fcde bir ila\u00e7 tan\u0131t\u0131m bro\u015f\u00fcr\u00fcnde yer alan s\u00f6zleriyle Muhsin Ertu\u011frul&#8230; Red Kit\u2019in bir ser\u00fcveninde ila\u00e7 yapan sahte doktor, Hacivat ve Karag\u00f6z\u2019\u00fcn konusu bir eczanede ge\u00e7en oyununa g\u00f6z k\u0131rpacak. \u00dcstelik birbirinden g\u00fczel onca \u00f6yk\u00fcye, i\u015fgal \u0130stanbul\u2019unda Mustafa Kemal Atat\u00fcrk\u2019e hayat\u0131 pahas\u0131na destek veren, hi\u00e7 bilinmeyen bir eczac\u0131n\u0131n eczanesindeki k\u0131rm\u0131z\u0131 dolaptan i\u00e7eri girerek ula\u015facaks\u0131n\u0131z. \u2212Sunay Ak\u0131n<\/p>\n","protected":false},"excerpt":{"rendered":"<p>Eczac\u0131l\u0131k tarihinden \u00f6yk\u00fcler&#8230; Tarihteki \u00fcnl\u00fc Teb kentinin k\u00fct\u00fcphanesine, kap\u0131s\u0131n\u0131n \u00fcst\u00fcnde yer alan \u015fu yaz\u0131n\u0131n alt\u0131ndan ge\u00e7erek giriliyordu: \u201cRuhun \u0130lac\u0131\u201d&#8230; Elinizde tuttu\u011funuz bu kitab\u0131n sayfalar\u0131nda, ruhunuza ila\u00e7<span class=\"excerpt-hellip\"> [\u2026]<\/span><\/p>\n","protected":false},"featured_media":0,"template":"","meta":{"_monsterinsights_skip_tracking":false,"_monsterinsights_sitenote_active":false,"_monsterinsights_sitenote_note":"","_monsterinsights_sitenote_category":0},"product_brand":[],"product_cat":[12370,12304],"product_tag":[],"class_list":{"0":"post-775196","1":"product","2":"type-product","3":"status-publish","5":"product_cat-arastirma-inceleme","6":"product_cat-tarih","7":"pa_cilt-ciltsiz","8":"pa_tur-kitap","9":"pa_yayinevi-remzi-kitabevi","10":"pa_yazar-sinem-us","12":"first","13":"instock","14":"sale","15":"shipping-taxable","16":"purchasable","17":"product-type-simple"},"_links":{"self":[{"href":"https:\/\/roveyayinevi.com.tr\/index.php\/wp-json\/wp\/v2\/product\/775196","targetHints":{"allow":["GET"]}}],"collection":[{"href":"https:\/\/roveyayinevi.com.tr\/index.php\/wp-json\/wp\/v2\/product"}],"about":[{"href":"https:\/\/roveyayinevi.com.tr\/index.php\/wp-json\/wp\/v2\/types\/product"}],"wp:attachment":[{"href":"https:\/\/roveyayinevi.com.tr\/index.php\/wp-json\/wp\/v2\/media?parent=775196"}],"wp:term":[{"taxonomy":"product_brand","embeddable":true,"href":"https:\/\/roveyayinevi.com.tr\/index.php\/wp-json\/wp\/v2\/product_brand?post=775196"},{"taxonomy":"product_cat","embeddable":true,"href":"https:\/\/roveyayinevi.com.tr\/index.php\/wp-json\/wp\/v2\/product_cat?post=775196"},{"taxonomy":"product_tag","embeddable":true,"href":"https:\/\/roveyayinevi.com.tr\/index.php\/wp-json\/wp\/v2\/product_tag?post=775196"}],"curies":[{"name":"wp","href":"https:\/\/api.w.org\/{rel}","templated":true}]}}