{"id":775195,"date":"2025-09-09T18:32:41","date_gmt":"2025-09-09T15:32:41","guid":{"rendered":"https:\/\/roveyayinevi.com.tr\/index.php\/urun\/asyada-finansal-guvenlik-mekanizmalari-ve-parasal-birlik-arayislari\/"},"modified":"2026-04-15T03:39:57","modified_gmt":"2026-04-15T00:39:57","slug":"asyada-finansal-guvenlik-mekanizmalari-ve-parasal-birlik-arayislari","status":"publish","type":"product","link":"https:\/\/roveyayinevi.com.tr\/index.php\/urun\/asyada-finansal-guvenlik-mekanizmalari-ve-parasal-birlik-arayislari\/","title":{"rendered":"Asya\u2019da Finansal G\u00fcvenlik Mekanizmalar\u0131 ve Parasal Birlik Aray\u0131\u015flar\u0131"},"content":{"rendered":"<p>B\u0130R\u0130NC\u0130 B\u00d6L\u00dcM ASYA KITASINDA EKONOM\u0130K \u0130\u015eB\u0130RL\u0130\u011e\u0130 VE ENTEGRASYON G\u0130R\u0130\u015e\u0130MLER\u0130   \u0130K\u0130NC\u0130 B\u00d6L\u00dcM K\u00dcRESEL VE B\u00d6LGESEL F\u0130NANSAL G\u00dcVENL\u0130K A\u011eLARI   \u00dc\u00c7\u00dcNC\u00dc B\u00d6L\u00dcM ASYA\u2019DA F\u0130NANSAL G\u00dcVENL\u0130K   D\u00d6RD\u00dcNC\u00dc B\u00d6L\u00dcM ASYA\u2019DA PARASAL B\u0130RL\u0130K ARAYI\u015eLARI   BE\u015e\u0130NC\u0130 B\u00d6L\u00dcM ASYA\u2019DA F\u0130NANSAL G\u00dcVENL\u0130K MEKAN\u0130ZMALARININ VE B\u00d6LGESEL EKONOM\u0130K ENTEGRASYONUN GELECE\u011e\u0130 <\/p>\n","protected":false},"excerpt":{"rendered":"<p>B\u0130R\u0130NC\u0130 B\u00d6L\u00dcM ASYA KITASINDA EKONOM\u0130K \u0130\u015eB\u0130RL\u0130\u011e\u0130 VE ENTEGRASYON G\u0130R\u0130\u015e\u0130MLER\u0130 \u0130K\u0130NC\u0130 B\u00d6L\u00dcM K\u00dcRESEL VE B\u00d6LGESEL F\u0130NANSAL G\u00dcVENL\u0130K A\u011eLARI \u00dc\u00c7\u00dcNC\u00dc B\u00d6L\u00dcM ASYA\u2019DA F\u0130NANSAL G\u00dcVENL\u0130K D\u00d6RD\u00dcNC\u00dc B\u00d6L\u00dcM ASYA\u2019DA PARASAL<span class=\"excerpt-hellip\"> [\u2026]<\/span><\/p>\n","protected":false},"featured_media":0,"template":"","meta":{"_monsterinsights_skip_tracking":false,"_monsterinsights_sitenote_active":false,"_monsterinsights_sitenote_note":"","_monsterinsights_sitenote_category":0},"product_brand":[],"product_cat":[14841,13043],"product_tag":[],"class_list":{"0":"post-775195","1":"product","2":"type-product","3":"status-publish","5":"product_cat-arastirma-inceleme-kuram","6":"product_cat-ekonomi","7":"pa_cilt-ciltsiz","8":"pa_tur-kitap","9":"pa_yayinevi-gazi-kitabevi","10":"pa_yazar-guven-delice","12":"first","13":"instock","14":"sale","15":"shipping-taxable","16":"purchasable","17":"product-type-simple"},"_links":{"self":[{"href":"https:\/\/roveyayinevi.com.tr\/index.php\/wp-json\/wp\/v2\/product\/775195","targetHints":{"allow":["GET"]}}],"collection":[{"href":"https:\/\/roveyayinevi.com.tr\/index.php\/wp-json\/wp\/v2\/product"}],"about":[{"href":"https:\/\/roveyayinevi.com.tr\/index.php\/wp-json\/wp\/v2\/types\/product"}],"wp:attachment":[{"href":"https:\/\/roveyayinevi.com.tr\/index.php\/wp-json\/wp\/v2\/media?parent=775195"}],"wp:term":[{"taxonomy":"product_brand","embeddable":true,"href":"https:\/\/roveyayinevi.com.tr\/index.php\/wp-json\/wp\/v2\/product_brand?post=775195"},{"taxonomy":"product_cat","embeddable":true,"href":"https:\/\/roveyayinevi.com.tr\/index.php\/wp-json\/wp\/v2\/product_cat?post=775195"},{"taxonomy":"product_tag","embeddable":true,"href":"https:\/\/roveyayinevi.com.tr\/index.php\/wp-json\/wp\/v2\/product_tag?post=775195"}],"curies":[{"name":"wp","href":"https:\/\/api.w.org\/{rel}","templated":true}]}}