{"id":775193,"date":"2025-09-09T18:31:16","date_gmt":"2025-09-09T15:31:16","guid":{"rendered":"https:\/\/roveyayinevi.com.tr\/index.php\/urun\/ilahi-kudret\/"},"modified":"2026-04-15T03:39:53","modified_gmt":"2026-04-15T00:39:53","slug":"ilahi-kudret","status":"publish","type":"product","link":"https:\/\/roveyayinevi.com.tr\/index.php\/urun\/ilahi-kudret\/","title":{"rendered":"\u0130lahi Kudret"},"content":{"rendered":"<p>\u201cParlak, s\u00fcr\u00fckleyici, ac\u0131mas\u0131zca d\u00fcr\u00fcst.\u201d \u2013Margaret Atwood Tarihte oldu\u011fu gibi mitolojide de merkezdeki fig\u00fcrler, \u00e7o\u011fu kez erkekler. Olympos\u2019un zirvesinden Troya\u2019n\u0131n kap\u0131lar\u0131na dek anlat\u0131lan destanlarda karar veren, sava\u015fan, fetheden hep onlar. Kad\u0131nlar ise ya k\u0131skan\u00e7 ve intikamc\u0131 tanr\u0131\u00e7alar rol\u00fcnde ya da bir erke\u011fin kaderini de\u011fi\u015ftiren g\u00fczellik sembolleri. Hal b\u00f6yle olunca, Athena\u2019n\u0131n zek\u00e2s\u0131 yaln\u0131zca babas\u0131n\u0131n kafas\u0131ndan \u00e7\u0131kmas\u0131yla an\u0131l\u0131r, Demeter\u2019in yas\u0131na mevsimler bahane edilir, Persephone\u2019nin zorla yeralt\u0131na g\u00f6t\u00fcr\u00fclmesi ise romantik bir evlili\u011fe d\u00f6n\u00fc\u015ft\u00fcr\u00fcl\u00fcr. Peki ya mesela bu kadar basit de\u011filse? Yazar ve ara\u015ft\u0131rmac\u0131 Natalie Haynes, \u0130lahi Kudret\u2019te mitolojinin g\u00f6lgede b\u0131rak\u0131lm\u0131\u015f tanr\u0131\u00e7alar\u0131n\u0131 merkeze al\u0131p, insanl\u0131k tarihinde \u2013ve pop\u00fcler k\u00fclt\u00fcrdeki g\u00fc\u00e7, beden, arzu ve adalet anlat\u0131lar\u0131nda\u2013 nas\u0131l bir rol oynad\u0131klar\u0131n\u0131 sorgulayarak mitlere yeni bir y\u00f6n veriyor. Aphrodite\u2019den Hera\u2019ya, Artemis\u2019ten Hestia\u2019ya dek bir\u00e7ok g\u00fc\u00e7l\u00fc tanr\u0131\u00e7ay\u0131 yeniden ele alan Haynes, onlar\u0131n \u00f6fkesini, iradesini, zaaflar\u0131n\u0131 ve hakikatlerini \u00f6zg\u00fcn, ak\u0131c\u0131 ve kimi zaman da mizahi bir dille g\u00f6zler \u00f6n\u00fcne seriyor, bildi\u011fimizi sand\u0131\u011f\u0131m\u0131z efsaneleri ba\u015ftan sona yeniden d\u00fc\u015f\u00fcnmeye davet ediyor.   \u201cHaynes\u2019in rahat ve mizahi \u00fcslubu, hem Yunan mitolojisine h\u00e2kim okurlar\u0131 sayfalar boyunca s\u00fcr\u00fcklemeyi ba\u015far\u0131yor hem de bu kadim \u00f6yk\u00fcleri yeni ku\u015faklar i\u00e7in ula\u015f\u0131labilir k\u0131l\u0131yor.\u201d \u2013Publishers Weekly   \u201cNatalie Haynes zarif bir anlat\u0131c\u0131 oldu\u011fu kadar son derece donan\u0131ml\u0131 bir rehber de. Engin bilgisini okura asla y\u00fck gibi hissettirmiyor; aksine, klasikleri b\u00fcy\u00fck bir ustal\u0131kla g\u00fcn\u00fcm\u00fcze ta\u015f\u0131yor.\u201d \u2013Kate Atkinson <\/p>\n","protected":false},"excerpt":{"rendered":"<p>\u201cParlak, s\u00fcr\u00fckleyici, ac\u0131mas\u0131zca d\u00fcr\u00fcst.\u201d \u2013Margaret Atwood Tarihte oldu\u011fu gibi mitolojide de merkezdeki fig\u00fcrler, \u00e7o\u011fu kez erkekler. Olympos\u2019un zirvesinden Troya\u2019n\u0131n kap\u0131lar\u0131na dek anlat\u0131lan destanlarda karar veren, sava\u015fan,<span class=\"excerpt-hellip\"> [\u2026]<\/span><\/p>\n","protected":false},"featured_media":0,"template":"","meta":{"_monsterinsights_skip_tracking":false,"_monsterinsights_sitenote_active":false,"_monsterinsights_sitenote_note":"","_monsterinsights_sitenote_category":0},"product_brand":[],"product_cat":[12718,12858],"product_tag":[],"class_list":{"0":"post-775193","1":"product","2":"type-product","3":"status-publish","5":"product_cat-din","6":"product_cat-mitolojiler","7":"pa_cilt-ciltsiz","8":"pa_tur-kitap","9":"pa_yayinevi-domingo-yayinevi","10":"pa_yazar-natalie-haynes","12":"first","13":"instock","14":"sale","15":"shipping-taxable","16":"purchasable","17":"product-type-simple"},"_links":{"self":[{"href":"https:\/\/roveyayinevi.com.tr\/index.php\/wp-json\/wp\/v2\/product\/775193","targetHints":{"allow":["GET"]}}],"collection":[{"href":"https:\/\/roveyayinevi.com.tr\/index.php\/wp-json\/wp\/v2\/product"}],"about":[{"href":"https:\/\/roveyayinevi.com.tr\/index.php\/wp-json\/wp\/v2\/types\/product"}],"wp:attachment":[{"href":"https:\/\/roveyayinevi.com.tr\/index.php\/wp-json\/wp\/v2\/media?parent=775193"}],"wp:term":[{"taxonomy":"product_brand","embeddable":true,"href":"https:\/\/roveyayinevi.com.tr\/index.php\/wp-json\/wp\/v2\/product_brand?post=775193"},{"taxonomy":"product_cat","embeddable":true,"href":"https:\/\/roveyayinevi.com.tr\/index.php\/wp-json\/wp\/v2\/product_cat?post=775193"},{"taxonomy":"product_tag","embeddable":true,"href":"https:\/\/roveyayinevi.com.tr\/index.php\/wp-json\/wp\/v2\/product_tag?post=775193"}],"curies":[{"name":"wp","href":"https:\/\/api.w.org\/{rel}","templated":true}]}}