{"id":775192,"date":"2025-09-09T18:30:13","date_gmt":"2025-09-09T15:30:13","guid":{"rendered":"https:\/\/roveyayinevi.com.tr\/index.php\/urun\/kulturel-zeynalar-ve-ninalar\/"},"modified":"2026-04-15T03:39:50","modified_gmt":"2026-04-15T00:39:50","slug":"kulturel-zeynalar-ve-ninalar","status":"publish","type":"product","link":"https:\/\/roveyayinevi.com.tr\/index.php\/urun\/kulturel-zeynalar-ve-ninalar\/","title":{"rendered":"K\u00fclt\u00fcrel Zeynalar ve Ninalar"},"content":{"rendered":"<p>\u201cMakyajla nas\u0131l \u00e7al\u0131\u015f\u0131yorsun?\u201d, \u201cSa\u00e7\u0131n a\u00e7\u0131k nas\u0131l \u00e7al\u0131\u015f\u0131yorsun?\u201d vs. Ojeler istenmiyorlar, konsantrasyonlar\u0131 bozuluyor. Taytl\u0131 kad\u0131n g\u00f6rmek istemiyorlar sette. Bunun konu\u015fuldu\u011funa \u00e7ok \u015fahit oldum. Taytl\u0131 kad\u0131n konsantrasyon bozuyormu\u015f. Patlama sahnelerinde ba\u015fparma\u011f\u0131m k\u0131r\u0131ld\u0131, t\u0131rna\u011f\u0131m koptu. 1,5 sene \u00f6nce falan liflerim, tendonlar\u0131m koptu sette ko\u015farken. \u00c7ok fazla b\u00f6yle \u015feyler ya\u015fad\u0131m ama hi\u00e7 b\u0131rakmad\u0131m. \u00c7\u00fcnk\u00fc ben insanlara bir kad\u0131n\u0131n ne kadar g\u00fc\u00e7l\u00fc olabilece\u011fini; azmetti\u011fi zaman, istedi\u011fi zaman her \u015feyi yapabilece\u011fini g\u00f6stermek istedim. \u201cKad\u0131n oldu\u011fun i\u00e7in bunu sana veremeyiz.\u201d gibi bir \u015feyle yakla\u015fmad\u0131lar. Bilakis \u201cAy bu bir kad\u0131n filmi, bir kad\u0131nla \u00e7al\u0131\u015fal\u0131m istiyoruz.\u201d falan ama yine kad\u0131nl\u0131k \u00fczerinden. Yani hani \u201c\u0130yi bir kurgucu oldu\u011fun i\u00e7in seninle \u00e7al\u0131\u015fmak istiyoruz.\u201d de\u011fil. Kad\u0131n, yani kad\u0131n. Bu kitap, T\u00fcrkiye\u2019deki sinema ve dizi end\u00fcstrilerinde g\u00f6r\u00fcnt\u00fc y\u00f6netmenli\u011fi, kamera asistanl\u0131\u011f\u0131, kurguculuk, DIT\u2019lik, colorist\u2019lik, backstage kameramanl\u0131\u011f\u0131, \u0131\u015f\u0131k \u015fefli\u011fi ve set amirli\u011fi gibi teknik alanlarda \u00e7al\u0131\u015fan yarat\u0131c\u0131 kad\u0131n emek g\u00fcc\u00fcn\u00fcn, emek s\u00fcre\u00e7lerinde hem g\u00fcvencesizlik hem de toplumsal cinsiyet ayr\u0131mc\u0131l\u0131\u011f\u0131 bak\u0131m\u0131ndan nas\u0131l bir \u00e7ifte ezilmi\u015flik ya\u015fad\u0131\u011f\u0131n\u0131 ortaya koymakta ve kitapta bu \u00e7ifte ezilmi\u015fliklerin nas\u0131l birbirinin i\u00e7ine akarak bi\u00e7im de\u011fi\u015ftirdi\u011fi, katmanlanarak b\u00fcy\u00fcd\u00fc\u011f\u00fc, ilgili sekt\u00f6rlerde kad\u0131n emek g\u00fcc\u00fcne kar\u015f\u0131 uygulanan taciz benzeri a\u00e7\u0131k ayr\u0131mc\u0131l\u0131klar\u0131n yan\u0131 s\u0131ra, teknik pozisyonlarda kad\u0131n \u00e7al\u0131\u015ft\u0131rman\u0131n bir \u201cmoda\u201dya d\u00f6n\u00fc\u015ferek erkek emek g\u00fcc\u00fc i\u00e7in e\u015fitlik\u00e7i g\u00f6z\u00fckmenin bir yolu haline gelmesi ve ba\u011f\u0131ms\u0131z filmlerde kad\u0131n emek g\u00fcc\u00fcne kar\u015f\u0131 duygusal manip\u00fclasyon uygulanmas\u0131 benzeri yollarla makulle\u015ftirilen gizli ayr\u0131mc\u0131l\u0131klar derinlemesine ele al\u0131nmaktad\u0131r. Ayr\u0131ca kitapta kad\u0131nlar\u0131n bu eril sekt\u00f6r ko\u015fullar\u0131nda kariyerlerinde ilerlerken izledikleri, cinsiyetsiz ve eril g\u00f6r\u00fcnmek ile feminen kalmak aras\u0131nda gidip gelen m\u00fccadele yollar\u0131 tart\u0131\u015f\u0131lmaktad\u0131r. Kad\u0131n emek\u00e7ilerin kariyerlerini s\u00fcrd\u00fcrebilmek i\u00e7in birer \u201ck\u00fclt\u00fcrel sava\u015f\u00e7\u0131\u201d ya da \u201cK\u00fclt\u00fcrel Zeyna ve Nina\u201dya d\u00f6n\u00fc\u015fmek durumunda kalmalar\u0131, bu kitab\u0131n temel tart\u0131\u015fma alanlar\u0131 aras\u0131nda \u00f6ne \u00e7\u0131kmaktad\u0131r.<\/p>\n","protected":false},"excerpt":{"rendered":"<p>\u201cMakyajla nas\u0131l \u00e7al\u0131\u015f\u0131yorsun?\u201d, \u201cSa\u00e7\u0131n a\u00e7\u0131k nas\u0131l \u00e7al\u0131\u015f\u0131yorsun?\u201d vs. Ojeler istenmiyorlar, konsantrasyonlar\u0131 bozuluyor. Taytl\u0131 kad\u0131n g\u00f6rmek istemiyorlar sette. Bunun konu\u015fuldu\u011funa \u00e7ok \u015fahit oldum. Taytl\u0131 kad\u0131n konsantrasyon bozuyormu\u015f.<span class=\"excerpt-hellip\"> [\u2026]<\/span><\/p>\n","protected":false},"featured_media":0,"template":"","meta":{"_monsterinsights_skip_tracking":false,"_monsterinsights_sitenote_active":false,"_monsterinsights_sitenote_note":"","_monsterinsights_sitenote_category":0},"product_brand":[],"product_cat":[13252,12324],"product_tag":[],"class_list":{"0":"post-775192","1":"product","2":"type-product","3":"status-publish","5":"product_cat-kadin-calismalari","6":"product_cat-sosyoloji","7":"pa_cilt-ciltsiz","8":"pa_tur-kitap","9":"pa_yayinevi-phoenix-yayinevi","10":"pa_yazar-aysun-oner","12":"first","13":"instock","14":"sale","15":"shipping-taxable","16":"purchasable","17":"product-type-simple"},"_links":{"self":[{"href":"https:\/\/roveyayinevi.com.tr\/index.php\/wp-json\/wp\/v2\/product\/775192","targetHints":{"allow":["GET"]}}],"collection":[{"href":"https:\/\/roveyayinevi.com.tr\/index.php\/wp-json\/wp\/v2\/product"}],"about":[{"href":"https:\/\/roveyayinevi.com.tr\/index.php\/wp-json\/wp\/v2\/types\/product"}],"wp:attachment":[{"href":"https:\/\/roveyayinevi.com.tr\/index.php\/wp-json\/wp\/v2\/media?parent=775192"}],"wp:term":[{"taxonomy":"product_brand","embeddable":true,"href":"https:\/\/roveyayinevi.com.tr\/index.php\/wp-json\/wp\/v2\/product_brand?post=775192"},{"taxonomy":"product_cat","embeddable":true,"href":"https:\/\/roveyayinevi.com.tr\/index.php\/wp-json\/wp\/v2\/product_cat?post=775192"},{"taxonomy":"product_tag","embeddable":true,"href":"https:\/\/roveyayinevi.com.tr\/index.php\/wp-json\/wp\/v2\/product_tag?post=775192"}],"curies":[{"name":"wp","href":"https:\/\/api.w.org\/{rel}","templated":true}]}}