{"id":775191,"date":"2025-09-09T18:29:41","date_gmt":"2025-09-09T15:29:41","guid":{"rendered":"https:\/\/roveyayinevi.com.tr\/index.php\/urun\/pastoral-huzun\/"},"modified":"2026-04-15T03:39:47","modified_gmt":"2026-04-15T00:39:47","slug":"pastoral-huzun","status":"publish","type":"product","link":"https:\/\/roveyayinevi.com.tr\/index.php\/urun\/pastoral-huzun\/","title":{"rendered":"Pastoral H\u00fcz\u00fcn"},"content":{"rendered":"<p>Bu bir ilk kitap.Y\u0131llara yay\u0131lan \u015fiirler derlenip bir araya getirilmi\u015f. Tunceli\u2019nin (Dersim) Pertekil\u00e7esine ba\u011fl\u0131 Darg\u00fcz mezras\u0131nda do\u011fan Muzaffer Demir, yurdun \u00e7e\u015fitli illerinde \u00f6\u011fretmen, e\u011fitimy\u00f6neticisi ve m\u00fcfetti\u015f olarak \u00e7al\u0131\u015ft\u0131. \u00c7ocuklu\u011fundan beri kitaplar vazge\u00e7ilmez dostlar\u0131 oldu.1990\u2019larda ve iki binli y\u0131llar\u0131n ba\u015flar\u0131nda \u00e7e\u015fitli edebiyat dergilerinde \u015fiirleri yay\u0131mland\u0131. \u015eiirlerindekien belirgin \u00f6zellik; do\u011fa, insan ve topluma h\u00fcmanist bir k\u0131vamla yakla\u015fmas\u0131 s\u00f6ylenebilir. Kitaba daad\u0131n\u0131 veren \u201cPastoral H\u00fcz\u00fcn\u201d adl\u0131 \u015fiirden bir b\u00f6l\u00fcm:\u201cAtl\u0131lar ge\u00e7erdi \u00e7ocuklu\u011fumun patikalar\u0131ndaBir de semerine kelebeklerin kondu\u011fuYoksulluk ta\u015f\u0131yan kat\u0131rlarNereye baksam g\u00f6ky\u00fcz\u00fcyd\u00fcNereye d\u00f6nsem insanG\u00fcne\u015f ter d\u00f6kerdiAhlat a\u011fac\u0131n\u0131n tepesindeSuyu g\u00f6zleriyle i\u00e7erdi r\u00fczgar\u201d<\/p>\n","protected":false},"excerpt":{"rendered":"<p>Bu bir ilk kitap.Y\u0131llara yay\u0131lan \u015fiirler derlenip bir araya getirilmi\u015f. Tunceli\u2019nin (Dersim) Pertekil\u00e7esine ba\u011fl\u0131 Darg\u00fcz mezras\u0131nda do\u011fan Muzaffer Demir, yurdun \u00e7e\u015fitli illerinde \u00f6\u011fretmen, e\u011fitimy\u00f6neticisi ve m\u00fcfetti\u015f<span class=\"excerpt-hellip\"> [\u2026]<\/span><\/p>\n","protected":false},"featured_media":0,"template":"","meta":{"_monsterinsights_skip_tracking":false,"_monsterinsights_sitenote_active":false,"_monsterinsights_sitenote_note":"","_monsterinsights_sitenote_category":0},"product_brand":[],"product_cat":[12291,12509],"product_tag":[],"class_list":{"0":"post-775191","1":"product","2":"type-product","3":"status-publish","5":"product_cat-edebiyat","6":"product_cat-siir","7":"pa_cilt-ciltsiz","8":"pa_tur-kitap","9":"pa_yayinevi-totem-yayinlari","10":"pa_yazar-muzaffer-demirtas","12":"first","13":"instock","14":"sale","15":"shipping-taxable","16":"purchasable","17":"product-type-simple"},"_links":{"self":[{"href":"https:\/\/roveyayinevi.com.tr\/index.php\/wp-json\/wp\/v2\/product\/775191","targetHints":{"allow":["GET"]}}],"collection":[{"href":"https:\/\/roveyayinevi.com.tr\/index.php\/wp-json\/wp\/v2\/product"}],"about":[{"href":"https:\/\/roveyayinevi.com.tr\/index.php\/wp-json\/wp\/v2\/types\/product"}],"wp:attachment":[{"href":"https:\/\/roveyayinevi.com.tr\/index.php\/wp-json\/wp\/v2\/media?parent=775191"}],"wp:term":[{"taxonomy":"product_brand","embeddable":true,"href":"https:\/\/roveyayinevi.com.tr\/index.php\/wp-json\/wp\/v2\/product_brand?post=775191"},{"taxonomy":"product_cat","embeddable":true,"href":"https:\/\/roveyayinevi.com.tr\/index.php\/wp-json\/wp\/v2\/product_cat?post=775191"},{"taxonomy":"product_tag","embeddable":true,"href":"https:\/\/roveyayinevi.com.tr\/index.php\/wp-json\/wp\/v2\/product_tag?post=775191"}],"curies":[{"name":"wp","href":"https:\/\/api.w.org\/{rel}","templated":true}]}}