{"id":775190,"date":"2025-09-09T18:29:37","date_gmt":"2025-09-09T15:29:37","guid":{"rendered":"https:\/\/roveyayinevi.com.tr\/index.php\/urun\/ruya-savaslari\/"},"modified":"2026-04-15T03:39:47","modified_gmt":"2026-04-15T00:39:47","slug":"ruya-savaslari","status":"publish","type":"product","link":"https:\/\/roveyayinevi.com.tr\/index.php\/urun\/ruya-savaslari\/","title":{"rendered":"R\u00fcya Sava\u015flar\u0131"},"content":{"rendered":"<p>Kartal derin bir nefes ald\u0131. G\u00f6zlerini kapat\u0131p zihnini t\u00fcm d\u00fc\u015f\u00fcncelerden ar\u0131nd\u0131rmaya \u00e7al\u0131\u015ft\u0131. Ta\u015flar\u0131n titre\u015fimi daha da yo\u011funla\u015ft\u0131. Elini tekrar uzatt\u0131\u011f\u0131nda, arenan\u0131n en k\u00f6\u015fesindeki ta\u015f aniden ye\u015fil ye\u015fil parlamaya ba\u015flad\u0131. Parlakl\u0131k giderek yo\u011funla\u015ft\u0131, ta\u015f, g\u00f6r\u00fcnmez bir g\u00fc\u00e7 taraf\u0131ndan avucuna do\u011fru \u00e7ekildi. Kartal ta\u015f\u0131 eline ald\u0131\u011f\u0131nda, inan\u0131lmaz bir s\u0131cakl\u0131k hissetti. Ama bu sadece fiziksel bir s\u0131cakl\u0131k de\u011fildi; sanki ta\u015f onun zihnine ve ruhuna dokunuyordu.   Aniden arenan\u0131n zemini \u00e7at\u0131rdamaya ba\u015flad\u0131. Ta\u015f\u0131n i\u00e7inden y\u00fckselen bir \u0131\u015f\u0131k huzmesi, Kartal\u2019\u0131 sarmalad\u0131. G\u00f6r\u00fcnt\u00fc bulan\u0131kla\u015ft\u0131 ve bir anda kendini ba\u015fka bir yerde buldu. G\u00f6zlerini a\u00e7t\u0131\u011f\u0131nda, karanl\u0131k bir orman\u0131n i\u00e7inde duruyordu. G\u00f6ky\u00fcz\u00fc, tehditk\u00e2r bir \u015fekilde mor ve k\u0131rm\u0131z\u0131 renklere b\u00fcr\u00fcnm\u00fc\u015ft\u00fc. Yapraklar\u0131n aras\u0131ndan ge\u00e7en bir g\u00f6lge g\u00f6rd\u00fc. G\u00f6lge, devasa bir kartal \u015feklini alarak g\u00f6ky\u00fcz\u00fcne y\u00fckseldi. Kartal, hayranl\u0131kla bu devasa yarat\u0131\u011fa bakarken, zihninde yank\u0131lanan bir ses duydu:   &#8220;Kartal&#8217;\u0131 \u00f6ld\u00fcren kendi t\u00fcy\u00fcnden yap\u0131lan bir oktur. Yeniden do\u011fmak i\u00e7in \u00f6nce \u00f6lmen gerekir. Ho\u015f geldin Kamalyon. Yakla\u015fan sava\u015f i\u00e7in haz\u0131rl\u0131kl\u0131 ol!&#8221; <\/p>\n","protected":false},"excerpt":{"rendered":"<p>Kartal derin bir nefes ald\u0131. G\u00f6zlerini kapat\u0131p zihnini t\u00fcm d\u00fc\u015f\u00fcncelerden ar\u0131nd\u0131rmaya \u00e7al\u0131\u015ft\u0131. Ta\u015flar\u0131n titre\u015fimi daha da yo\u011funla\u015ft\u0131. Elini tekrar uzatt\u0131\u011f\u0131nda, arenan\u0131n en k\u00f6\u015fesindeki ta\u015f aniden ye\u015fil<span class=\"excerpt-hellip\"> [\u2026]<\/span><\/p>\n","protected":false},"featured_media":0,"template":"","meta":{"_monsterinsights_skip_tracking":false,"_monsterinsights_sitenote_active":false,"_monsterinsights_sitenote_note":"","_monsterinsights_sitenote_category":0},"product_brand":[],"product_cat":[12291,14777],"product_tag":[],"class_list":{"0":"post-775190","1":"product","2":"type-product","3":"status-publish","5":"product_cat-edebiyat","6":"product_cat-fantastik","7":"pa_cilt-ciltsiz","8":"pa_tur-kitap","9":"pa_yayinevi-favori-yayinlari","10":"pa_yazar-ersin-unver","12":"first","13":"instock","14":"sale","15":"shipping-taxable","16":"purchasable","17":"product-type-simple"},"_links":{"self":[{"href":"https:\/\/roveyayinevi.com.tr\/index.php\/wp-json\/wp\/v2\/product\/775190","targetHints":{"allow":["GET"]}}],"collection":[{"href":"https:\/\/roveyayinevi.com.tr\/index.php\/wp-json\/wp\/v2\/product"}],"about":[{"href":"https:\/\/roveyayinevi.com.tr\/index.php\/wp-json\/wp\/v2\/types\/product"}],"wp:attachment":[{"href":"https:\/\/roveyayinevi.com.tr\/index.php\/wp-json\/wp\/v2\/media?parent=775190"}],"wp:term":[{"taxonomy":"product_brand","embeddable":true,"href":"https:\/\/roveyayinevi.com.tr\/index.php\/wp-json\/wp\/v2\/product_brand?post=775190"},{"taxonomy":"product_cat","embeddable":true,"href":"https:\/\/roveyayinevi.com.tr\/index.php\/wp-json\/wp\/v2\/product_cat?post=775190"},{"taxonomy":"product_tag","embeddable":true,"href":"https:\/\/roveyayinevi.com.tr\/index.php\/wp-json\/wp\/v2\/product_tag?post=775190"}],"curies":[{"name":"wp","href":"https:\/\/api.w.org\/{rel}","templated":true}]}}