{"id":775189,"date":"2025-09-09T18:29:21","date_gmt":"2025-09-09T15:29:21","guid":{"rendered":"https:\/\/roveyayinevi.com.tr\/index.php\/urun\/en-cok-da-iyi-niyet-yorar-insani\/"},"modified":"2026-04-03T03:32:02","modified_gmt":"2026-04-03T00:32:02","slug":"en-cok-da-iyi-niyet-yorar-insani","status":"publish","type":"product","link":"https:\/\/roveyayinevi.com.tr\/index.php\/urun\/en-cok-da-iyi-niyet-yorar-insani\/","title":{"rendered":"En \u00c7ok da \u0130yi Niyet Yorar \u0130nsan\u0131"},"content":{"rendered":"<p>Herkese iyi geldin&#8230; Ama kendine hi\u00e7 gelemedin.   Hep anlay\u0131\u015fl\u0131yd\u0131n. Herkesin yaras\u0131n\u0131 sard\u0131n, kimseye y\u00fck olmad\u0131n. Kimse seni sen oldu\u011fun i\u00e7in sevmedi. Seni sevmeleri senin onlar\u0131n i\u015fine yaramana ba\u011fl\u0131yd\u0131. Sessizce k\u0131r\u0131ld\u0131n, i\u00e7inden a\u011flad\u0131n, ama y\u00fcz\u00fcne g\u00fcl\u00fcmsemeyi kondurmay\u0131 ihmal etmedin.   \u00c7\u00fcnk\u00fc senin niyetin hep iyiydi. Kalbin temiz ve nahifti. Ama fark ettin ki; en \u00e7ok da iyi niyet yorar insan\u0131. Seni de\u011fil, senin verdi\u011fin de\u011feri sevenler oldu. Sabr\u0131n\u0131 s\u0131nav sananlar, affedicili\u011fini zay\u0131fl\u0131kla kar\u0131\u015ft\u0131ranlar&#8230; Ve sen, hep kendini arkaya atarak ba\u015fkalar\u0131n\u0131n \u00f6n\u00fcn\u00fc a\u00e7t\u0131n. Bu kitap; kendini unutanlar\u0131n, fazlaca verenlerin, bir g\u00fcn anla\u015f\u0131l\u0131r diye susanlar\u0131n yorgun kalbine yaz\u0131ld\u0131. Belki bu sat\u0131rlarda kendini bulacak, belki de ilk kez kendine bu kadar yak\u0131ndan bakacaks\u0131n. \u00c7\u00fcnk\u00fc art\u0131k anlama s\u0131ras\u0131 sende. Kendine gelme zaman\u0131. <\/p>\n","protected":false},"excerpt":{"rendered":"<p>Herkese iyi geldin&#8230; Ama kendine hi\u00e7 gelemedin. Hep anlay\u0131\u015fl\u0131yd\u0131n. Herkesin yaras\u0131n\u0131 sard\u0131n, kimseye y\u00fck olmad\u0131n. Kimse seni sen oldu\u011fun i\u00e7in sevmedi. Seni sevmeleri senin onlar\u0131n i\u015fine<span class=\"excerpt-hellip\"> [\u2026]<\/span><\/p>\n","protected":false},"featured_media":0,"template":"","meta":{"_monsterinsights_skip_tracking":false,"_monsterinsights_sitenote_active":false,"_monsterinsights_sitenote_note":"","_monsterinsights_sitenote_category":0},"product_brand":[],"product_cat":[12364,12376],"product_tag":[],"class_list":{"0":"post-775189","1":"product","2":"type-product","3":"status-publish","5":"product_cat-genel-konular","6":"product_cat-kisisel-gelisim","7":"pa_cilt-ciltsiz","8":"pa_tur-kitap","9":"pa_yayinevi-destek-yayinlari","10":"pa_yazar-suleyman-ibin","12":"first","13":"instock","14":"sale","15":"shipping-taxable","16":"purchasable","17":"product-type-simple"},"_links":{"self":[{"href":"https:\/\/roveyayinevi.com.tr\/index.php\/wp-json\/wp\/v2\/product\/775189","targetHints":{"allow":["GET"]}}],"collection":[{"href":"https:\/\/roveyayinevi.com.tr\/index.php\/wp-json\/wp\/v2\/product"}],"about":[{"href":"https:\/\/roveyayinevi.com.tr\/index.php\/wp-json\/wp\/v2\/types\/product"}],"wp:attachment":[{"href":"https:\/\/roveyayinevi.com.tr\/index.php\/wp-json\/wp\/v2\/media?parent=775189"}],"wp:term":[{"taxonomy":"product_brand","embeddable":true,"href":"https:\/\/roveyayinevi.com.tr\/index.php\/wp-json\/wp\/v2\/product_brand?post=775189"},{"taxonomy":"product_cat","embeddable":true,"href":"https:\/\/roveyayinevi.com.tr\/index.php\/wp-json\/wp\/v2\/product_cat?post=775189"},{"taxonomy":"product_tag","embeddable":true,"href":"https:\/\/roveyayinevi.com.tr\/index.php\/wp-json\/wp\/v2\/product_tag?post=775189"}],"curies":[{"name":"wp","href":"https:\/\/api.w.org\/{rel}","templated":true}]}}