{"id":775187,"date":"2025-09-09T18:29:06","date_gmt":"2025-09-09T15:29:06","guid":{"rendered":"https:\/\/roveyayinevi.com.tr\/index.php\/urun\/eko-teknolojik-bir-evin-oykusu\/"},"modified":"2026-04-13T03:35:55","modified_gmt":"2026-04-13T00:35:55","slug":"eko-teknolojik-bir-evin-oykusu","status":"publish","type":"product","link":"https:\/\/roveyayinevi.com.tr\/index.php\/urun\/eko-teknolojik-bir-evin-oykusu\/","title":{"rendered":"Eko-Teknolojik Bir Evin \u00d6yk\u00fcs\u00fc"},"content":{"rendered":"<p>Eko-Teknolojik Bir Evin \u00d6yk\u00fcs\u00fc, Gelece\u011fin ya\u015fam alanlar\u0131 nas\u0131l olmal\u0131? S\u00fcrd\u00fcr\u00fclebilir, enerji verimli, do\u011fayla uyumlu ve ak\u0131ll\u0131 teknolojilerle donat\u0131lm\u0131\u015f bir ev m\u00fcmk\u00fcn m\u00fc? gibi konulara cevaplar ararken ekoloji ve teknolojiyi bir araya getiren yenilik\u00e7i tasar\u0131m anlay\u0131\u015f\u0131n\u0131 derinlemesine inceliyor. Geleneksel yap\u0131lar ile modern ak\u0131ll\u0131 sistemler aras\u0131nda k\u00f6pr\u00fc kuran bu kitap, ekolojik tasar\u0131m\u0131n temel ilkelerini, enerji verimlili\u011fi ve ak\u0131ll\u0131 bina teknolojilerinin entegrasyonunu ele al\u0131yor. Eko-teknoloji, \u00e7evresel s\u00fcrd\u00fcr\u00fclebilirli\u011fi merkeze alarak do\u011fayla uyumlu, d\u00fc\u015f\u00fck karbon ayak izine sahip ve permak\u00fclt\u00fcr anlay\u0131\u015f\u0131yla olu\u015fturulmu\u015f, kendi kendine yetebilen ya\u015fam alanlar\u0131 yaratmay\u0131 hedefliyor. Kitapta, ye\u015fil binalar\u0131n nas\u0131l tasarland\u0131\u011f\u0131, yenilenebilir enerji kaynaklar\u0131n\u0131n nas\u0131l kullan\u0131ld\u0131\u011f\u0131, su y\u00f6netimi ve at\u0131k geri d\u00f6n\u00fc\u015f\u00fcm sistemlerinin nas\u0131l entegre edildi\u011fi, serada \u00fcretim ve g\u0131dada kendine yeterli hale gelmenin nas\u0131l olaca\u011f\u0131 gibi konular detayl\u0131 \u00f6rneklerle ele al\u0131n\u0131yor. Ak\u0131ll\u0131 sistemlerle donat\u0131lm\u0131\u015f bu eko-teknolojik evler; g\u00fcne\u015f panelleri, geri d\u00f6n\u00fc\u015ft\u00fcr\u00fclebilir yap\u0131 malzemeleri, do\u011fal havaland\u0131rma sistemleri ve yapay zeka destekli enerji y\u00f6netimi gibi unsurlar\u0131yla modern \u00e7a\u011f\u0131n ekolojik ihtiya\u00e7lar\u0131na cevap veriyor. Bunun yan\u0131 s\u0131ra, ak\u0131ll\u0131 sens\u00f6rler, otomatik sulama sistemleri ve uzaktan kontrol edilebilen ev otomasyonu sayesinde konfor ve g\u00fcvenli\u011fi bir arada sunuyor. Onur Karabacak\u2019\u0131n do\u011fal ya\u015fam i\u00e7in in\u015fa etti\u011fi evinin \u00f6yk\u00fcs\u00fcn\u00fc Al\u0131m Selin Mutdo\u011fan ve \u00d6zge Yal\u00e7\u0131ner Erco\u015fkun ile kaleme ald\u0131\u011f\u0131 bu eser sadece mimari ve m\u00fchendislik merakl\u0131lar\u0131na de\u011fil, ayn\u0131 zamanda do\u011fayla uyumlu ve s\u00fcrd\u00fcr\u00fclebilir bir ya\u015fam bi\u00e7imi aray\u0131\u015f\u0131nda olan herkese ilham verecek bir kaynak. Eko-Teknolojik Bir Evin \u00d6yk\u00fcs\u00fc, gelece\u011fin \u015fehirlerine ve evlerine dair yeni bir perspektif sunuyor. *** The Story of an Eco-Tech House, What will the living spaces of the future look like? Is it possible to have a sustainable, energy-efficient, eco-friendly home equipped with smart technologies? This book explores the innovative design approach that combines ecology and technology while seeking answers to such questions. Bridging the gap between traditional buildings and modern smart systems, this book explores the basic principles of ecological design, energy efficiency, and the integration of smart building technologies. Eco-technology aims to create self-sufficient living spaces that are in harmony with nature, have a low carbon footprint, and are created with a permaculture approach by focusing on environmental sustainability. The book provides detailed examples of how to design green buildings, use renewable energy sources, integrate water management and waste recycling systems, and achieve greenhouse production and food self-sufficiency. Equipped with smart systems, these eco-technological homes respond to the ecological needs of the modern age with solar panels, recyclable building materials, natural ventilation systems, and AI-based energy management. In addition, it offers a combination of comfort and security thanks to smart sensors, automatic irrigation systems, and remote home automation. Written by Onur Karabacak with Al\u0131m Selin Mutdo\u011fan and \u00d6zge Yal\u00e7\u0131ner Erco\u015fkun, this book is a source of inspiration not only for architecture and engineering enthusiasts, but also for anyone seeking a sustainable lifestyle in harmony with nature.The Story of an Eco-Tech House offers a new perspective on the cities and homes of the future.<\/p>\n","protected":false},"excerpt":{"rendered":"<p>Eko-Teknolojik Bir Evin \u00d6yk\u00fcs\u00fc, Gelece\u011fin ya\u015fam alanlar\u0131 nas\u0131l olmal\u0131? S\u00fcrd\u00fcr\u00fclebilir, enerji verimli, do\u011fayla uyumlu ve ak\u0131ll\u0131 teknolojilerle donat\u0131lm\u0131\u015f bir ev m\u00fcmk\u00fcn m\u00fc? gibi konulara cevaplar ararken<span class=\"excerpt-hellip\"> [\u2026]<\/span><\/p>\n","protected":false},"featured_media":0,"template":"","meta":{"_monsterinsights_skip_tracking":false,"_monsterinsights_sitenote_active":false,"_monsterinsights_sitenote_note":"","_monsterinsights_sitenote_category":0},"product_brand":[],"product_cat":[13005,18664],"product_tag":[],"class_list":{"0":"post-775187","1":"product","2":"type-product","3":"status-publish","5":"product_cat-bilim-muhendislik","6":"product_cat-muhendislik","7":"pa_cilt-ciltsiz","8":"pa_tur-kitap","9":"pa_yayinevi-idealkent-yayinlari","10":"pa_yazar-kolektif","12":"first","13":"instock","14":"sale","15":"shipping-taxable","16":"purchasable","17":"product-type-simple"},"_links":{"self":[{"href":"https:\/\/roveyayinevi.com.tr\/index.php\/wp-json\/wp\/v2\/product\/775187","targetHints":{"allow":["GET"]}}],"collection":[{"href":"https:\/\/roveyayinevi.com.tr\/index.php\/wp-json\/wp\/v2\/product"}],"about":[{"href":"https:\/\/roveyayinevi.com.tr\/index.php\/wp-json\/wp\/v2\/types\/product"}],"wp:attachment":[{"href":"https:\/\/roveyayinevi.com.tr\/index.php\/wp-json\/wp\/v2\/media?parent=775187"}],"wp:term":[{"taxonomy":"product_brand","embeddable":true,"href":"https:\/\/roveyayinevi.com.tr\/index.php\/wp-json\/wp\/v2\/product_brand?post=775187"},{"taxonomy":"product_cat","embeddable":true,"href":"https:\/\/roveyayinevi.com.tr\/index.php\/wp-json\/wp\/v2\/product_cat?post=775187"},{"taxonomy":"product_tag","embeddable":true,"href":"https:\/\/roveyayinevi.com.tr\/index.php\/wp-json\/wp\/v2\/product_tag?post=775187"}],"curies":[{"name":"wp","href":"https:\/\/api.w.org\/{rel}","templated":true}]}}