{"id":775186,"date":"2025-09-09T18:28:53","date_gmt":"2025-09-09T15:28:53","guid":{"rendered":"https:\/\/roveyayinevi.com.tr\/index.php\/urun\/monad\/"},"modified":"2026-01-30T04:12:08","modified_gmt":"2026-01-30T01:12:08","slug":"monad","status":"publish","type":"product","link":"https:\/\/roveyayinevi.com.tr\/index.php\/urun\/monad\/","title":{"rendered":"Monad"},"content":{"rendered":"<p>Her hakikat, bir s\u0131rr\u0131n g\u00f6lgesinde mi do\u011far?        \u0130stanbul&#8217;un puslu sokaklar\u0131nda kaybolmu\u015f bir akademisyen olan Ezra i\u00e7in ger\u00e7eklik, deklan\u015f\u00f6r\u00fcne bast\u0131\u011f\u0131 an dondurdu\u011fu ama asla tam olarak kavrayamad\u0131\u011f\u0131 bir foto\u011fraftan ibarettir. O, hayat\u0131n \u00f6z\u00fcn\u00fc o karelerde arasa da, arad\u0131\u011f\u0131 ge\u00e7ici huzuru ancak s\u0131\u011f\u0131nd\u0131\u011f\u0131 kad\u0131nlar\u0131n teninde bulabilen, kendi \u015f\u00fcphelerinin esiri bir adamd\u0131r.        Fakat bir \u00e7ocu\u011fun avucuna b\u0131rakt\u0131\u011f\u0131 kadim y\u00fcz\u00fck, zihninin kap\u0131lar\u0131n\u0131 k\u0131rarak onu ak\u0131l ile delilik aras\u0131ndaki o ince \u00e7izgide y\u00fcr\u00fcmeye zorlad\u0131\u011f\u0131nda, t\u00fcm bildikleri birer sanr\u0131ya d\u00f6n\u00fc\u015f\u00fcr.        Tam da o anlarda, d\u00fcnya kendi ekseninden kayar. Kutsal olan her \u015fey k\u00fcle d\u00f6nerken, Zekeriya ad\u0131nda bir lider, insanl\u0131\u011fa kurtulu\u015fu kan ve ate\u015fle vaat eder. Onun Monad ad\u0131n\u0131 verdi\u011fi bu yeni d\u00fczen, d\u00fcnya i\u00e7in bir kurtulu\u015f mudur, yoksa g\u00f6rkemli bir sonun ba\u015flang\u0131c\u0131 m\u0131?        D\u00fcnya ikiye b\u00f6l\u00fcn\u00fcrken, insanl\u0131k as\u0131rlard\u0131r bekledi\u011fi Mesih ile korktu\u011fu Deccal aras\u0131nda kalm\u0131\u015ft\u0131r. Herkesin bir taraf se\u00e7mek zorunda oldu\u011fu bu k\u0131yamet senaryosunda, en b\u00fcy\u00fck sava\u015f inan\u00e7lar\u0131n de\u011fil, hakikatin ta kendisidir. Ger\u00e7ekli\u011finizi sorgulamaya haz\u0131r olun. \u00c7\u00fcnk\u00fc baz\u0131 kap\u0131lar, yaln\u0131zca bir kez aralan\u0131r. <\/p>\n","protected":false},"excerpt":{"rendered":"<p>Her hakikat, bir s\u0131rr\u0131n g\u00f6lgesinde mi do\u011far? \u0130stanbul&#8217;un puslu sokaklar\u0131nda kaybolmu\u015f bir akademisyen olan Ezra i\u00e7in ger\u00e7eklik, deklan\u015f\u00f6r\u00fcne bast\u0131\u011f\u0131 an dondurdu\u011fu ama asla tam olarak kavrayamad\u0131\u011f\u0131<span class=\"excerpt-hellip\"> [\u2026]<\/span><\/p>\n","protected":false},"featured_media":0,"template":"","meta":{"_monsterinsights_skip_tracking":false,"_monsterinsights_sitenote_active":false,"_monsterinsights_sitenote_note":"","_monsterinsights_sitenote_category":0},"product_brand":[],"product_cat":[12291,12711],"product_tag":[],"class_list":{"0":"post-775186","1":"product","2":"type-product","3":"status-publish","5":"product_cat-edebiyat","6":"product_cat-roman-oyku","7":"pa_cilt-ciltsiz","8":"pa_tur-kitap","9":"pa_yayinevi-vova-yayinlari","10":"pa_yazar-okan-kosar","12":"first","13":"instock","14":"sale","15":"shipping-taxable","16":"purchasable","17":"product-type-simple"},"_links":{"self":[{"href":"https:\/\/roveyayinevi.com.tr\/index.php\/wp-json\/wp\/v2\/product\/775186","targetHints":{"allow":["GET"]}}],"collection":[{"href":"https:\/\/roveyayinevi.com.tr\/index.php\/wp-json\/wp\/v2\/product"}],"about":[{"href":"https:\/\/roveyayinevi.com.tr\/index.php\/wp-json\/wp\/v2\/types\/product"}],"wp:attachment":[{"href":"https:\/\/roveyayinevi.com.tr\/index.php\/wp-json\/wp\/v2\/media?parent=775186"}],"wp:term":[{"taxonomy":"product_brand","embeddable":true,"href":"https:\/\/roveyayinevi.com.tr\/index.php\/wp-json\/wp\/v2\/product_brand?post=775186"},{"taxonomy":"product_cat","embeddable":true,"href":"https:\/\/roveyayinevi.com.tr\/index.php\/wp-json\/wp\/v2\/product_cat?post=775186"},{"taxonomy":"product_tag","embeddable":true,"href":"https:\/\/roveyayinevi.com.tr\/index.php\/wp-json\/wp\/v2\/product_tag?post=775186"}],"curies":[{"name":"wp","href":"https:\/\/api.w.org\/{rel}","templated":true}]}}