{"id":775185,"date":"2025-09-09T18:28:45","date_gmt":"2025-09-09T15:28:45","guid":{"rendered":"https:\/\/roveyayinevi.com.tr\/index.php\/urun\/antik-cagda-muzik\/"},"modified":"2026-04-15T03:39:44","modified_gmt":"2026-04-15T00:39:44","slug":"antik-cagda-muzik","status":"publish","type":"product","link":"https:\/\/roveyayinevi.com.tr\/index.php\/urun\/antik-cagda-muzik\/","title":{"rendered":"Antik \u00c7a\u011fda M\u00fczik"},"content":{"rendered":"<p>Antik \u00c7a\u011fda M\u00fczik adl\u0131 bu kitapta Antik Yunan M\u00fczi\u011fi\u2019nin Arkaik ve Klasik \u00c7a\u011flardaki geli\u015fimi kapsaml\u0131 bir \u015fekilde ele al\u0131nm\u0131\u015ft\u0131r. M\u00fczi\u011fin k\u00f6kenlerinden ba\u015flayarak, ilkel toplumlarda ne ama\u00e7la ve nas\u0131l kullan\u0131ld\u0131\u011f\u0131na, Mezopotamya, M\u0131s\u0131r ve Hitit toplumlar\u0131ndaki m\u00fczikal k\u00fclt\u00fcre k\u0131saca de\u011finilmi\u015f ve kitab\u0131n ana temas\u0131 olan Antik Yunan M\u00fczi\u011fi\u2019nin k\u00f6kenleri ve m\u00fczikle ilgili mitler okuyucuya aktar\u0131lmaya \u00e7al\u0131\u015f\u0131lm\u0131\u015ft\u0131r. Antik Yunan M\u00fczi\u011fi\u2019nin ge\u00e7irdi\u011fi evrim kronolojik olarak anlat\u0131l\u0131rken, s\u00f6z konusu evrime katk\u0131da bulunan m\u00fczisyenlere ve m\u00fczi\u011fin rasyonel bir sanata d\u00f6n\u00fc\u015fmesine de de\u011finilmi\u015ftir. M\u00fczi\u011fin \u00f6zel ya\u015fam ve g\u00fcnl\u00fck ya\u015famdaki yeri ve \u00f6nemi ayr\u0131nt\u0131l\u0131 bir \u015fekilde irdelenmi\u015f, do\u011fumdan e\u011fitime, din\u00ee festivallerden symposionlara, sava\u015f meydanlar\u0131ndan cenaze merasimlerine de\u011fin Antik Yunan ya\u015fam\u0131n\u0131n t\u00fcm se\u00e7kin durumlar\u0131nda ya da s\u0131radan rutinlerinde hangi enstr\u00fcmanla ne t\u00fcr m\u00fczikler icra edildi\u011fine yer verilmi\u015ftir. Kullan\u0131lan enstr\u00fcmanlar\u0131n icat edili\u015f \u00f6yk\u00fcleri, teknik detaylar\u0131 ve kullan\u0131m \u00f6zellikleri anlat\u0131lm\u0131\u015ft\u0131r. Genel olarak Arkaik ve Klasik \u00c7a\u011flarda Yunan M\u00fczikal k\u00fclt\u00fcr\u00fcn\u00fcn eri\u015fti\u011fi seviye, onun referans kabul edilip \u00f6rnek al\u0131nmas\u0131na ve etkiledi\u011fi k\u00fclt\u00fcrler vas\u0131tas\u0131yla g\u00fcn\u00fcm\u00fcz m\u00fczi\u011fine ilham olmas\u0131na uzanan s\u00fcre\u00e7 ak\u0131c\u0131 bir dille ve g\u00fcvenilir kaynaklarla birlikte okuyucular\u0131n be\u011fenisine sunulmu\u015ftur.   Yabanc\u0131 kaynaklarla k\u0131yasland\u0131\u011f\u0131nda; uzunca bir ara\u015ft\u0131rma ve d\u00fc\u015f\u00fcnce s\u00fcrecinin neticesinde olu\u015fan T\u00fcrk\u00e7edeki bu \u00e7al\u0131\u015fma, Antik \u00c7a\u011f Tarihi ve K\u00fclt\u00fcr\u00fc, Antik Yunan Medeniyeti ve M\u00fczi\u011fi, M\u00fczik Tarihi konular\u0131na ilgi duyanlar, bu konuda ara\u015ft\u0131rma yapanlar ve m\u00fczikologlar i\u00e7in son derece \u00f6zg\u00fcn niteli\u011fe sahiptir. <\/p>\n","protected":false},"excerpt":{"rendered":"<p>Antik \u00c7a\u011fda M\u00fczik adl\u0131 bu kitapta Antik Yunan M\u00fczi\u011fi\u2019nin Arkaik ve Klasik \u00c7a\u011flardaki geli\u015fimi kapsaml\u0131 bir \u015fekilde ele al\u0131nm\u0131\u015ft\u0131r. M\u00fczi\u011fin k\u00f6kenlerinden ba\u015flayarak, ilkel toplumlarda ne ama\u00e7la<span class=\"excerpt-hellip\"> [\u2026]<\/span><\/p>\n","protected":false},"featured_media":0,"template":"","meta":{"_monsterinsights_skip_tracking":false,"_monsterinsights_sitenote_active":false,"_monsterinsights_sitenote_note":"","_monsterinsights_sitenote_category":0},"product_brand":[],"product_cat":[12370,12304],"product_tag":[],"class_list":{"0":"post-775185","1":"product","2":"type-product","3":"status-publish","5":"product_cat-arastirma-inceleme","6":"product_cat-tarih","7":"pa_cilt-ciltsiz","8":"pa_tur-kitap","9":"pa_yayinevi-dogu-bati-yayinlari","10":"pa_yazar-mesut-kinaci","12":"first","13":"instock","14":"sale","15":"shipping-taxable","16":"purchasable","17":"product-type-simple"},"_links":{"self":[{"href":"https:\/\/roveyayinevi.com.tr\/index.php\/wp-json\/wp\/v2\/product\/775185","targetHints":{"allow":["GET"]}}],"collection":[{"href":"https:\/\/roveyayinevi.com.tr\/index.php\/wp-json\/wp\/v2\/product"}],"about":[{"href":"https:\/\/roveyayinevi.com.tr\/index.php\/wp-json\/wp\/v2\/types\/product"}],"wp:attachment":[{"href":"https:\/\/roveyayinevi.com.tr\/index.php\/wp-json\/wp\/v2\/media?parent=775185"}],"wp:term":[{"taxonomy":"product_brand","embeddable":true,"href":"https:\/\/roveyayinevi.com.tr\/index.php\/wp-json\/wp\/v2\/product_brand?post=775185"},{"taxonomy":"product_cat","embeddable":true,"href":"https:\/\/roveyayinevi.com.tr\/index.php\/wp-json\/wp\/v2\/product_cat?post=775185"},{"taxonomy":"product_tag","embeddable":true,"href":"https:\/\/roveyayinevi.com.tr\/index.php\/wp-json\/wp\/v2\/product_tag?post=775185"}],"curies":[{"name":"wp","href":"https:\/\/api.w.org\/{rel}","templated":true}]}}