{"id":775184,"date":"2025-09-09T18:28:24","date_gmt":"2025-09-09T15:28:24","guid":{"rendered":"https:\/\/roveyayinevi.com.tr\/index.php\/urun\/e-ticaretten-fazlasi-degisim-gelisimin-parcasi\/"},"modified":"2026-04-15T03:39:28","modified_gmt":"2026-04-15T00:39:28","slug":"e-ticaretten-fazlasi-degisim-gelisimin-parcasi","status":"publish","type":"product","link":"https:\/\/roveyayinevi.com.tr\/index.php\/urun\/e-ticaretten-fazlasi-degisim-gelisimin-parcasi\/","title":{"rendered":"E-Ticaretten Fazlas\u0131 De\u011fi\u015fim Geli\u015fimin Par\u00e7as\u0131"},"content":{"rendered":"<p>De\u011fi\u015fim\u2026 Bazen sessizce ba\u015flar. Hayat\u0131n\u0131z\u0131n tam da al\u0131\u015ft\u0131\u011f\u0131n\u0131z yerinde k\u00fc\u00e7\u00fck bir k\u0131p\u0131rt\u0131 gibi hissedersiniz. Bazen ise y\u0131k\u0131c\u0131d\u0131r; yerle\u015fik t\u00fcm d\u00fczenleri sarsar ve sizi yepyeni bir yolculu\u011fun i\u00e7ine \u00e7eker. Bu kitap, i\u015fte o yolculu\u011fun bir haritas\u0131d\u0131r. \u201cE-ticaret\u201d kelimesi ilk kez hayat\u0131m\u0131za girdi\u011finde sadece internetten bir \u015feyler satmak olarak anla\u015f\u0131ld\u0131. Oysa bug\u00fcn e-ticaret, kendi ayaklar\u0131 \u00fczerinde durmak isteyenlerin, zaman\u0131 \u00f6zg\u00fcrce y\u00f6netmek isteyenlerin, hayallerini sistematik hale getirenlerin dili oldu. Ve belki de en \u00f6nemlisi: de\u011fi\u015fmek isteyen ama nas\u0131l ba\u015flayaca\u011f\u0131n\u0131 bilmeyenler i\u00e7in bir \u00e7\u0131k\u0131\u015f kap\u0131s\u0131 oldu. Ben bu kitapta sadece \u00fcr\u00fcn satmaktan, reklam vermekten, platform se\u00e7mekten s\u00f6z etmiyorum. Bu kitap; d\u00f6n\u00fc\u015fen d\u00fcnyada nas\u0131l konumlanaca\u011f\u0131m\u0131z\u0131, nas\u0131l geli\u015febilece\u011fimizi ve nas\u0131l s\u00fcrd\u00fcr\u00fclebilir bir pasif gelir modeli kurabilece\u011fimizi anlat\u0131yor. \u00c7\u00fcnk\u00fc art\u0131k yaln\u0131zca \u201c\u00e7ok \u00e7al\u0131\u015fmak\u201d yetmiyor. Do\u011fru sistem kurmak, esnek olmak ve d\u00f6n\u00fc\u015f\u00fcme a\u00e7\u0131k kalmak gerekiyor. Ve evet, bazen bir pasif gelir modeli, aktif hayat\u0131n\u0131z\u0131 de\u011fi\u015ftirecek en b\u00fcy\u00fck ad\u0131m olabilir. Bu kitap bir rehber de\u011fil, bir e\u015flik\u00e7i. Seninle birlikte d\u00fc\u015f\u00fcnen, sorgulayan, bazen motive eden, bazen aya\u011fa kald\u0131ran bir yol arkada\u015f\u0131. E\u011fer e-ticaretten fazlas\u0131n\u0131 ar\u0131yorsan\u2026 \u0130\u015fte ba\u015fl\u0131yoruz. Sevgi ve ilhamla, Kaan Ko\u00e7 <\/p>\n","protected":false},"excerpt":{"rendered":"<p>De\u011fi\u015fim\u2026 Bazen sessizce ba\u015flar. Hayat\u0131n\u0131z\u0131n tam da al\u0131\u015ft\u0131\u011f\u0131n\u0131z yerinde k\u00fc\u00e7\u00fck bir k\u0131p\u0131rt\u0131 gibi hissedersiniz. Bazen ise y\u0131k\u0131c\u0131d\u0131r; yerle\u015fik t\u00fcm d\u00fczenleri sarsar ve sizi yepyeni bir yolculu\u011fun<span class=\"excerpt-hellip\"> [\u2026]<\/span><\/p>\n","protected":false},"featured_media":0,"template":"","meta":{"_monsterinsights_skip_tracking":false,"_monsterinsights_sitenote_active":false,"_monsterinsights_sitenote_note":"","_monsterinsights_sitenote_category":0},"product_brand":[],"product_cat":[13043,17647],"product_tag":[],"class_list":{"0":"post-775184","1":"product","2":"type-product","3":"status-publish","5":"product_cat-ekonomi","6":"product_cat-is-dunyasi","7":"pa_cilt-ciltsiz","8":"pa_tur-kitap","9":"pa_yayinevi-zet-yayinlari","10":"pa_yazar-kaan-koc","12":"first","13":"instock","14":"sale","15":"shipping-taxable","16":"purchasable","17":"product-type-simple"},"_links":{"self":[{"href":"https:\/\/roveyayinevi.com.tr\/index.php\/wp-json\/wp\/v2\/product\/775184","targetHints":{"allow":["GET"]}}],"collection":[{"href":"https:\/\/roveyayinevi.com.tr\/index.php\/wp-json\/wp\/v2\/product"}],"about":[{"href":"https:\/\/roveyayinevi.com.tr\/index.php\/wp-json\/wp\/v2\/types\/product"}],"wp:attachment":[{"href":"https:\/\/roveyayinevi.com.tr\/index.php\/wp-json\/wp\/v2\/media?parent=775184"}],"wp:term":[{"taxonomy":"product_brand","embeddable":true,"href":"https:\/\/roveyayinevi.com.tr\/index.php\/wp-json\/wp\/v2\/product_brand?post=775184"},{"taxonomy":"product_cat","embeddable":true,"href":"https:\/\/roveyayinevi.com.tr\/index.php\/wp-json\/wp\/v2\/product_cat?post=775184"},{"taxonomy":"product_tag","embeddable":true,"href":"https:\/\/roveyayinevi.com.tr\/index.php\/wp-json\/wp\/v2\/product_tag?post=775184"}],"curies":[{"name":"wp","href":"https:\/\/api.w.org\/{rel}","templated":true}]}}