{"id":775183,"date":"2025-09-09T18:28:11","date_gmt":"2025-09-09T15:28:11","guid":{"rendered":"https:\/\/roveyayinevi.com.tr\/index.php\/urun\/lanetli-oda-gizemli-gunluk\/"},"modified":"2026-04-15T03:39:27","modified_gmt":"2026-04-15T00:39:27","slug":"lanetli-oda-gizemli-gunluk","status":"publish","type":"product","link":"https:\/\/roveyayinevi.com.tr\/index.php\/urun\/lanetli-oda-gizemli-gunluk\/","title":{"rendered":"Lanetli Oda \u201cGizemli G\u00fcnl\u00fck\u201d"},"content":{"rendered":"<p>Zaman\u0131 durduran bir oda, kimli\u011fini yitiren bir kad\u0131n ve yaz\u0131ld\u0131k\u00e7a \u00e7o\u011falan bir hik\u00e2ye&#8230; 1976 y\u0131l\u0131nda Ankara\u2019da bir otel odas\u0131nda bulunan esrarengiz bir g\u00fcnl\u00fck&#8230; Yazan kim? Neden burada? Ve bu oda ger\u00e7ekten bir otel mi? Yoksa \u00e7ok daha derin bir yer mi? Her kap\u0131 bir ba\u015fka benli\u011fe her ses ge\u00e7mi\u015ften gelen bir yank\u0131ya, Her c\u00fcmle ise seni de i\u00e7ine \u00e7ekecek bir bilinmeze a\u00e7\u0131l\u0131yor. Ama dikkat et bu defteri a\u00e7t\u0131\u011f\u0131nda sen de art\u0131k d\u0131\u015far\u0131da kalamayacaks\u0131n. <\/p>\n","protected":false},"excerpt":{"rendered":"<p>Zaman\u0131 durduran bir oda, kimli\u011fini yitiren bir kad\u0131n ve yaz\u0131ld\u0131k\u00e7a \u00e7o\u011falan bir hik\u00e2ye&#8230; 1976 y\u0131l\u0131nda Ankara\u2019da bir otel odas\u0131nda bulunan esrarengiz bir g\u00fcnl\u00fck&#8230; Yazan kim? Neden<span class=\"excerpt-hellip\"> [\u2026]<\/span><\/p>\n","protected":false},"featured_media":0,"template":"","meta":{"_monsterinsights_skip_tracking":false,"_monsterinsights_sitenote_active":false,"_monsterinsights_sitenote_note":"","_monsterinsights_sitenote_category":0},"product_brand":[],"product_cat":[12291,12711],"product_tag":[],"class_list":{"0":"post-775183","1":"product","2":"type-product","3":"status-publish","5":"product_cat-edebiyat","6":"product_cat-roman-oyku","7":"pa_cilt-ciltsiz","8":"pa_tur-kitap","9":"pa_yayinevi-kitap-muptelasi-yayinlari","10":"pa_yazar-cem-sahin","12":"first","13":"instock","14":"sale","15":"shipping-taxable","16":"purchasable","17":"product-type-simple"},"_links":{"self":[{"href":"https:\/\/roveyayinevi.com.tr\/index.php\/wp-json\/wp\/v2\/product\/775183","targetHints":{"allow":["GET"]}}],"collection":[{"href":"https:\/\/roveyayinevi.com.tr\/index.php\/wp-json\/wp\/v2\/product"}],"about":[{"href":"https:\/\/roveyayinevi.com.tr\/index.php\/wp-json\/wp\/v2\/types\/product"}],"wp:attachment":[{"href":"https:\/\/roveyayinevi.com.tr\/index.php\/wp-json\/wp\/v2\/media?parent=775183"}],"wp:term":[{"taxonomy":"product_brand","embeddable":true,"href":"https:\/\/roveyayinevi.com.tr\/index.php\/wp-json\/wp\/v2\/product_brand?post=775183"},{"taxonomy":"product_cat","embeddable":true,"href":"https:\/\/roveyayinevi.com.tr\/index.php\/wp-json\/wp\/v2\/product_cat?post=775183"},{"taxonomy":"product_tag","embeddable":true,"href":"https:\/\/roveyayinevi.com.tr\/index.php\/wp-json\/wp\/v2\/product_tag?post=775183"}],"curies":[{"name":"wp","href":"https:\/\/api.w.org\/{rel}","templated":true}]}}