{"id":775179,"date":"2025-09-09T18:27:14","date_gmt":"2025-09-09T15:27:14","guid":{"rendered":"https:\/\/roveyayinevi.com.tr\/index.php\/urun\/gunesim\/"},"modified":"2026-04-15T03:39:25","modified_gmt":"2026-04-15T00:39:25","slug":"gunesim","status":"publish","type":"product","link":"https:\/\/roveyayinevi.com.tr\/index.php\/urun\/gunesim\/","title":{"rendered":"G\u00fcnE\u015fim"},"content":{"rendered":"<p>Bu kitap, duygular\u0131n\u0131 sat\u0131rlara emanet eden bir y\u00fcre\u011fin f\u0131s\u0131lt\u0131s\u0131. Ankara\u2019n\u0131n ayaz sokaklar\u0131nda ba\u015flayan sessiz bir sevday\u0131, Bu sevdan\u0131n dile gelmeyen ate\u015fini, Sevdal\u0131n\u0131n G\u00fcne\u015f\u2019e olan arzusunu, \u00c7ocuklar\u0131n sessiz \u00e7\u0131\u011fl\u0131klar\u0131n\u0131, Bir annenin y\u00fcre\u011finde sakl\u0131 dualar\u0131, Umutla ye\u015feren hayalleri bar\u0131nd\u0131r\u0131yor i\u00e7inde. Her \u015fiir bir veda kadar buruk, Bir merhaba kadar s\u0131cak\u2026 Okuduk\u00e7a kendi hik\u00e2yene rastlayacaks\u0131n belki, Belki de hi\u00e7 s\u00f6yleyemediklerini bulacaks\u0131n bu dizelerde. \u015eu d\u00fcnyadan sadece \u00f6l\u00fcp gitmek var, Bir de iz b\u0131rakarak gitmek. Durma kalk iyili\u011finle iz b\u0131rakan ol. G\u00fcnE\u015fim <\/p>\n","protected":false},"excerpt":{"rendered":"<p>Bu kitap, duygular\u0131n\u0131 sat\u0131rlara emanet eden bir y\u00fcre\u011fin f\u0131s\u0131lt\u0131s\u0131. Ankara\u2019n\u0131n ayaz sokaklar\u0131nda ba\u015flayan sessiz bir sevday\u0131, Bu sevdan\u0131n dile gelmeyen ate\u015fini, Sevdal\u0131n\u0131n G\u00fcne\u015f\u2019e olan arzusunu, \u00c7ocuklar\u0131n<span class=\"excerpt-hellip\"> [\u2026]<\/span><\/p>\n","protected":false},"featured_media":0,"template":"","meta":{"_monsterinsights_skip_tracking":false,"_monsterinsights_sitenote_active":false,"_monsterinsights_sitenote_note":"","_monsterinsights_sitenote_category":0},"product_brand":[],"product_cat":[12291,12509],"product_tag":[],"class_list":{"0":"post-775179","1":"product","2":"type-product","3":"status-publish","5":"product_cat-edebiyat","6":"product_cat-siir","7":"pa_cilt-ciltsiz","8":"pa_tur-kitap","9":"pa_yayinevi-gulnar-yayinlari","10":"pa_yazar-esmanur-karaman","12":"first","13":"instock","14":"sale","15":"shipping-taxable","16":"purchasable","17":"product-type-simple"},"_links":{"self":[{"href":"https:\/\/roveyayinevi.com.tr\/index.php\/wp-json\/wp\/v2\/product\/775179","targetHints":{"allow":["GET"]}}],"collection":[{"href":"https:\/\/roveyayinevi.com.tr\/index.php\/wp-json\/wp\/v2\/product"}],"about":[{"href":"https:\/\/roveyayinevi.com.tr\/index.php\/wp-json\/wp\/v2\/types\/product"}],"wp:attachment":[{"href":"https:\/\/roveyayinevi.com.tr\/index.php\/wp-json\/wp\/v2\/media?parent=775179"}],"wp:term":[{"taxonomy":"product_brand","embeddable":true,"href":"https:\/\/roveyayinevi.com.tr\/index.php\/wp-json\/wp\/v2\/product_brand?post=775179"},{"taxonomy":"product_cat","embeddable":true,"href":"https:\/\/roveyayinevi.com.tr\/index.php\/wp-json\/wp\/v2\/product_cat?post=775179"},{"taxonomy":"product_tag","embeddable":true,"href":"https:\/\/roveyayinevi.com.tr\/index.php\/wp-json\/wp\/v2\/product_tag?post=775179"}],"curies":[{"name":"wp","href":"https:\/\/api.w.org\/{rel}","templated":true}]}}