{"id":775178,"date":"2025-09-09T18:27:08","date_gmt":"2025-09-09T15:27:08","guid":{"rendered":"https:\/\/roveyayinevi.com.tr\/index.php\/urun\/ismail-guctasin-cocuklara-yonelik-eserlerinin-degerler-egitimive-tematik-unsurlar-acisindan-incelenmesi\/"},"modified":"2026-03-12T03:37:05","modified_gmt":"2026-03-12T00:37:05","slug":"ismail-guctasin-cocuklara-yonelik-eserlerinin-degerler-egitimive-tematik-unsurlar-acisindan-incelenmesi","status":"publish","type":"product","link":"https:\/\/roveyayinevi.com.tr\/index.php\/urun\/ismail-guctasin-cocuklara-yonelik-eserlerinin-degerler-egitimive-tematik-unsurlar-acisindan-incelenmesi\/","title":{"rendered":"\u0130smail G\u00fc\u00e7ta\u015f\u2019\u0131n \u00c7ocuklara Y\u00f6nelik Eserlerinin De\u011ferler E\u011fitimive Tematik Unsurlar A\u00e7\u0131s\u0131ndan \u0130ncelenmesi"},"content":{"rendered":"<p>Milletlerin yahut toplumlar\u0131n d\u00fcnya \u00fczerindeki devam\u0131, kendilerine has de\u011ferlerinin elden ele, ku\u015faktan ku\u015fa\u011fa ileriki nesillere iletilmesiyle ger\u00e7ekle\u015fir. De\u011fer aktar\u0131m\u0131nda tart\u0131\u015fmas\u0131z en \u00f6nemli materyallerden bir tanesi de edeb\u00ee metinlerdir. \u00d6zellikle k\u00fc\u00e7\u00fck ya\u015f grubu \u00e7ocuklar, okuduklar\u0131 hik\u00e2yelerdeki kahramanlar\u0131 rol model alarak, toplum i\u00e7inde nas\u0131l davranmas\u0131 yahut nas\u0131l konumlanmas\u0131 gerekti\u011fine dair fikir sahibi olmaktad\u0131r. Bu sebeple \u00f6zellikle \u00e7ocuklar i\u00e7in kaleme al\u0131nan eserlerde de\u011ferlere yer verilmesi m\u00fchimdir. \u0130smail G\u00fc\u00e7ta\u015f, e\u011fitimci ki\u015fili\u011finin de bir getirisi olarak \u00e7ocuklar i\u00e7in yazm\u0131\u015f oldu\u011fu kitaplarda de\u011ferlere s\u0131kl\u0131kla yer vermi\u015ftir. \u00c7ocuklar\u0131n, toplumun mihenk ta\u015f\u0131 olan bu de\u011ferler ile eserler vas\u0131tas\u0131yla tan\u0131\u015fmas\u0131na \u00f6nc\u00fcl\u00fck ederek de\u011ferler e\u011fitimine katk\u0131 sa\u011flam\u0131\u015ft\u0131r. Eserlerinde yer verdi\u011fi tematik unsurlar ile de\u011ferler birbirini destekler niteliktedir. <\/p>\n","protected":false},"excerpt":{"rendered":"<p>Milletlerin yahut toplumlar\u0131n d\u00fcnya \u00fczerindeki devam\u0131, kendilerine has de\u011ferlerinin elden ele, ku\u015faktan ku\u015fa\u011fa ileriki nesillere iletilmesiyle ger\u00e7ekle\u015fir. De\u011fer aktar\u0131m\u0131nda tart\u0131\u015fmas\u0131z en \u00f6nemli materyallerden bir tanesi de<span class=\"excerpt-hellip\"> [\u2026]<\/span><\/p>\n","protected":false},"featured_media":0,"template":"","meta":{"_monsterinsights_skip_tracking":false,"_monsterinsights_sitenote_active":false,"_monsterinsights_sitenote_note":"","_monsterinsights_sitenote_category":0},"product_brand":[],"product_cat":[12573,12566],"product_tag":[],"class_list":{"0":"post-775178","1":"product","2":"type-product","3":"status-publish","5":"product_cat-akademik-kitaplar","6":"product_cat-egitim","7":"pa_cilt-ciltsiz","8":"pa_tur-kitap","9":"pa_yayinevi-kirmizi-cati-yayinlari","10":"pa_yazar-mustafa-erdem","12":"first","13":"instock","14":"sale","15":"shipping-taxable","16":"purchasable","17":"product-type-simple"},"_links":{"self":[{"href":"https:\/\/roveyayinevi.com.tr\/index.php\/wp-json\/wp\/v2\/product\/775178","targetHints":{"allow":["GET"]}}],"collection":[{"href":"https:\/\/roveyayinevi.com.tr\/index.php\/wp-json\/wp\/v2\/product"}],"about":[{"href":"https:\/\/roveyayinevi.com.tr\/index.php\/wp-json\/wp\/v2\/types\/product"}],"wp:attachment":[{"href":"https:\/\/roveyayinevi.com.tr\/index.php\/wp-json\/wp\/v2\/media?parent=775178"}],"wp:term":[{"taxonomy":"product_brand","embeddable":true,"href":"https:\/\/roveyayinevi.com.tr\/index.php\/wp-json\/wp\/v2\/product_brand?post=775178"},{"taxonomy":"product_cat","embeddable":true,"href":"https:\/\/roveyayinevi.com.tr\/index.php\/wp-json\/wp\/v2\/product_cat?post=775178"},{"taxonomy":"product_tag","embeddable":true,"href":"https:\/\/roveyayinevi.com.tr\/index.php\/wp-json\/wp\/v2\/product_tag?post=775178"}],"curies":[{"name":"wp","href":"https:\/\/api.w.org\/{rel}","templated":true}]}}