{"id":775173,"date":"2025-09-09T18:24:57","date_gmt":"2025-09-09T15:24:57","guid":{"rendered":"https:\/\/roveyayinevi.com.tr\/index.php\/urun\/kompozisyon-yazma-kilavuzu\/"},"modified":"2026-04-15T03:39:17","modified_gmt":"2026-04-15T00:39:17","slug":"kompozisyon-yazma-kilavuzu","status":"publish","type":"product","link":"https:\/\/roveyayinevi.com.tr\/index.php\/urun\/kompozisyon-yazma-kilavuzu\/","title":{"rendered":"Kompozisyon Yazma K\u0131lavuzu"},"content":{"rendered":"<p>Kompozisyon Yazma Y\u00f6ntemleri adl\u0131 bu kitab\u0131n yaz\u0131lmas\u0131na bizi ba\u015fl\u0131ca iki neden cesaretlendirmi\u015ftir. Bunlardan birincisi \u015fudur: \u00fcniversitede zorunlu olarak okutulan \u0130ngilizce servis derslerinde ve \u0130ngilizce haz\u0131rl\u0131k s\u0131n\u0131flar\u0131nda okutulan kitaplarda geli\u015ftirilmesi hedeflenen d\u00f6rt yetenekten birisi olan \u2018yaz\u0131l\u0131 anlat\u0131m\u2019 y\u00f6ntemlerine de gere\u011fi kadar yer veriliyordu.  Ancak dikkatimi bu y\u0131llarda \u00e7eken \u015fey \u00f6\u011frencilerin \u00e7o\u011funun \u00f6nceki y\u0131llarda ana dillerinde yaz\u0131l\u0131 anlat\u0131m yeteneklerinin geli\u015ftirilmemi\u015f oldu\u011fuydu. Bunun bir nedeni ise ilk\u00f6\u011fretim ve orta\u00f6\u011fretim okullar\u0131nda okutulan T\u00fcrk\u00e7e derslerinde kompozisyon yaz\u0131m\u0131na ili\u015fkin kuramsal ve uygulamaya y\u00f6nelik b\u00f6l\u00fcmlerin eksikli\u011fiydi. Oysa baz\u0131 Anadolu Liseleri ve Fen Liselerinden mezun olanlar\u0131n \u00e7o\u011fu daha \u00f6nce yaz\u0131l\u0131 anlat\u0131m y\u00f6ntemleri i\u00e7eren \u0130ngilizce baz\u0131 kitaplar\u0131 okuduklar\u0131n\u0131 s\u00f6yl\u00fcyorlar ve bu \u00f6\u011frencilerin kompozisyondan ald\u0131klar\u0131 yazma notlar\u0131 daha y\u00fcksek oluyordu. Bu liselerde okuyamad\u0131klar\u0131 i\u00e7in \u0130ngilizce kaynaklardan yararlanamayan geride kalan b\u00fcy\u00fck bir \u00e7o\u011funluk \u00f6\u011frenci bu eksikliklerini \u00fcniversite y\u0131llar\u0131nda e\u011fer m\u00fcfredatlar\u0131 uygunsa gidermeye \u00e7al\u0131\u015f\u0131yorlard\u0131.  \u0130kinci sebep ise art\u0131k bir\u00e7ok konuda ayn\u0131 standartlar\u0131 payla\u015fmakta oldu\u011fumuz Bat\u0131 d\u00fcnyas\u0131 ile yaz\u0131l\u0131 ileti\u015fim ve bunu ger\u00e7ekle\u015ftirmede en \u00f6nemli ara\u00e7lardan birisi olan kompozisyon yaz\u0131m\u0131 konusunda da bu standarda yakla\u015fmak i\u00e7in benim ki\u015fisel olarak katk\u0131lar\u0131m\u0131 bir an \u00f6nce uygulamak olmu\u015ftur. Gerek birinci eksikli\u011fi gerekse ikinci eksikli\u011fi giderme yolunda y\u0131llard\u0131r ki\u015fisel ar\u015fivimde biriktirdi\u011fim kuramsal ve uygulamal\u0131 bilgileri orta\u00f6\u011fretim \u00f6\u011frencilerinin, T\u00fcrk\u00e7eyi yabanc\u0131 bir dil olarak \u00f6\u011frenenlerin ve de\u011ferli meslekta\u015flar\u0131m\u0131n hizmetine sunmak amac\u0131yla bu kitab\u0131 haz\u0131rlam\u0131\u015f bulunuyorum. Ali Evler <\/p>\n","protected":false},"excerpt":{"rendered":"<p>Kompozisyon Yazma Y\u00f6ntemleri adl\u0131 bu kitab\u0131n yaz\u0131lmas\u0131na bizi ba\u015fl\u0131ca iki neden cesaretlendirmi\u015ftir. Bunlardan birincisi \u015fudur: \u00fcniversitede zorunlu olarak okutulan \u0130ngilizce servis derslerinde ve \u0130ngilizce haz\u0131rl\u0131k s\u0131n\u0131flar\u0131nda<span class=\"excerpt-hellip\"> [\u2026]<\/span><\/p>\n","protected":false},"featured_media":0,"template":"","meta":{"_monsterinsights_skip_tracking":false,"_monsterinsights_sitenote_active":false,"_monsterinsights_sitenote_note":"","_monsterinsights_sitenote_category":0},"product_brand":[],"product_cat":[14597,12566],"product_tag":[],"class_list":{"0":"post-775173","1":"product","2":"type-product","3":"status-publish","5":"product_cat-dil-ogrenimi","6":"product_cat-egitim","7":"pa_cilt-ciltsiz","8":"pa_tur-kitap","9":"pa_yayinevi-zet-akademi-yayinlari","10":"pa_yazar-ali-evler","12":"first","13":"instock","14":"sale","15":"shipping-taxable","16":"purchasable","17":"product-type-simple"},"_links":{"self":[{"href":"https:\/\/roveyayinevi.com.tr\/index.php\/wp-json\/wp\/v2\/product\/775173","targetHints":{"allow":["GET"]}}],"collection":[{"href":"https:\/\/roveyayinevi.com.tr\/index.php\/wp-json\/wp\/v2\/product"}],"about":[{"href":"https:\/\/roveyayinevi.com.tr\/index.php\/wp-json\/wp\/v2\/types\/product"}],"wp:attachment":[{"href":"https:\/\/roveyayinevi.com.tr\/index.php\/wp-json\/wp\/v2\/media?parent=775173"}],"wp:term":[{"taxonomy":"product_brand","embeddable":true,"href":"https:\/\/roveyayinevi.com.tr\/index.php\/wp-json\/wp\/v2\/product_brand?post=775173"},{"taxonomy":"product_cat","embeddable":true,"href":"https:\/\/roveyayinevi.com.tr\/index.php\/wp-json\/wp\/v2\/product_cat?post=775173"},{"taxonomy":"product_tag","embeddable":true,"href":"https:\/\/roveyayinevi.com.tr\/index.php\/wp-json\/wp\/v2\/product_tag?post=775173"}],"curies":[{"name":"wp","href":"https:\/\/api.w.org\/{rel}","templated":true}]}}