{"id":775171,"date":"2025-09-09T18:24:38","date_gmt":"2025-09-09T15:24:38","guid":{"rendered":"https:\/\/roveyayinevi.com.tr\/index.php\/urun\/mektup-2\/"},"modified":"2026-04-15T03:39:16","modified_gmt":"2026-04-15T00:39:16","slug":"mektup-2","status":"publish","type":"product","link":"https:\/\/roveyayinevi.com.tr\/index.php\/urun\/mektup-2\/","title":{"rendered":"Mektup"},"content":{"rendered":"<p>Hayat\u0131n ger\u00e7e\u011fini i\u015fleyen s\u0131ra d\u0131\u015f\u0131 geli\u015fmeler ve s\u00fcrprizlerle dolu bir roman&#8230; Uzak m\u0131 uzak gizemli bir k\u00f6y&#8230; Gen\u00e7 \u00f6\u011fretmen Mirza Emir\u2019in bir mektupla ba\u015flayan kendini aray\u0131\u015f \u00f6yk\u00fcs\u00fc&#8230; Kurguyla ger\u00e7e\u011fin i\u00e7 i\u00e7e ge\u00e7ti\u011fi bu \u00f6yk\u00fcde, Mirza\u2019n\u0131n ba\u015f\u0131na neler gelecektir? G\u00fcl\u2019e olan a\u015fk\u0131 mutlu sonla bitecek midir? \u00dcst\u00fcn D\u00f6kmen, bu romanda, bazen a\u015f\u0131r\u0131 h\u0131rs\u0131n ve temelsiz inan\u00e7lar\u0131n, nas\u0131l b\u00fcy\u00fck yang\u0131nlara d\u00f6n\u00fc\u015febilece\u011fini, sadece muhterisi ve muktediri de\u011fil, beraberinde pek \u00e7ok ki\u015fiyi de etkileyebilece\u011fini g\u00f6sterirken okuyucuyu, kendini ve ya\u015fam\u0131 sorgulatan bir yolculu\u011fa davet ediyor.<\/p>\n","protected":false},"excerpt":{"rendered":"<p>Hayat\u0131n ger\u00e7e\u011fini i\u015fleyen s\u0131ra d\u0131\u015f\u0131 geli\u015fmeler ve s\u00fcrprizlerle dolu bir roman&#8230; Uzak m\u0131 uzak gizemli bir k\u00f6y&#8230; Gen\u00e7 \u00f6\u011fretmen Mirza Emir\u2019in bir mektupla ba\u015flayan kendini aray\u0131\u015f<span class=\"excerpt-hellip\"> [\u2026]<\/span><\/p>\n","protected":false},"featured_media":0,"template":"","meta":{"_monsterinsights_skip_tracking":false,"_monsterinsights_sitenote_active":false,"_monsterinsights_sitenote_note":"","_monsterinsights_sitenote_category":0},"product_brand":[],"product_cat":[12291,12711],"product_tag":[],"class_list":{"0":"post-775171","1":"product","2":"type-product","3":"status-publish","5":"product_cat-edebiyat","6":"product_cat-roman-oyku","7":"pa_cilt-ciltsiz","8":"pa_tur-kitap","9":"pa_yayinevi-remzi-kitabevi","10":"pa_yazar-ustun-dokmen","12":"first","13":"instock","14":"sale","15":"shipping-taxable","16":"purchasable","17":"product-type-simple"},"_links":{"self":[{"href":"https:\/\/roveyayinevi.com.tr\/index.php\/wp-json\/wp\/v2\/product\/775171","targetHints":{"allow":["GET"]}}],"collection":[{"href":"https:\/\/roveyayinevi.com.tr\/index.php\/wp-json\/wp\/v2\/product"}],"about":[{"href":"https:\/\/roveyayinevi.com.tr\/index.php\/wp-json\/wp\/v2\/types\/product"}],"wp:attachment":[{"href":"https:\/\/roveyayinevi.com.tr\/index.php\/wp-json\/wp\/v2\/media?parent=775171"}],"wp:term":[{"taxonomy":"product_brand","embeddable":true,"href":"https:\/\/roveyayinevi.com.tr\/index.php\/wp-json\/wp\/v2\/product_brand?post=775171"},{"taxonomy":"product_cat","embeddable":true,"href":"https:\/\/roveyayinevi.com.tr\/index.php\/wp-json\/wp\/v2\/product_cat?post=775171"},{"taxonomy":"product_tag","embeddable":true,"href":"https:\/\/roveyayinevi.com.tr\/index.php\/wp-json\/wp\/v2\/product_tag?post=775171"}],"curies":[{"name":"wp","href":"https:\/\/api.w.org\/{rel}","templated":true}]}}