{"id":775170,"date":"2025-09-09T18:22:45","date_gmt":"2025-09-09T15:22:45","guid":{"rendered":"https:\/\/roveyayinevi.com.tr\/index.php\/urun\/marguerite-yourcenarin-dogu-oykuleri-adli-yapitina-arketipsel-bir-yaklasim\/"},"modified":"2026-04-15T03:38:52","modified_gmt":"2026-04-15T00:38:52","slug":"marguerite-yourcenarin-dogu-oykuleri-adli-yapitina-arketipsel-bir-yaklasim","status":"publish","type":"product","link":"https:\/\/roveyayinevi.com.tr\/index.php\/urun\/marguerite-yourcenarin-dogu-oykuleri-adli-yapitina-arketipsel-bir-yaklasim\/","title":{"rendered":"Marguerite Yourcenar\u2019\u0131n Do\u011fu \u00d6yk\u00fcleri Adl\u0131 Yap\u0131t\u0131na Arketipsel Bir Yakla\u015f\u0131m"},"content":{"rendered":"<p>\u0130\u00e7indekiler :     1. M\u0130TLER VE ARKET\u0130PLER   2. ARKET\u0130P\u00c7\u0130 ELE\u015eT\u0130R\u0130 KURAMININ OLU\u015eUMUNDA YER ALAN PS\u0130KANAL\u0130Z   3. ARKET\u0130P\u00c7\u0130 ELE\u015eT\u0130R\u0130 KURAMININ GEL\u0130\u015e\u0130M\u0130NDE YER ALAN ANAL\u0130T\u0130K PS\u0130KOLOJ\u0130   4. ARKET\u0130P\u00c7\u0130 ELE\u015eT\u0130R\u0130 KURAMI   5. DO\u011eU \u00d6YK\u00dcLER\u0130 ADLI YAPITIN ARKET\u0130P\u00c7\u0130 ELE\u015eT\u0130R\u0130 KURAMI \u00c7ER\u00c7EVES\u0130NDE ANAL\u0130Z\u0130  <\/p>\n","protected":false},"excerpt":{"rendered":"<p>\u0130\u00e7indekiler : 1. M\u0130TLER VE ARKET\u0130PLER 2. ARKET\u0130P\u00c7\u0130 ELE\u015eT\u0130R\u0130 KURAMININ OLU\u015eUMUNDA YER ALAN PS\u0130KANAL\u0130Z 3. ARKET\u0130P\u00c7\u0130 ELE\u015eT\u0130R\u0130 KURAMININ GEL\u0130\u015e\u0130M\u0130NDE YER ALAN ANAL\u0130T\u0130K PS\u0130KOLOJ\u0130 4. ARKET\u0130P\u00c7\u0130 ELE\u015eT\u0130R\u0130<span class=\"excerpt-hellip\"> [\u2026]<\/span><\/p>\n","protected":false},"featured_media":0,"template":"","meta":{"_monsterinsights_skip_tracking":false,"_monsterinsights_sitenote_active":false,"_monsterinsights_sitenote_note":"","_monsterinsights_sitenote_category":0},"product_brand":[],"product_cat":[12291],"product_tag":[],"class_list":{"0":"post-775170","1":"product","2":"type-product","3":"status-publish","5":"product_cat-edebiyat","6":"pa_cilt-ciltsiz","7":"pa_tur-kitap","8":"pa_yayinevi-gazi-kitabevi","9":"pa_yazar-sevil-koksal","11":"first","12":"instock","13":"sale","14":"shipping-taxable","15":"purchasable","16":"product-type-simple"},"_links":{"self":[{"href":"https:\/\/roveyayinevi.com.tr\/index.php\/wp-json\/wp\/v2\/product\/775170","targetHints":{"allow":["GET"]}}],"collection":[{"href":"https:\/\/roveyayinevi.com.tr\/index.php\/wp-json\/wp\/v2\/product"}],"about":[{"href":"https:\/\/roveyayinevi.com.tr\/index.php\/wp-json\/wp\/v2\/types\/product"}],"wp:attachment":[{"href":"https:\/\/roveyayinevi.com.tr\/index.php\/wp-json\/wp\/v2\/media?parent=775170"}],"wp:term":[{"taxonomy":"product_brand","embeddable":true,"href":"https:\/\/roveyayinevi.com.tr\/index.php\/wp-json\/wp\/v2\/product_brand?post=775170"},{"taxonomy":"product_cat","embeddable":true,"href":"https:\/\/roveyayinevi.com.tr\/index.php\/wp-json\/wp\/v2\/product_cat?post=775170"},{"taxonomy":"product_tag","embeddable":true,"href":"https:\/\/roveyayinevi.com.tr\/index.php\/wp-json\/wp\/v2\/product_tag?post=775170"}],"curies":[{"name":"wp","href":"https:\/\/api.w.org\/{rel}","templated":true}]}}