{"id":775166,"date":"2025-09-09T18:20:57","date_gmt":"2025-09-09T15:20:57","guid":{"rendered":"https:\/\/roveyayinevi.com.tr\/index.php\/urun\/alevilik-bektasilik-ahilik-arastirmalar-incelemeler\/"},"modified":"2026-04-15T03:38:47","modified_gmt":"2026-04-15T00:38:47","slug":"alevilik-bektasilik-ahilik-arastirmalar-incelemeler","status":"publish","type":"product","link":"https:\/\/roveyayinevi.com.tr\/index.php\/urun\/alevilik-bektasilik-ahilik-arastirmalar-incelemeler\/","title":{"rendered":"Alevilik, Bekta\u015filik, Ahilik (Ara\u015ft\u0131rmalar-\u0130ncelemeler)"},"content":{"rendered":"<p>T\u00fcrkistan\u2019dan Horasan\u2019a, Horasan\u2019dan Anadolu\u2019ya, Anadolu&#8217;dan Balkanlara uzanan dil, k\u00fclt\u00fcr ve inan\u00e7 aktar\u0131m\u0131n\u0131n \u00f6nc\u00fcleri aras\u0131nda Vefa\u00ee, Kalenderi, Haydar\u00ee, Baba\u00ee, Bekta\u015f\u00ee, Alev\u00ee dervi\u015fleri yer al\u0131r. Ehlidil, ehlihal ve ehliyol olan bu \u00f6nc\u00fcler, \u201cKolonizat\u00f6r T\u00fcrk dervi\u015fleri&#8221; olarak da adland\u0131r\u0131l\u0131r. Ehlilisan, ehliirfan ve ehliinsan \u00f6zellikleriyle Anadolu&#8217;ya, Balkanlara g\u00f6n\u00fclseferberli\u011fi d\u00fczenleyen gazi dervi\u015fler, bu co\u011frafyan\u0131n ebed\u00ee T\u00fcrk vatan\u0131 olmas\u0131n\u0131 sa\u011flam\u0131\u015flard\u0131r. Ahmet Yesev\u00ee\u2019den Yunus Emre\u2019ye, Yunus Emre\u2019den Muhyiddin Abdal\u2019a uzanan yolda binlerce dervi\u015f-\u015fair, \u00e2\u015f\u0131k yeti\u015fmi\u015f, y\u00fczy\u0131llarboyunca zengin bir tasavvuf edebiyat\u0131 olu\u015fmu\u015ftur. Kam-\u015eamansanat\u0131ndan Ozan-Baks\u0131 sanat\u0131na uzanan gelenekli ezgi, \u015fiir veanlat\u0131 birikimi, Dervi\u015f sanat\u0131 ve Ozan sanat\u0131na yol a\u00e7m\u0131\u015ft\u0131r.        Yerle\u015fik hayata ge\u00e7i\u015fin sosyok\u00fclt\u00fcrel ihtiya\u00e7lar\u0131 sebebiylezamanla \u00e2\u015f\u0131k sanat\u0131 ortaya \u00e7\u0131km\u0131\u015ft\u0131r. Dervi\u015f ve \u00e2\u015f\u0131k sanatlar\u0131n\u0131nolu\u015fumu ve geli\u015fimine \u00f6nemli katk\u0131lar sa\u011flayan Kalender\u00ee,Alev\u00ee, Bekta\u015f\u00ee z\u00fcmrelere mensup g\u00fc\u00e7l\u00fc sanat\u00e7\u0131lar yeti\u015fmi\u015ftir.Bu gelenek temsilcileri aras\u0131nda Abdal, Ata, Baba, Dede, Dervi\u015f,Kemter, Kul, Pir, Sultan, vd. gibi mahlaslar\u0131n kullan\u0131m\u0131 yayg\u0131nd\u0131r.       Prof. Dr. Bayram Durbilmez\u2019in \u201cAlev\u00eelik\u201d, \u201cBekta\u015f\u00eelik\u201d, &#8220;Ah\u00eelik&#8221; konulu ara\u015ft\u0131rma, inceleme yaz\u0131lar\u0131ndan bir k\u0131sm\u0131yla olu\u015fturulan kitapta alt\u0131 ana b\u00f6l\u00fcm yer almaktad\u0131r:     1. Alev\u00eelik, Bekta\u015f\u00eelik ve T\u00fcrk Edebiyat\u0131, 2. Balkanlarda Alev\u00eelikve Bekta\u015f\u00eelik, 3. Alev\u00ee, Bekta\u015f\u00ee Anlat\u0131lar\u0131nda Mitolojik Motifler,4. Ah\u00eelik K\u00fclt\u00fcr\u00fcn\u00fcn Kaynaklar\u0131, 5. Dervi\u015f Tarz\u0131 T\u00fcrk Edebiyat\u0131nda Kerbel\u00e2, 6. Alev\u00ee, S\u00fcnn\u00ee Karde\u015fli\u011fi.      Kitab\u0131n Alev\u00eelik, Bekta\u015f\u00eelik, Ah\u00eelik konulu ara\u015ft\u0131rma yapanakademik \u00e7evrelerle birlikte bu konulara ilgi duyan herkesehitap edebilece\u011fi d\u00fc\u015f\u00fcn\u00fclmektedir. <\/p>\n","protected":false},"excerpt":{"rendered":"<p>T\u00fcrkistan\u2019dan Horasan\u2019a, Horasan\u2019dan Anadolu\u2019ya, Anadolu&#8217;dan Balkanlara uzanan dil, k\u00fclt\u00fcr ve inan\u00e7 aktar\u0131m\u0131n\u0131n \u00f6nc\u00fcleri aras\u0131nda Vefa\u00ee, Kalenderi, Haydar\u00ee, Baba\u00ee, Bekta\u015f\u00ee, Alev\u00ee dervi\u015fleri yer al\u0131r. Ehlidil, ehlihal ve<span class=\"excerpt-hellip\"> [\u2026]<\/span><\/p>\n","protected":false},"featured_media":0,"template":"","meta":{"_monsterinsights_skip_tracking":false,"_monsterinsights_sitenote_active":false,"_monsterinsights_sitenote_note":"","_monsterinsights_sitenote_category":0},"product_brand":[],"product_cat":[13575,12718,12719],"product_tag":[],"class_list":{"0":"post-775166","1":"product","2":"type-product","3":"status-publish","5":"product_cat-alevilik-bektasilik","6":"product_cat-din","7":"product_cat-islam","8":"pa_cilt-ciltsiz","9":"pa_tur-kitap","10":"pa_yayinevi-bilge-kultur-sanat","11":"pa_yazar-bayram-durbilmez","13":"first","14":"instock","15":"sale","16":"shipping-taxable","17":"purchasable","18":"product-type-simple"},"_links":{"self":[{"href":"https:\/\/roveyayinevi.com.tr\/index.php\/wp-json\/wp\/v2\/product\/775166","targetHints":{"allow":["GET"]}}],"collection":[{"href":"https:\/\/roveyayinevi.com.tr\/index.php\/wp-json\/wp\/v2\/product"}],"about":[{"href":"https:\/\/roveyayinevi.com.tr\/index.php\/wp-json\/wp\/v2\/types\/product"}],"wp:attachment":[{"href":"https:\/\/roveyayinevi.com.tr\/index.php\/wp-json\/wp\/v2\/media?parent=775166"}],"wp:term":[{"taxonomy":"product_brand","embeddable":true,"href":"https:\/\/roveyayinevi.com.tr\/index.php\/wp-json\/wp\/v2\/product_brand?post=775166"},{"taxonomy":"product_cat","embeddable":true,"href":"https:\/\/roveyayinevi.com.tr\/index.php\/wp-json\/wp\/v2\/product_cat?post=775166"},{"taxonomy":"product_tag","embeddable":true,"href":"https:\/\/roveyayinevi.com.tr\/index.php\/wp-json\/wp\/v2\/product_tag?post=775166"}],"curies":[{"name":"wp","href":"https:\/\/api.w.org\/{rel}","templated":true}]}}