{"id":775165,"date":"2025-09-09T18:17:00","date_gmt":"2025-09-09T15:17:00","guid":{"rendered":"https:\/\/roveyayinevi.com.tr\/index.php\/urun\/iyi-ki-varsin-allahim\/"},"modified":"2026-04-15T03:38:16","modified_gmt":"2026-04-15T00:38:16","slug":"iyi-ki-varsin-allahim","status":"publish","type":"product","link":"https:\/\/roveyayinevi.com.tr\/index.php\/urun\/iyi-ki-varsin-allahim\/","title":{"rendered":"\u0130yi Ki vars\u0131n Allah&#8217;\u0131m"},"content":{"rendered":"<p>Ya\u011fmur, damla damla inerken ayn\u0131 c\u00fcmleyi s\u00f6yledi. Tohum, topra\u011fa d\u00fc\u015ft\u00fc\u011f\u00fcnde ayn\u0131 c\u00fcmleyi tekrar etti. Bir \u00e7ocu\u011fun a\u011flamas\u0131nda, bir annenin duas\u0131nda ayn\u0131 c\u00fcmle sakl\u0131yd\u0131. Yakup&#8217;un hasretinde, Yusuf&#8217;un zindan\u0131nda ayn\u0131 c\u00fcmle yaz\u0131l\u0131yd\u0131. Gecenin g\u00fcnd\u00fcze, g\u00fcne\u015fin y\u0131ld\u0131za bak\u0131\u015f\u0131nda; Ay\u0131n Mira\u00e7&#8217;a selam duru\u015funda; Hz. Peygamber&#8217;in \u015f\u00fck\u00fcr namaz\u0131nda ayn\u0131 c\u00fcmle yank\u0131land\u0131: \u0130yi ki vars\u0131n ALLAH&#8217;\u0131m! Yazar Adnan \u00dcnal, \u0130yi Ki Vars\u0131n Allah&#8217;\u0131m isimli kitab\u0131nda, insanlar\u0131 b\u00fcy\u00fck bir muhasebeye davet ediyor. Kul olarak geldi\u011fimiz bu d\u00fcnyada; kullu\u011fun boyutlar\u0131n\u0131 ve kul olman\u0131n en b\u00fcy\u00fck gereklerini sorgulat\u0131yor insanlara. Her dara d\u00fc\u015ft\u00fc\u011f\u00fcm\u00fczde \u00e7ald\u0131\u011f\u0131m\u0131z ayn\u0131 kap\u0131y\u0131, g\u00fcnl\u00fck ya\u015famda nas\u0131l her daim ziyaret edece\u011fimizi g\u00f6steriyor. \u015e\u00fckretmenin erdemlerini ve kul olman\u0131n \u015f\u00fck\u00fcrle g\u00fczelle\u015fmesini, ayetlerle, hadislerle ve hikayelerle g\u00f6zler \u00f6n\u00fcne seriyor. Ve en sonunda insanlara ayn\u0131 c\u00fcmleyi tekrar etmeyi i\u00e7selle\u015ftiriyor: \u0130yi ki Vars\u0131n Allah&#8217;\u0131m!<\/p>\n","protected":false},"excerpt":{"rendered":"<p>Ya\u011fmur, damla damla inerken ayn\u0131 c\u00fcmleyi s\u00f6yledi. Tohum, topra\u011fa d\u00fc\u015ft\u00fc\u011f\u00fcnde ayn\u0131 c\u00fcmleyi tekrar etti. Bir \u00e7ocu\u011fun a\u011flamas\u0131nda, bir annenin duas\u0131nda ayn\u0131 c\u00fcmle sakl\u0131yd\u0131. Yakup&#8217;un hasretinde, Yusuf&#8217;un<span class=\"excerpt-hellip\"> [\u2026]<\/span><\/p>\n","protected":false},"featured_media":0,"template":"","meta":{"_monsterinsights_skip_tracking":false,"_monsterinsights_sitenote_active":false,"_monsterinsights_sitenote_note":"","_monsterinsights_sitenote_category":0},"product_brand":[],"product_cat":[12718,12719,12720],"product_tag":[],"class_list":{"0":"post-775165","1":"product","2":"type-product","3":"status-publish","5":"product_cat-din","6":"product_cat-islam","7":"product_cat-tasavvuf-mezhepler-tarikatlar","8":"pa_cilt-ciltsiz","9":"pa_tur-kitap","10":"pa_yayinevi-mihenk-kitap","11":"pa_yazar-adnan-unal","13":"first","14":"instock","15":"sale","16":"shipping-taxable","17":"purchasable","18":"product-type-simple"},"_links":{"self":[{"href":"https:\/\/roveyayinevi.com.tr\/index.php\/wp-json\/wp\/v2\/product\/775165","targetHints":{"allow":["GET"]}}],"collection":[{"href":"https:\/\/roveyayinevi.com.tr\/index.php\/wp-json\/wp\/v2\/product"}],"about":[{"href":"https:\/\/roveyayinevi.com.tr\/index.php\/wp-json\/wp\/v2\/types\/product"}],"wp:attachment":[{"href":"https:\/\/roveyayinevi.com.tr\/index.php\/wp-json\/wp\/v2\/media?parent=775165"}],"wp:term":[{"taxonomy":"product_brand","embeddable":true,"href":"https:\/\/roveyayinevi.com.tr\/index.php\/wp-json\/wp\/v2\/product_brand?post=775165"},{"taxonomy":"product_cat","embeddable":true,"href":"https:\/\/roveyayinevi.com.tr\/index.php\/wp-json\/wp\/v2\/product_cat?post=775165"},{"taxonomy":"product_tag","embeddable":true,"href":"https:\/\/roveyayinevi.com.tr\/index.php\/wp-json\/wp\/v2\/product_tag?post=775165"}],"curies":[{"name":"wp","href":"https:\/\/api.w.org\/{rel}","templated":true}]}}