{"id":775163,"date":"2025-09-09T18:12:44","date_gmt":"2025-09-09T15:12:44","guid":{"rendered":"https:\/\/roveyayinevi.com.tr\/index.php\/urun\/dunyayi-yoneten-gizli-cemiyetler\/"},"modified":"2026-04-15T03:37:39","modified_gmt":"2026-04-15T00:37:39","slug":"dunyayi-yoneten-gizli-cemiyetler","status":"publish","type":"product","link":"https:\/\/roveyayinevi.com.tr\/index.php\/urun\/dunyayi-yoneten-gizli-cemiyetler\/","title":{"rendered":"D\u00fcnyay\u0131 Y\u00f6neten Gizli Cemiyetler"},"content":{"rendered":"<p>Tarih boyunca gizliye ya da bilinmeyene duyulan ilgi zaman\u0131m\u0131zda bile bir\u00e7ok ki\u015finin ilgi kayna\u011f\u0131 olmu\u015ftur. Bu gizemli bilgiler \u00fc\u00e7 b\u00fcy\u00fck dinin ve inan\u00e7 sisteminin de yozla\u015fmas\u0131na sebep olmu\u015ftur.Gizli ve bir o kadar da gizemli te\u015fkilatlar yap\u0131lanmalar\u0131, uygulamalar\u0131, ayinleri ve toplum \u00fczerindeki etkileri sebebiyle gnostik halklar\u0131n olu\u015fmas\u0131na sebep olmu\u015ftur.Bu kitapta okuyaca\u011f\u0131n\u0131z pek \u00e7ok gizemli cemiyetler ise yer y\u00fcz\u00fcnde ya\u015fayan veya ya\u015fam\u0131\u015f olan uygarl\u0131klar\u0131n gizli s\u0131rlar\u0131n\u0131 bildiklerini, do\u011fan\u0131n gizemli yap\u0131s\u0131n\u0131 \u00e7\u00f6zd\u00fcklerini ve g\u00f6r\u00fcnmeyen alemin s\u0131r kap\u0131lar\u0131n\u0131 aralad\u0131klar\u0131n\u0131 iddia ediyorlar.\u0130lluminati, Masonlar, Tap\u0131nak \u015e\u00f6valyeleri, Cizvitler gibi tarikatlar ise d\u00fcnyay\u0131 y\u00f6netti\u011fi iddia edilen ve kendi ideallerinde de &#8220;homo &#8211; sapiens&#8221; olarak g\u00f6rd\u00fckleri cahiliyye insan\u0131n\u0131 inisiye ederek (geli\u015ftirerek) &#8220;Ayd\u0131nlanma&#8221; yolculu\u011funu tamamlayacaklar\u0131n\u0131 s\u00f6yl\u00fcyorlar.Elinizde tuttu\u011funuz bu kitap ise onlar\u0131n binlerce y\u0131ll\u0131k kadim s\u0131rlar\u0131n\u0131 de\u015fifre etmeye \u00e7al\u0131\u015f\u0131yor. Hayretle okuyaca\u011f\u0131n\u0131z sat\u0131rlara \u015fahit olurken, d\u00fcnyan\u0131n bilinen tarihinin yan\u0131 s\u0131ra perde arkas\u0131nda bilinmeyen bir tarihin oldu\u011funu da ruhsal bir ke\u015fif ile anlayacaks\u0131n\u0131z&#8230;<\/p>\n","protected":false},"excerpt":{"rendered":"<p>Tarih boyunca gizliye ya da bilinmeyene duyulan ilgi zaman\u0131m\u0131zda bile bir\u00e7ok ki\u015finin ilgi kayna\u011f\u0131 olmu\u015ftur. Bu gizemli bilgiler \u00fc\u00e7 b\u00fcy\u00fck dinin ve inan\u00e7 sisteminin de yozla\u015fmas\u0131na<span class=\"excerpt-hellip\"> [\u2026]<\/span><\/p>\n","protected":false},"featured_media":0,"template":"","meta":{"_monsterinsights_skip_tracking":false,"_monsterinsights_sitenote_active":false,"_monsterinsights_sitenote_note":"","_monsterinsights_sitenote_category":0},"product_brand":[],"product_cat":[12370,12304],"product_tag":[],"class_list":{"0":"post-775163","1":"product","2":"type-product","3":"status-publish","5":"product_cat-arastirma-inceleme","6":"product_cat-tarih","7":"pa_cilt-ciltsiz","8":"pa_tur-kitap","9":"pa_yayinevi-eftalya-kitap","10":"pa_yazar-kursad-berkkan","12":"first","13":"instock","14":"sale","15":"shipping-taxable","16":"purchasable","17":"product-type-simple"},"_links":{"self":[{"href":"https:\/\/roveyayinevi.com.tr\/index.php\/wp-json\/wp\/v2\/product\/775163","targetHints":{"allow":["GET"]}}],"collection":[{"href":"https:\/\/roveyayinevi.com.tr\/index.php\/wp-json\/wp\/v2\/product"}],"about":[{"href":"https:\/\/roveyayinevi.com.tr\/index.php\/wp-json\/wp\/v2\/types\/product"}],"wp:attachment":[{"href":"https:\/\/roveyayinevi.com.tr\/index.php\/wp-json\/wp\/v2\/media?parent=775163"}],"wp:term":[{"taxonomy":"product_brand","embeddable":true,"href":"https:\/\/roveyayinevi.com.tr\/index.php\/wp-json\/wp\/v2\/product_brand?post=775163"},{"taxonomy":"product_cat","embeddable":true,"href":"https:\/\/roveyayinevi.com.tr\/index.php\/wp-json\/wp\/v2\/product_cat?post=775163"},{"taxonomy":"product_tag","embeddable":true,"href":"https:\/\/roveyayinevi.com.tr\/index.php\/wp-json\/wp\/v2\/product_tag?post=775163"}],"curies":[{"name":"wp","href":"https:\/\/api.w.org\/{rel}","templated":true}]}}