{"id":775162,"date":"2025-09-09T18:12:12","date_gmt":"2025-09-09T15:12:12","guid":{"rendered":"https:\/\/roveyayinevi.com.tr\/index.php\/urun\/bir-karis-fazla-simendifer\/"},"modified":"2026-04-15T03:37:37","modified_gmt":"2026-04-15T00:37:37","slug":"bir-karis-fazla-simendifer","status":"publish","type":"product","link":"https:\/\/roveyayinevi.com.tr\/index.php\/urun\/bir-karis-fazla-simendifer\/","title":{"rendered":"Bir Kar\u0131\u015f Fazla \u015eimendifer"},"content":{"rendered":"<p>Cumhuriyetimizin iktisadi tarihini, oda\u011f\u0131na \u00e7o\u011fu zaman g\u00f6zden ka\u00e7m\u0131\u015f \u00f6nemli tarihsel d\u00f6neme\u00e7leri alarak titizlikle inceliyor Serdar \u015eahinkaya. Bu yeni \u00e7al\u0131\u015fmas\u0131nda da, Ba\u015fvekil \u0130smet Pa\u015fa\u2019n\u0131n 30 A\u011fustos 1930 Sivas Nutku \u0131\u015f\u0131\u011f\u0131nda, Osmanl\u0131\u2019dan Cumhuriyet\u2019e demiryollar\u0131 meselesini kaleme al\u0131rken; emperyalizme teslimiyetten, ba\u011f\u0131ms\u0131zl\u0131\u011fa uzanan bir d\u00f6nemecin ayd\u0131nlat\u0131lmam\u0131\u015f noktalar\u0131na \u0131\u015f\u0131k tutuyor.\u201cSerdar \u015eahinkaya\u2019n\u0131n kitapta yer verdi\u011fi belgeler i\u00e7inde biri \u00f6zellikle \u00e7arp\u0131c\u0131d\u0131r. \u2018Times\u2019\u0131n 16 Kas\u0131m 1858 tarihinde aktard\u0131\u011f\u0131 haber. \u0130ngiltere\u2019nin \u0130stanbul (Konstantinopl) B\u00fcy\u00fckel\u00e7isi Lord Stratford de Redcliffe \u0130zmir\u2019de Punta (Alsancak) Tren \u0130stasyonu\u2019nun temelini at\u0131yor ve konu\u015fuyor. \u015e\u00f6yle diyor: \u2018Bat\u0131 uygarl\u0131\u011f\u0131 levant (yak\u0131n do\u011fu) kap\u0131lar\u0131na geldi, dayand\u0131. \u015eimdiye kadar ge\u00e7meyi ba\u015faramad\u0131\u011f\u0131m\u0131z bu kap\u0131lar ard\u0131na kadar a\u00e7\u0131lmazsa, kendi \u00e7\u0131karlar\u0131m\u0131z do\u011frultusunda zor kullanarak bu kap\u0131lar\u0131 a\u00e7acak g\u00fcce, hatta daha fazlas\u0131na sahip oldu\u011fumuzu herkesin bilmesini isterim.\u2019 Demiryolunun nas\u0131l emperyal bir \u2018asset\u2019 oldu\u011funu ve ba\u015fka bir \u015fey olmad\u0131\u011f\u0131n\u0131 i\u015fin sahibinden ba\u015fka kim daha a\u00e7\u0131k anlatabilir? Kendi getirdi\u011fi trenle Osmanl\u0131 kap\u0131lar\u0131n\u0131 a\u00e7\u0131p giriyor. O demiryollar\u0131, emperyalizmindir.\u201dBilsay Kuru\u00e7 <\/p>\n","protected":false},"excerpt":{"rendered":"<p>Cumhuriyetimizin iktisadi tarihini, oda\u011f\u0131na \u00e7o\u011fu zaman g\u00f6zden ka\u00e7m\u0131\u015f \u00f6nemli tarihsel d\u00f6neme\u00e7leri alarak titizlikle inceliyor Serdar \u015eahinkaya. Bu yeni \u00e7al\u0131\u015fmas\u0131nda da, Ba\u015fvekil \u0130smet Pa\u015fa\u2019n\u0131n 30 A\u011fustos 1930<span class=\"excerpt-hellip\"> [\u2026]<\/span><\/p>\n","protected":false},"featured_media":0,"template":"","meta":{"_monsterinsights_skip_tracking":false,"_monsterinsights_sitenote_active":false,"_monsterinsights_sitenote_note":"","_monsterinsights_sitenote_category":0},"product_brand":[],"product_cat":[12304],"product_tag":[],"class_list":{"0":"post-775162","1":"product","2":"type-product","3":"status-publish","5":"product_cat-tarih","6":"pa_cilt-ciltsiz","7":"pa_tur-kitap","8":"pa_yayinevi-telgrafhane-yayinlari","9":"pa_yazar-serdar-sahinkaya","11":"first","12":"instock","13":"sale","14":"shipping-taxable","15":"purchasable","16":"product-type-simple"},"_links":{"self":[{"href":"https:\/\/roveyayinevi.com.tr\/index.php\/wp-json\/wp\/v2\/product\/775162","targetHints":{"allow":["GET"]}}],"collection":[{"href":"https:\/\/roveyayinevi.com.tr\/index.php\/wp-json\/wp\/v2\/product"}],"about":[{"href":"https:\/\/roveyayinevi.com.tr\/index.php\/wp-json\/wp\/v2\/types\/product"}],"wp:attachment":[{"href":"https:\/\/roveyayinevi.com.tr\/index.php\/wp-json\/wp\/v2\/media?parent=775162"}],"wp:term":[{"taxonomy":"product_brand","embeddable":true,"href":"https:\/\/roveyayinevi.com.tr\/index.php\/wp-json\/wp\/v2\/product_brand?post=775162"},{"taxonomy":"product_cat","embeddable":true,"href":"https:\/\/roveyayinevi.com.tr\/index.php\/wp-json\/wp\/v2\/product_cat?post=775162"},{"taxonomy":"product_tag","embeddable":true,"href":"https:\/\/roveyayinevi.com.tr\/index.php\/wp-json\/wp\/v2\/product_tag?post=775162"}],"curies":[{"name":"wp","href":"https:\/\/api.w.org\/{rel}","templated":true}]}}