{"id":775161,"date":"2025-09-09T18:11:46","date_gmt":"2025-09-09T15:11:46","guid":{"rendered":"https:\/\/roveyayinevi.com.tr\/index.php\/urun\/dunya-sular-altinda\/"},"modified":"2026-04-15T03:37:35","modified_gmt":"2026-04-15T00:37:35","slug":"dunya-sular-altinda","status":"publish","type":"product","link":"https:\/\/roveyayinevi.com.tr\/index.php\/urun\/dunya-sular-altinda\/","title":{"rendered":"D\u00fcnya Sular Alt\u0131nda"},"content":{"rendered":"<p>D\u00fcnya sular alt\u0131nda kalsa da medeniyet asla yok olmayacak.Cary Fagan&#8217;\u0131n kaleme ald\u0131\u011f\u0131 Du\u0308nya Sular Alt\u0131nda, gezegenimizin gelece\u011fini tehdit eden en \u00f6nemli sorunlardan olan iklim krizine dikkat \u00e7eken, \u00e7arp\u0131c\u0131 bir distopya. Bildi\u011fi d\u00fcnyadan ans\u0131z\u0131n koparak hi\u00e7li\u011fin ortas\u0131na d\u00fc\u015fen bir \u00e7ocuk ile k\u00f6pe\u011finin hayatta kalma m\u00fccadelesini anlatan roman, sade ve s\u00fcrd\u00fcr\u00fclebilir bir ya\u015fam\u0131n m\u00fcmk\u00fcn olup olmad\u0131\u011f\u0131 hakk\u0131nda d\u00fc\u015f\u00fcnd\u00fcr\u00fcyor. S\u0131radan bir g\u00fcne uyand\u0131\u011f\u0131n\u0131 d\u00fc\u015f\u00fcnen Rafe, \u00e7ok ge\u00e7meden i\u00e7inde bulundu\u011fu tuhaf durumun ay\u0131rd\u0131na var\u0131r. Penceresinden tek g\u00f6rebildi\u011fi maviliktir. Odas\u0131 sanki evlerinden kopmu\u015f ufak bir kul\u00fcbe misali ucu buca\u011f\u0131 olmayan sularda s\u00fcr\u00fckleniyordur. Tan\u0131d\u0131\u011f\u0131, g\u00f6rd\u00fc\u011f\u00fc, sevdi\u011fi her \u015fey nereye kaybolmu\u015ftur? G\u00fcnler geceler boyunca odas\u0131yla birlikte suyun \u00fczerinde y\u00fczerken kendisiyle benzer kaderi payla\u015fanlarla yollar\u0131 kesi\u015fir. Yoksa ufukta bir kara par\u00e7as\u0131 g\u00f6rmeyi umarlarken d\u00fcnya \u00e7oktan yitip gitmi\u015f midir? \u00d6zg\u00fcn hik\u00e2yesi ve sinematografik kurgusuyla \u00f6ne \u00e7\u0131kan bu nefes kesici macera, kaderimizi tekrar elimize almam\u0131z i\u00e7in hi\u00e7bir zaman ge\u00e7 olmad\u0131\u011f\u0131n\u0131 hat\u0131rlat\u0131yor. Bu kitab\u0131 okuyanlar\u0131 neler bekliyor?* Ortak bir ama\u00e7 u\u011fruna birlik, beraberlik ve dayan\u0131\u015fman\u0131n g\u00fcc\u00fcn\u00fc ke\u015ffettiriyor. * Daha ya\u015fanabilir bir d\u00fcnya i\u00e7in \u00e7evreye duyarl\u0131 olman\u0131n \u00f6nemini fark ettiriyor.  <\/p>\n","protected":false},"excerpt":{"rendered":"<p>D\u00fcnya sular alt\u0131nda kalsa da medeniyet asla yok olmayacak.Cary Fagan&#8217;\u0131n kaleme ald\u0131\u011f\u0131 Du\u0308nya Sular Alt\u0131nda, gezegenimizin gelece\u011fini tehdit eden en \u00f6nemli sorunlardan olan iklim krizine dikkat<span class=\"excerpt-hellip\"> [\u2026]<\/span><\/p>\n","protected":false},"featured_media":0,"template":"","meta":{"_monsterinsights_skip_tracking":false,"_monsterinsights_sitenote_active":false,"_monsterinsights_sitenote_note":"","_monsterinsights_sitenote_category":0},"product_brand":[],"product_cat":[12274,12284],"product_tag":[],"class_list":{"0":"post-775161","1":"product","2":"type-product","3":"status-publish","5":"product_cat-cocuk-ve-genclik-kitaplari","6":"product_cat-hikayeler","7":"pa_cilt-ciltsiz","8":"pa_tur-kitap","9":"pa_yayinevi-tudem-yayinlari","10":"pa_yazar-cary-fagan","12":"first","13":"instock","14":"sale","15":"shipping-taxable","16":"purchasable","17":"product-type-simple"},"_links":{"self":[{"href":"https:\/\/roveyayinevi.com.tr\/index.php\/wp-json\/wp\/v2\/product\/775161","targetHints":{"allow":["GET"]}}],"collection":[{"href":"https:\/\/roveyayinevi.com.tr\/index.php\/wp-json\/wp\/v2\/product"}],"about":[{"href":"https:\/\/roveyayinevi.com.tr\/index.php\/wp-json\/wp\/v2\/types\/product"}],"wp:attachment":[{"href":"https:\/\/roveyayinevi.com.tr\/index.php\/wp-json\/wp\/v2\/media?parent=775161"}],"wp:term":[{"taxonomy":"product_brand","embeddable":true,"href":"https:\/\/roveyayinevi.com.tr\/index.php\/wp-json\/wp\/v2\/product_brand?post=775161"},{"taxonomy":"product_cat","embeddable":true,"href":"https:\/\/roveyayinevi.com.tr\/index.php\/wp-json\/wp\/v2\/product_cat?post=775161"},{"taxonomy":"product_tag","embeddable":true,"href":"https:\/\/roveyayinevi.com.tr\/index.php\/wp-json\/wp\/v2\/product_tag?post=775161"}],"curies":[{"name":"wp","href":"https:\/\/api.w.org\/{rel}","templated":true}]}}