{"id":775160,"date":"2025-09-09T18:11:43","date_gmt":"2025-09-09T15:11:43","guid":{"rendered":"https:\/\/roveyayinevi.com.tr\/index.php\/urun\/is-arkadasi\/"},"modified":"2025-10-14T11:17:57","modified_gmt":"2025-10-14T08:17:57","slug":"is-arkadasi","status":"publish","type":"product","link":"https:\/\/roveyayinevi.com.tr\/index.php\/urun\/is-arkadasi\/","title":{"rendered":"\u0130\u015f Arkada\u015f\u0131"},"content":{"rendered":"<p>Dawn Schiff tuhaf biriydi.   En az\u0131ndan Dawn\u2019\u0131n muhasebeci olarak \u00e7al\u0131\u015ft\u0131\u011f\u0131 besin takviyesi firmas\u0131 Vixed\u2019daki herkes \u00f6yle du\u0308\u015fu\u0308nu\u0308yordu. Asla do\u011fru \u015feyi s\u00f6ylemezdi. Hi\u00e7 arkada\u015f\u0131 yoktu. Her gu\u0308n saat tam 08.45\u2019te masas\u0131nda olurdu.   Dolay\u0131s\u0131yla bir sabah ofise gelmeyince, be\u015f y\u0131ld\u0131r firman\u0131n en iyi sat\u0131\u015f temsilcisi olan i\u015f arkada\u015f\u0131 gu\u0308zel ve popu\u0308ler Natalie \u015fa\u015fk\u0131nl\u0131\u011fa u\u011frad\u0131. Sonra her \u015feyi de\u011fi\u015ftiren tedirgin edici, isimsiz bir telefon ald\u0131\u2026   Anla\u015f\u0131lan Dawn yaln\u0131zca d\u0131\u015flanm\u0131\u015f biri de\u011fildi; yak\u0131n\u0131ndaki biri taraf\u0131ndan hedef al\u0131nm\u0131\u015ft\u0131. Ve \u015fimdi Natalie, geri d\u00f6nu\u0308\u015fu\u0308 olmayan bi\u00e7imde Dawn\u2019a ba\u011flanm\u0131\u015f, kendini, onu merak i\u00e7inde b\u0131rakan bir kedi-fare oyununun ortas\u0131nda bulmu\u015ftu: As\u0131l kurban kim?   Son derece a\u00e7\u0131k olan bir \u015fey vard\u0131: Biri Dawn Schiff\u2019ten nefret ediyordu. Hem de onu \u00f6ldu\u0308recek kadar.   \u0130\u015f Arkada\u015f\u0131, New York Times \u00e7oksatan yazar\u0131 Freida McFadden\u2019dan ge\u00e7mi\u015fin gu\u0308nu\u0308mu\u0308ze hangi karanl\u0131k \u015fekillerde sirayet edebilece\u011fini ve bunun \u00f6lu\u0308mcu\u0308l sonu\u00e7lar\u0131n\u0131 i\u015fleyen, elinizden b\u0131rakmas\u0131 imk\u00e2ns\u0131z bir gerilim. <\/p>\n","protected":false},"excerpt":{"rendered":"<p>Dawn Schiff tuhaf biriydi. En az\u0131ndan Dawn\u2019\u0131n muhasebeci olarak \u00e7al\u0131\u015ft\u0131\u011f\u0131 besin takviyesi firmas\u0131 Vixed\u2019daki herkes \u00f6yle du\u0308\u015fu\u0308nu\u0308yordu. Asla do\u011fru \u015feyi s\u00f6ylemezdi. Hi\u00e7 arkada\u015f\u0131 yoktu. Her gu\u0308n<span class=\"excerpt-hellip\"> [\u2026]<\/span><\/p>\n","protected":false},"featured_media":0,"template":"","meta":{"_monsterinsights_skip_tracking":false,"_monsterinsights_sitenote_active":false,"_monsterinsights_sitenote_note":"","_monsterinsights_sitenote_category":0},"product_brand":[],"product_cat":[12291,17033],"product_tag":[],"class_list":{"0":"post-775160","1":"product","2":"type-product","3":"status-publish","5":"product_cat-edebiyat","6":"product_cat-korku-gerilim","7":"pa_cilt-ciltsiz","8":"pa_tur-kitap","9":"pa_yayinevi-olimpos-yayinlari","10":"pa_yazar-freida-mcfadden","12":"first","13":"instock","14":"sale","15":"shipping-taxable","16":"purchasable","17":"product-type-simple"},"_links":{"self":[{"href":"https:\/\/roveyayinevi.com.tr\/index.php\/wp-json\/wp\/v2\/product\/775160","targetHints":{"allow":["GET"]}}],"collection":[{"href":"https:\/\/roveyayinevi.com.tr\/index.php\/wp-json\/wp\/v2\/product"}],"about":[{"href":"https:\/\/roveyayinevi.com.tr\/index.php\/wp-json\/wp\/v2\/types\/product"}],"wp:attachment":[{"href":"https:\/\/roveyayinevi.com.tr\/index.php\/wp-json\/wp\/v2\/media?parent=775160"}],"wp:term":[{"taxonomy":"product_brand","embeddable":true,"href":"https:\/\/roveyayinevi.com.tr\/index.php\/wp-json\/wp\/v2\/product_brand?post=775160"},{"taxonomy":"product_cat","embeddable":true,"href":"https:\/\/roveyayinevi.com.tr\/index.php\/wp-json\/wp\/v2\/product_cat?post=775160"},{"taxonomy":"product_tag","embeddable":true,"href":"https:\/\/roveyayinevi.com.tr\/index.php\/wp-json\/wp\/v2\/product_tag?post=775160"}],"curies":[{"name":"wp","href":"https:\/\/api.w.org\/{rel}","templated":true}]}}