{"id":775159,"date":"2025-09-09T18:10:56","date_gmt":"2025-09-09T15:10:56","guid":{"rendered":"https:\/\/roveyayinevi.com.tr\/index.php\/urun\/dervis-sofralari-ciltli\/"},"modified":"2026-04-15T03:37:15","modified_gmt":"2026-04-15T00:37:15","slug":"dervis-sofralari-ciltli","status":"publish","type":"product","link":"https:\/\/roveyayinevi.com.tr\/index.php\/urun\/dervis-sofralari-ciltli\/","title":{"rendered":"Dervi\u015f Sofralar\u0131 (Ciltli)"},"content":{"rendered":"<p>\u201cBu kitap, ge\u00e7mi\u015ften bug\u00fcne uzanan, hem dama\u011fa hem ruha dokunan bir lezzet yolculu\u011funa davettir.\u201d   Mevlevilikte ka\u015f\u0131\u011f\u0131n sap\u0131 sa\u011fa, \u00e7ukur k\u0131sm\u0131 sofran\u0131n \u00fcst\u00fcne gelecek bi\u00e7imde ters kapat\u0131ld\u0131\u011f\u0131n\u0131, buna \u201cka\u015f\u0131k niyazda\u201d denildi\u011fini; Alevilik-Bekta\u015filikte ise ka\u015f\u0131\u011f\u0131n \u00e7ukur k\u0131sm\u0131n\u0131n yukar\u0131 bakt\u0131\u011f\u0131n\u0131, buna da \u201cka\u015f\u0131k duada\u201d denildi\u011fini biliyor muydunuz?   Alevilik-Bekta\u015filikte lokman\u0131n sohbetin bahanesi oldu\u011funu, lokmayla birlikte yap\u0131lan sohbetin g\u00f6n\u00fclleri ve ruhlar\u0131 ho\u015f etti\u011fini biliyor muydunuz? Ahilikte suya bir tutam tuz at\u0131l\u0131p \u201cbu \u015feriatt\u0131r\u201d, bir tutam daha at\u0131l\u0131p \u201cbu tarikatt\u0131r\u201d, \u00fc\u00e7\u00fcnc\u00fc tutamdan sonra da \u201cbu hakikattir\u201d dendi\u011fini ve talibe tuzlu su i\u00e7irildi\u011fini biliyor muydunuz?   Ye\u015filliklerin \u015feytan\u0131 kovdu\u011funu, \u00e7al\u0131\u015fkanl\u0131\u011f\u0131 sembolize eden suyun kini ve haseti s\u00f6nd\u00fcrd\u00fc\u011f\u00fcn\u00fc, tuzun dengeyi ve \u00f6l\u00e7\u00fcy\u00fc simgeledi\u011fini, pilav\u0131n ve helvan\u0131n t\u00f6rensel bir yiyecek oldu\u011funu biliyor muydunuz?   Dervi\u015f Sofralar\u0131, yaln\u0131zca bir yemek kitab\u0131 de\u011fil; as\u0131rlard\u0131r s\u00fcregelen bir \u00f6\u011freti, bir irfan yolculu\u011fu\u2026 Tasavvuf mutfa\u011f\u0131n\u0131n derin anlamlar\u0131yla bezenmi\u015f sofras\u0131na buyurun.   Gourmand \u00d6d\u00fcl\u00fc \/ Frankfurt Kitap Fuar\u0131 En \u0130yi Mutfak Tarihi Kitab\u0131 \u00d6d\u00fcl\u00fc <\/p>\n","protected":false},"excerpt":{"rendered":"<p>\u201cBu kitap, ge\u00e7mi\u015ften bug\u00fcne uzanan, hem dama\u011fa hem ruha dokunan bir lezzet yolculu\u011funa davettir.\u201d Mevlevilikte ka\u015f\u0131\u011f\u0131n sap\u0131 sa\u011fa, \u00e7ukur k\u0131sm\u0131 sofran\u0131n \u00fcst\u00fcne gelecek bi\u00e7imde ters kapat\u0131ld\u0131\u011f\u0131n\u0131,<span class=\"excerpt-hellip\"> [\u2026]<\/span><\/p>\n","protected":false},"featured_media":0,"template":"","meta":{"_monsterinsights_skip_tracking":false,"_monsterinsights_sitenote_active":false,"_monsterinsights_sitenote_note":"","_monsterinsights_sitenote_category":0},"product_brand":[],"product_cat":[12457],"product_tag":[],"class_list":{"0":"post-775159","1":"product","2":"type-product","3":"status-publish","5":"product_cat-yemek-kitaplari","6":"pa_cilt-ciltli","7":"pa_tur-kitap","8":"pa_yayinevi-dogan-kitap","9":"pa_yazar-sahrap-soysal","11":"first","12":"instock","13":"sale","14":"shipping-taxable","15":"purchasable","16":"product-type-simple"},"_links":{"self":[{"href":"https:\/\/roveyayinevi.com.tr\/index.php\/wp-json\/wp\/v2\/product\/775159","targetHints":{"allow":["GET"]}}],"collection":[{"href":"https:\/\/roveyayinevi.com.tr\/index.php\/wp-json\/wp\/v2\/product"}],"about":[{"href":"https:\/\/roveyayinevi.com.tr\/index.php\/wp-json\/wp\/v2\/types\/product"}],"wp:attachment":[{"href":"https:\/\/roveyayinevi.com.tr\/index.php\/wp-json\/wp\/v2\/media?parent=775159"}],"wp:term":[{"taxonomy":"product_brand","embeddable":true,"href":"https:\/\/roveyayinevi.com.tr\/index.php\/wp-json\/wp\/v2\/product_brand?post=775159"},{"taxonomy":"product_cat","embeddable":true,"href":"https:\/\/roveyayinevi.com.tr\/index.php\/wp-json\/wp\/v2\/product_cat?post=775159"},{"taxonomy":"product_tag","embeddable":true,"href":"https:\/\/roveyayinevi.com.tr\/index.php\/wp-json\/wp\/v2\/product_tag?post=775159"}],"curies":[{"name":"wp","href":"https:\/\/api.w.org\/{rel}","templated":true}]}}