{"id":775158,"date":"2025-09-09T18:09:31","date_gmt":"2025-09-09T15:09:31","guid":{"rendered":"https:\/\/roveyayinevi.com.tr\/index.php\/urun\/mizahperver\/"},"modified":"2026-04-15T03:37:09","modified_gmt":"2026-04-15T00:37:09","slug":"mizahperver","status":"publish","type":"product","link":"https:\/\/roveyayinevi.com.tr\/index.php\/urun\/mizahperver\/","title":{"rendered":"Mizahperver"},"content":{"rendered":"<p>O art\u0131k yeti\u015fkin bir bireydi. E\u011flenmeyi ve e\u011flendirmeyi \u00e7ok seviyordu. \u0130nsanlar\u0131 mutlu etmeyi kendisine vizyon edinmi\u015fti. Buna giden yol ise g\u00fcl\u00fcmsemekten ge\u00e7iyordu. Onun g\u00fcl\u00fcmsedi\u011fini g\u00f6ren insanlar da bir ne\u015fe h\u00e2kim oluyordu. Bir s\u00fcre sonra bu durum ona yetmemeye ba\u015flad\u0131 \u00e7\u00fcnk\u00fc mutluluk kadar mutsuzlukta bula\u015f\u0131c\u0131yd\u0131. G\u00fcl\u00fcmsetti\u011fi insanlar\u0131n mutlulu\u011fu \u00e7ok k\u0131sa s\u00fcrmekteydi. Daha fazla insana ula\u015fmas\u0131 gerekiyordu. \u0130\u015fte o an akl\u0131na bir fikir geldi. Yazmal\u0131yd\u0131. Daha fazla insan okuyana kadar. Daha fazla insan okuyup g\u00fcl\u00fcmseyene kadar. Yazmal\u0131yd\u0131. \u00c7\u00fcnk\u00fc hayat g\u00fczeldi. \u00c7\u00fcnk\u00fc hayat g\u00fcl\u00fcnce \u00e7ok daha g\u00fczeldi. Arkada\u015flar\u0131n\u0131 bar\u0131\u015ft\u0131rmak i\u00e7in hik\u00e2yeler yaz\u0131p y\u0131llar sonra yazar olan bir \u00e7ocuk, ilgin\u00e7 tan\u0131\u015fma hikayelerini \u00e7ocuklar\u0131yla payla\u015fan bir \u00e7ift, sevdi\u011fi k\u0131zla evlenebilmek i\u00e7in siyasete at\u0131lan bir gen\u00e7, arkada\u015flar\u0131n\u0131n dertleriyle dert sahibi olan bir ev arkada\u015f\u0131, ho\u015fland\u0131\u011f\u0131 k\u0131za ula\u015fabilmek i\u00e7in ku\u015flarla haber yollayan bir a\u015f\u0131k, \u0131ss\u0131z bir adada y\u0131llarca mahsur kald\u0131ktan sonra kurtulan ve geri d\u00f6nd\u00fc\u011f\u00fcnde D\u00fcnya\u2019n\u0131n eskisi gibi olmad\u0131\u011f\u0131n\u0131 anlayan bir adam, ilgisizli\u011finin sonu\u00e7lar\u0131yla y\u00fczle\u015fen bir sihirbaz, hayat\u0131 boyunca hayalindeki a\u015fk\u0131 arayan ve en sonunda buldu\u011funu sanan bir yolcu, sonu\u00e7lar\u0131n\u0131 d\u00fc\u015f\u00fcnmeden dilek dileyen bir \u015fanss\u0131z, sessizlik aray\u0131\u015f\u0131 i\u00e7inde olan bir bahts\u0131z. \u0130kinci kitab\u0131m Mizahperver, on adet abs\u00fcrt mizah hikayesinden olu\u015fan bir g\u00fcld\u00fcr\u00fc kitab\u0131d\u0131r. G\u00fcld\u00fcr\u00fcrken ayn\u0131 zamanda ikili ili\u015fkilere dair konular\u0131 olabilecek en komik haliyle sizlere aktarmakta ve abs\u00fcrt yan\u0131n\u0131 bizlere sunarak d\u00fc\u015f\u00fcnd\u00fcrmektedir. Her bir hik\u00e2ye sizi farkl\u0131 alemlere g\u00f6t\u00fcrecek ve bir nebzede olsa y\u00fcz\u00fcn\u00fcz\u00fc g\u00fcl\u00fcmsetecektir. Keyifle okuman\u0131z dile\u011fiyle&#8230; <\/p>\n","protected":false},"excerpt":{"rendered":"<p>O art\u0131k yeti\u015fkin bir bireydi. E\u011flenmeyi ve e\u011flendirmeyi \u00e7ok seviyordu. \u0130nsanlar\u0131 mutlu etmeyi kendisine vizyon edinmi\u015fti. Buna giden yol ise g\u00fcl\u00fcmsemekten ge\u00e7iyordu. Onun g\u00fcl\u00fcmsedi\u011fini g\u00f6ren insanlar<span class=\"excerpt-hellip\"> [\u2026]<\/span><\/p>\n","protected":false},"featured_media":0,"template":"","meta":{"_monsterinsights_skip_tracking":false,"_monsterinsights_sitenote_active":false,"_monsterinsights_sitenote_note":"","_monsterinsights_sitenote_category":0},"product_brand":[],"product_cat":[12291,14825],"product_tag":[],"class_list":{"0":"post-775158","1":"product","2":"type-product","3":"status-publish","5":"product_cat-edebiyat","6":"product_cat-mizah","7":"pa_cilt-ciltsiz","8":"pa_tur-kitap","9":"pa_yayinevi-vaveyla-yayincilik","10":"pa_yazar-emrah-sak","12":"first","13":"instock","14":"sale","15":"shipping-taxable","16":"purchasable","17":"product-type-simple"},"_links":{"self":[{"href":"https:\/\/roveyayinevi.com.tr\/index.php\/wp-json\/wp\/v2\/product\/775158","targetHints":{"allow":["GET"]}}],"collection":[{"href":"https:\/\/roveyayinevi.com.tr\/index.php\/wp-json\/wp\/v2\/product"}],"about":[{"href":"https:\/\/roveyayinevi.com.tr\/index.php\/wp-json\/wp\/v2\/types\/product"}],"wp:attachment":[{"href":"https:\/\/roveyayinevi.com.tr\/index.php\/wp-json\/wp\/v2\/media?parent=775158"}],"wp:term":[{"taxonomy":"product_brand","embeddable":true,"href":"https:\/\/roveyayinevi.com.tr\/index.php\/wp-json\/wp\/v2\/product_brand?post=775158"},{"taxonomy":"product_cat","embeddable":true,"href":"https:\/\/roveyayinevi.com.tr\/index.php\/wp-json\/wp\/v2\/product_cat?post=775158"},{"taxonomy":"product_tag","embeddable":true,"href":"https:\/\/roveyayinevi.com.tr\/index.php\/wp-json\/wp\/v2\/product_tag?post=775158"}],"curies":[{"name":"wp","href":"https:\/\/api.w.org\/{rel}","templated":true}]}}