{"id":775156,"date":"2025-09-09T18:07:08","date_gmt":"2025-09-09T15:07:08","guid":{"rendered":"https:\/\/roveyayinevi.com.tr\/index.php\/urun\/essiz-kutuphane\/"},"modified":"2026-04-15T03:37:02","modified_gmt":"2026-04-15T00:37:02","slug":"essiz-kutuphane","status":"publish","type":"product","link":"https:\/\/roveyayinevi.com.tr\/index.php\/urun\/essiz-kutuphane\/","title":{"rendered":"E\u015fsiz K\u00fct\u00fcphane"},"content":{"rendered":"<p>Bu masal kitaplar\u0131 \u00e7oook seven insanlar\u0131n masal\u0131\u2026 Bir g\u00fcn \u00fclkenin padi\u015fah\u0131 bir k\u00fct\u00fcphane yapt\u0131r\u0131r. \u0130\u00e7ine de \u00e7e\u015fit \u00e7e\u015fit kitaplar koyar. Herkes k\u00fct\u00fcphaneden \u00f6d\u00fcn\u00e7 kitap almak ister. Ancak bu o kadar kolay olmayacakt\u0131r. Masal\u0131n sonunda g\u00f6kten 3 elma d\u00fc\u015fm\u00fc\u015f. Birisi masal\u0131 yazana, birisi masal kahramanlar\u0131na, birisi de masal\u0131 okuyana. Masal\u0131 okuduysan bu elma senin i\u00e7in.<\/p>\n","protected":false},"excerpt":{"rendered":"<p>Bu masal kitaplar\u0131 \u00e7oook seven insanlar\u0131n masal\u0131\u2026 Bir g\u00fcn \u00fclkenin padi\u015fah\u0131 bir k\u00fct\u00fcphane yapt\u0131r\u0131r. \u0130\u00e7ine de \u00e7e\u015fit \u00e7e\u015fit kitaplar koyar. Herkes k\u00fct\u00fcphaneden \u00f6d\u00fcn\u00e7 kitap almak ister.<span class=\"excerpt-hellip\"> [\u2026]<\/span><\/p>\n","protected":false},"featured_media":0,"template":"","meta":{"_monsterinsights_skip_tracking":false,"_monsterinsights_sitenote_active":false,"_monsterinsights_sitenote_note":"","_monsterinsights_sitenote_category":0},"product_brand":[],"product_cat":[12274,12284],"product_tag":[],"class_list":{"0":"post-775156","1":"product","2":"type-product","3":"status-publish","5":"product_cat-cocuk-ve-genclik-kitaplari","6":"product_cat-hikayeler","7":"pa_cilt-ciltsiz","8":"pa_tur-kitap","9":"pa_yayinevi-herdem-kitap","10":"pa_yazar-ozlem-karagecen","12":"first","13":"instock","14":"sale","15":"shipping-taxable","16":"purchasable","17":"product-type-simple"},"_links":{"self":[{"href":"https:\/\/roveyayinevi.com.tr\/index.php\/wp-json\/wp\/v2\/product\/775156","targetHints":{"allow":["GET"]}}],"collection":[{"href":"https:\/\/roveyayinevi.com.tr\/index.php\/wp-json\/wp\/v2\/product"}],"about":[{"href":"https:\/\/roveyayinevi.com.tr\/index.php\/wp-json\/wp\/v2\/types\/product"}],"wp:attachment":[{"href":"https:\/\/roveyayinevi.com.tr\/index.php\/wp-json\/wp\/v2\/media?parent=775156"}],"wp:term":[{"taxonomy":"product_brand","embeddable":true,"href":"https:\/\/roveyayinevi.com.tr\/index.php\/wp-json\/wp\/v2\/product_brand?post=775156"},{"taxonomy":"product_cat","embeddable":true,"href":"https:\/\/roveyayinevi.com.tr\/index.php\/wp-json\/wp\/v2\/product_cat?post=775156"},{"taxonomy":"product_tag","embeddable":true,"href":"https:\/\/roveyayinevi.com.tr\/index.php\/wp-json\/wp\/v2\/product_tag?post=775156"}],"curies":[{"name":"wp","href":"https:\/\/api.w.org\/{rel}","templated":true}]}}