{"id":775155,"date":"2025-09-09T18:06:54","date_gmt":"2025-09-09T15:06:54","guid":{"rendered":"https:\/\/roveyayinevi.com.tr\/index.php\/urun\/gogsumuzde-kizil-bayrak\/"},"modified":"2026-04-15T03:36:40","modified_gmt":"2026-04-15T00:36:40","slug":"gogsumuzde-kizil-bayrak","status":"publish","type":"product","link":"https:\/\/roveyayinevi.com.tr\/index.php\/urun\/gogsumuzde-kizil-bayrak\/","title":{"rendered":"G\u00f6\u011fs\u00fcm\u00fczde K\u0131z\u0131l Bayrak"},"content":{"rendered":"<p>Kurulan \u015fehirler, Y\u0131k\u0131lan kaleler Ve her defas\u0131nda dirilen umutlar Devrim sesiz bir isyand\u0131r \u00f6nce Sonra bir kor olur halk\u0131n avucunda Kim bilir ka\u00e7 karanl\u0131\u011f\u0131 yarm\u0131\u015ft\u0131r g\u00fcne\u015f Ve ka\u00e7 y\u0131ld\u0131z d\u00f6k\u00fclm\u00fc\u015ft\u00fcr yery\u00fcz\u00fcne Ey yediveren g\u00fcller gibi a\u00e7an y\u00fcrekler Sizdedir \u00e7a\u011flar\u0131n \u00f6tesine k\u00f6pr\u00fc kuran cevher \u0130nsan, her defas\u0131nda ba\u015ftan yarat\u0131r K\u00fcllerinden do\u011far bir tarih Bug\u00fcn buraday\u0131z, yar\u0131n ba\u015fka bir yerde Ayn\u0131 kavgada ve ayn\u0131 sevdada G\u00fcller solmazsa bu y\u00fcreklerde Devrim daima bir umuttur, Ge\u00e7mi\u015ften gelece\u011fe\u2026 <\/p>\n","protected":false},"excerpt":{"rendered":"<p>Kurulan \u015fehirler, Y\u0131k\u0131lan kaleler Ve her defas\u0131nda dirilen umutlar Devrim sesiz bir isyand\u0131r \u00f6nce Sonra bir kor olur halk\u0131n avucunda Kim bilir ka\u00e7 karanl\u0131\u011f\u0131 yarm\u0131\u015ft\u0131r g\u00fcne\u015f<span class=\"excerpt-hellip\"> [\u2026]<\/span><\/p>\n","protected":false},"featured_media":0,"template":"","meta":{"_monsterinsights_skip_tracking":false,"_monsterinsights_sitenote_active":false,"_monsterinsights_sitenote_note":"","_monsterinsights_sitenote_category":0},"product_brand":[],"product_cat":[12291,12509],"product_tag":[],"class_list":{"0":"post-775155","1":"product","2":"type-product","3":"status-publish","5":"product_cat-edebiyat","6":"product_cat-siir","7":"pa_cilt-ciltsiz","8":"pa_tur-kitap","9":"pa_yayinevi-favori-yayinlari","10":"pa_yazar-yasar-polat","12":"first","13":"instock","14":"sale","15":"shipping-taxable","16":"purchasable","17":"product-type-simple"},"_links":{"self":[{"href":"https:\/\/roveyayinevi.com.tr\/index.php\/wp-json\/wp\/v2\/product\/775155","targetHints":{"allow":["GET"]}}],"collection":[{"href":"https:\/\/roveyayinevi.com.tr\/index.php\/wp-json\/wp\/v2\/product"}],"about":[{"href":"https:\/\/roveyayinevi.com.tr\/index.php\/wp-json\/wp\/v2\/types\/product"}],"wp:attachment":[{"href":"https:\/\/roveyayinevi.com.tr\/index.php\/wp-json\/wp\/v2\/media?parent=775155"}],"wp:term":[{"taxonomy":"product_brand","embeddable":true,"href":"https:\/\/roveyayinevi.com.tr\/index.php\/wp-json\/wp\/v2\/product_brand?post=775155"},{"taxonomy":"product_cat","embeddable":true,"href":"https:\/\/roveyayinevi.com.tr\/index.php\/wp-json\/wp\/v2\/product_cat?post=775155"},{"taxonomy":"product_tag","embeddable":true,"href":"https:\/\/roveyayinevi.com.tr\/index.php\/wp-json\/wp\/v2\/product_tag?post=775155"}],"curies":[{"name":"wp","href":"https:\/\/api.w.org\/{rel}","templated":true}]}}