{"id":775149,"date":"2025-09-09T17:55:34","date_gmt":"2025-09-09T14:55:34","guid":{"rendered":"https:\/\/roveyayinevi.com.tr\/index.php\/urun\/insan-kaderinin-kurbani-degil-secimlerinin-efendisidir-irvin-d-yalom\/"},"modified":"2026-04-15T03:34:51","modified_gmt":"2026-04-15T00:34:51","slug":"insan-kaderinin-kurbani-degil-secimlerinin-efendisidir-irvin-d-yalom","status":"publish","type":"product","link":"https:\/\/roveyayinevi.com.tr\/index.php\/urun\/insan-kaderinin-kurbani-degil-secimlerinin-efendisidir-irvin-d-yalom\/","title":{"rendered":"\u0130nsan Kaderinin Kurban\u0131 De\u011fil Se\u00e7imlerinin Efendisidir \u2013 Irvin D. Yalom"},"content":{"rendered":"<p>HAYAT \u00c7\u00d6Z\u00dcLMES\u0130 GEREKEN B\u0130R PROBLEM DE\u011e\u0130L, YA\u015eANMASI GEREKEN B\u0130R DENEY\u0130MD\u0130R. Ger\u00e7ekten ya\u015famak ne anlama gelir? Varolu\u015fun belirsizlikleri, \u00f6l\u00fcm\u00fcn ka\u00e7\u0131n\u0131lmazl\u0131\u011f\u0131 ve anlam aray\u0131\u015f\u0131yla nas\u0131l y\u00fczle\u015firiz? Bu kitap, \u00e7al\u0131\u015fmalar\u0131yla insan\u0131n hallerini anlamam\u0131za yard\u0131mc\u0131 olan, \u00e7a\u011f\u0131m\u0131z\u0131n en etkili psikoterapistlerinden Irvin D. Yalom\u2019un bir ke\u015ffi. Yalom, varolu\u015f\u00e7u psikoterapiye \u00f6nc\u00fcl\u00fck eden yakla\u015f\u0131m\u0131yla ve derin ki\u015fisel ve felsefi d\u00fc\u015f\u00fcnceleriyle say\u0131s\u0131z insana kendini ke\u015ffetme, iyile\u015fme ve kabullenme yolunda rehberlik etmi\u015ftir. Nietzsche A\u011flad\u0131\u011f\u0131nda, Varolu\u015f\u00e7u Psikoterapi, A\u015fk\u0131n Cellad\u0131,  Schopenhauer Tedavisi, G\u00fcne\u015fe Bakmak, Spinoza Problemi ve daha bir\u00e7ok eserinden yararlan\u0131larak kaleme al\u0131nan bu kitap, Yalom\u2019un b\u0131rakt\u0131\u011f\u0131 miras\u0131 olu\u015fturan en temel konular\u0131 inceliyor: \u00f6l\u00fcml\u00fcl\u00fckle y\u00fczle\u015fme, ki\u015fisel se\u00e7imlerin \u00f6nemi, insan ili\u015fkilerinin g\u00fcc\u00fc ve terapide hik\u00e2ye anlat\u0131c\u0131l\u0131\u011f\u0131n\u0131n d\u00f6n\u00fc\u015ft\u00fcr\u00fcc\u00fc potansiyeli. Analiz, ki\u015fisel anekdotlar ve derin felsefi sorgulamalar\u0131n bir araya getirildi\u011fi bu kitap, Yalom\u2019un kim oldu\u011funu \u00f6\u011frenmenin \u00f6tesinde, insan\u0131n kendisini anlamas\u0131 i\u00e7in de bir rehber niteli\u011fi ta\u015f\u0131yor. \u0130ster bir psikoloji \u00f6\u011frencisi, ister bir terapist ya da hayat\u0131n belirsizlikleri i\u00e7inde anlam arayan biri olun, bu kitap varolu\u015fun karma\u015f\u0131kl\u0131\u011f\u0131n\u0131 kucaklaman\u0131z ve \u00f6zg\u00fcnl\u00fc\u011fe giden kendi yolunuzu ke\u015ffetmeniz i\u00e7in size ilham verecektir. <\/p>\n","protected":false},"excerpt":{"rendered":"<p>HAYAT \u00c7\u00d6Z\u00dcLMES\u0130 GEREKEN B\u0130R PROBLEM DE\u011e\u0130L, YA\u015eANMASI GEREKEN B\u0130R DENEY\u0130MD\u0130R. Ger\u00e7ekten ya\u015famak ne anlama gelir? Varolu\u015fun belirsizlikleri, \u00f6l\u00fcm\u00fcn ka\u00e7\u0131n\u0131lmazl\u0131\u011f\u0131 ve anlam aray\u0131\u015f\u0131yla nas\u0131l y\u00fczle\u015firiz? Bu kitap,<span class=\"excerpt-hellip\"> [\u2026]<\/span><\/p>\n","protected":false},"featured_media":0,"template":"","meta":{"_monsterinsights_skip_tracking":false,"_monsterinsights_sitenote_active":false,"_monsterinsights_sitenote_note":"","_monsterinsights_sitenote_category":0},"product_brand":[],"product_cat":[12358,12357],"product_tag":[],"class_list":{"0":"post-775149","1":"product","2":"type-product","3":"status-publish","5":"product_cat-genel-psikoloji","6":"product_cat-psikoloji","7":"pa_cilt-ciltsiz","8":"pa_tur-kitap","9":"pa_yayinevi-destek-yayinlari","10":"pa_yazar-asli-perker","12":"first","13":"instock","14":"sale","15":"shipping-taxable","16":"purchasable","17":"product-type-simple"},"_links":{"self":[{"href":"https:\/\/roveyayinevi.com.tr\/index.php\/wp-json\/wp\/v2\/product\/775149","targetHints":{"allow":["GET"]}}],"collection":[{"href":"https:\/\/roveyayinevi.com.tr\/index.php\/wp-json\/wp\/v2\/product"}],"about":[{"href":"https:\/\/roveyayinevi.com.tr\/index.php\/wp-json\/wp\/v2\/types\/product"}],"wp:attachment":[{"href":"https:\/\/roveyayinevi.com.tr\/index.php\/wp-json\/wp\/v2\/media?parent=775149"}],"wp:term":[{"taxonomy":"product_brand","embeddable":true,"href":"https:\/\/roveyayinevi.com.tr\/index.php\/wp-json\/wp\/v2\/product_brand?post=775149"},{"taxonomy":"product_cat","embeddable":true,"href":"https:\/\/roveyayinevi.com.tr\/index.php\/wp-json\/wp\/v2\/product_cat?post=775149"},{"taxonomy":"product_tag","embeddable":true,"href":"https:\/\/roveyayinevi.com.tr\/index.php\/wp-json\/wp\/v2\/product_tag?post=775149"}],"curies":[{"name":"wp","href":"https:\/\/api.w.org\/{rel}","templated":true}]}}