{"id":775146,"date":"2025-09-09T17:50:03","date_gmt":"2025-09-09T14:50:03","guid":{"rendered":"https:\/\/roveyayinevi.com.tr\/index.php\/urun\/gunesi-sondurmeyin\/"},"modified":"2026-04-15T03:33:56","modified_gmt":"2026-04-15T00:33:56","slug":"gunesi-sondurmeyin","status":"publish","type":"product","link":"https:\/\/roveyayinevi.com.tr\/index.php\/urun\/gunesi-sondurmeyin\/","title":{"rendered":"G\u00fcne\u015fi S\u00f6nd\u00fcrmeyin"},"content":{"rendered":"<p>\u0130lkel hayvanlar\u0131n erkekleri di\u015filerine bu t\u00fcrl\u00fc k\u00f6t\u00fc davranmaz, e\u015flerini \u00f6ld\u00fcrmezler \u00e7\u00fcnk\u00fc. Erke\u011fin e\u015fini \u00f6ld\u00fcrd\u00fc\u011f\u00fc tek hayvan t\u00fcr\u00fc \u201cinsand\u0131r\u201d Jack London, Adem&#8217;den \u00d6nce Birbirinden farkl\u0131 hayatlar nas\u0131l ortak bir hikayeye d\u00f6n\u00fc\u015f\u00fcr? Ac\u0131n\u0131n, kederin besledi\u011fi ya\u015fanm\u0131\u015fl\u0131klar\u0131n intikam duygusuyla beslendi\u011fi, kesi\u015fti\u011fi bu romanda g\u00f6rd\u00fc\u011f\u00fcm\u00fcz, duydu\u011fumuz ac\u0131lar\u0131n yerle\u015fti\u011fi karakterler, b\u00fcy\u00fck bir ger\u00e7e\u011fi seriyor \u00f6n\u00fcm\u00fcze. \u00d6\u011fretmen olma hayalleriyle Ankara&#8217;ya gelen M\u0131sra&#8217;n\u0131n, ac\u0131s\u0131n\u0131 intikam duygusuna \u00e7eviren Kuzey ile kar\u015f\u0131la\u015fmas\u0131, birbirlerini kucaklamas\u0131 gibi. Her g\u00fcn duydu\u011fumuz, okudu\u011fumuz kad\u0131n cinayetleri haberlerinin t\u00fcm ger\u00e7ekli\u011fini ortaya seren bu romanda, Seher&#8217;in hikayesi hem tan\u0131d\u0131k gelecek hem de sizi derinden sarsacak. Ac\u0131y\u0131 en derinden ya\u015fam\u0131\u015f her karaktere sar\u0131lmak isterken, bu nefret zincirinin sonlanmas\u0131n\u0131 tekrar ve tekrar isteyeceksiniz. <\/p>\n","protected":false},"excerpt":{"rendered":"<p>\u0130lkel hayvanlar\u0131n erkekleri di\u015filerine bu t\u00fcrl\u00fc k\u00f6t\u00fc davranmaz, e\u015flerini \u00f6ld\u00fcrmezler \u00e7\u00fcnk\u00fc. Erke\u011fin e\u015fini \u00f6ld\u00fcrd\u00fc\u011f\u00fc tek hayvan t\u00fcr\u00fc \u201cinsand\u0131r\u201d Jack London, Adem&#8217;den \u00d6nce Birbirinden farkl\u0131 hayatlar nas\u0131l<span class=\"excerpt-hellip\"> [\u2026]<\/span><\/p>\n","protected":false},"featured_media":0,"template":"","meta":{"_monsterinsights_skip_tracking":false,"_monsterinsights_sitenote_active":false,"_monsterinsights_sitenote_note":"","_monsterinsights_sitenote_category":0},"product_brand":[],"product_cat":[12291,12711],"product_tag":[],"class_list":{"0":"post-775146","1":"product","2":"type-product","3":"status-publish","5":"product_cat-edebiyat","6":"product_cat-roman-oyku","7":"pa_cilt-ciltsiz","8":"pa_tur-kitap","9":"pa_yayinevi-adelya-kitap","10":"pa_yazar-ismihan-ozen","12":"first","13":"instock","14":"sale","15":"shipping-taxable","16":"purchasable","17":"product-type-simple"},"_links":{"self":[{"href":"https:\/\/roveyayinevi.com.tr\/index.php\/wp-json\/wp\/v2\/product\/775146","targetHints":{"allow":["GET"]}}],"collection":[{"href":"https:\/\/roveyayinevi.com.tr\/index.php\/wp-json\/wp\/v2\/product"}],"about":[{"href":"https:\/\/roveyayinevi.com.tr\/index.php\/wp-json\/wp\/v2\/types\/product"}],"wp:attachment":[{"href":"https:\/\/roveyayinevi.com.tr\/index.php\/wp-json\/wp\/v2\/media?parent=775146"}],"wp:term":[{"taxonomy":"product_brand","embeddable":true,"href":"https:\/\/roveyayinevi.com.tr\/index.php\/wp-json\/wp\/v2\/product_brand?post=775146"},{"taxonomy":"product_cat","embeddable":true,"href":"https:\/\/roveyayinevi.com.tr\/index.php\/wp-json\/wp\/v2\/product_cat?post=775146"},{"taxonomy":"product_tag","embeddable":true,"href":"https:\/\/roveyayinevi.com.tr\/index.php\/wp-json\/wp\/v2\/product_tag?post=775146"}],"curies":[{"name":"wp","href":"https:\/\/api.w.org\/{rel}","templated":true}]}}