{"id":775144,"date":"2025-09-09T17:49:31","date_gmt":"2025-09-09T14:49:31","guid":{"rendered":"https:\/\/roveyayinevi.com.tr\/index.php\/urun\/ustumden-trenler-gecti\/"},"modified":"2026-04-15T03:33:34","modified_gmt":"2026-04-15T00:33:34","slug":"ustumden-trenler-gecti","status":"publish","type":"product","link":"https:\/\/roveyayinevi.com.tr\/index.php\/urun\/ustumden-trenler-gecti\/","title":{"rendered":"\u00dcst\u00fcmden Trenler Ge\u00e7ti"},"content":{"rendered":"<p>\u201cOnu g\u00f6rmemi, ona sayg\u0131 duymam\u0131, onu \u2018erke\u011fim\u2019 kabul etmemi, ona kay\u0131ts\u0131zca ba\u011flanmam\u0131 istemi\u015fti. B\u00f6yle var oluyordu. O da bana sahip \u00e7\u0131kacakt\u0131, beni koruyacakt\u0131 ve beni hi\u00e7 b\u0131rakmayacakt\u0131. Ben de b\u00f6yle var olacakt\u0131m. Sessiz bir anla\u015fma gibi. Biz buna a\u015fk dedik.\u201dYa\u015fanm\u0131\u015fl\u0131klar\u0131n g\u00f6lgesinde, herkesin yaras\u0131na dokunacak \u00f6yk\u00fclerde kendinizle y\u00fczle\u015febilir misiniz?Toksik sevgiler, y\u0131k\u0131c\u0131 evlilikler, s\u0131n\u0131rs\u0131z dostluklar, zorlay\u0131c\u0131 aile ba\u011flar\u0131 ve g\u00fcveni yerle bir eden i\u015f ortamlar\u0131\u2026 Travma ve ili\u015fki ko\u00e7u, e\u011fitmen EbruErt\u00fcreten, sizi on d\u00f6rt farkl\u0131 \u00f6yk\u00fcyle, ili\u015fkilerin karanl\u0131k taraf\u0131nda bir yolculu\u011fa \u00e7\u0131kar\u0131yor. Her bir \u00f6yk\u00fc, sevginin ve ba\u011fl\u0131l\u0131\u011f\u0131n nas\u0131l zehirli bir h\u00e2l alabildi\u011fini anlat\u0131rken, yeniden var olman\u0131n da m\u00fcmk\u00fcn oldu\u011funu hat\u0131rlat\u0131yor.\u00dcst\u00fcmden Trenler Ge\u00e7ti, ac\u0131mas\u0131z ger\u00e7ekli\u011fiyle sizi kendi hik\u00e2yenizle y\u00fczle\u015ftirmekle kalmayacak, her sayfada size o sars\u0131c\u0131 soruyu sorduracak: \u201cBen, kendim i\u00e7in ne yap\u0131yorum?\u201d<\/p>\n","protected":false},"excerpt":{"rendered":"<p>\u201cOnu g\u00f6rmemi, ona sayg\u0131 duymam\u0131, onu \u2018erke\u011fim\u2019 kabul etmemi, ona kay\u0131ts\u0131zca ba\u011flanmam\u0131 istemi\u015fti. B\u00f6yle var oluyordu. O da bana sahip \u00e7\u0131kacakt\u0131, beni koruyacakt\u0131 ve beni hi\u00e7<span class=\"excerpt-hellip\"> [\u2026]<\/span><\/p>\n","protected":false},"featured_media":0,"template":"","meta":{"_monsterinsights_skip_tracking":false,"_monsterinsights_sitenote_active":false,"_monsterinsights_sitenote_note":"","_monsterinsights_sitenote_category":0},"product_brand":[],"product_cat":[12364,12376],"product_tag":[],"class_list":{"0":"post-775144","1":"product","2":"type-product","3":"status-publish","5":"product_cat-genel-konular","6":"product_cat-kisisel-gelisim","7":"pa_cilt-ciltsiz","8":"pa_tur-kitap","9":"pa_yayinevi-muptela-yayinevi","10":"pa_yazar-ebru-ertureten","12":"first","13":"instock","14":"sale","15":"shipping-taxable","16":"purchasable","17":"product-type-simple"},"_links":{"self":[{"href":"https:\/\/roveyayinevi.com.tr\/index.php\/wp-json\/wp\/v2\/product\/775144","targetHints":{"allow":["GET"]}}],"collection":[{"href":"https:\/\/roveyayinevi.com.tr\/index.php\/wp-json\/wp\/v2\/product"}],"about":[{"href":"https:\/\/roveyayinevi.com.tr\/index.php\/wp-json\/wp\/v2\/types\/product"}],"wp:attachment":[{"href":"https:\/\/roveyayinevi.com.tr\/index.php\/wp-json\/wp\/v2\/media?parent=775144"}],"wp:term":[{"taxonomy":"product_brand","embeddable":true,"href":"https:\/\/roveyayinevi.com.tr\/index.php\/wp-json\/wp\/v2\/product_brand?post=775144"},{"taxonomy":"product_cat","embeddable":true,"href":"https:\/\/roveyayinevi.com.tr\/index.php\/wp-json\/wp\/v2\/product_cat?post=775144"},{"taxonomy":"product_tag","embeddable":true,"href":"https:\/\/roveyayinevi.com.tr\/index.php\/wp-json\/wp\/v2\/product_tag?post=775144"}],"curies":[{"name":"wp","href":"https:\/\/api.w.org\/{rel}","templated":true}]}}