{"id":775142,"date":"2025-09-09T17:46:32","date_gmt":"2025-09-09T14:46:32","guid":{"rendered":"https:\/\/roveyayinevi.com.tr\/index.php\/urun\/e-ticaret\/"},"modified":"2026-04-15T03:33:23","modified_gmt":"2026-04-15T00:33:23","slug":"e-ticaret","status":"publish","type":"product","link":"https:\/\/roveyayinevi.com.tr\/index.php\/urun\/e-ticaret\/","title":{"rendered":"E &#8211; Ticaret"},"content":{"rendered":"<p>Elma Yay\u0131nevi\u2019nin yeni \u00e7\u0131kan bu kitab\u0131nda bir e-ticaret seru\u0308veni okuyacaks\u0131n\u0131z. Yazar \u00d6mer Koray \u00dcnal,  Avrupa\u2019n\u0131n bu\u0308yu\u0308k Tu\u0308rkc\u0327e kitapc\u0327\u0131s\u0131 www.kolnkutuphane.de\u2019nin bas\u0327ar\u0131larla dolu 5 y\u0131ll\u0131k hika\u0302yesini, 28 u\u0308lkeden150.000 kis\u0327inin s\u0131f\u0131rdan yarat\u0131lan bir markaya gu\u0308venerek nas\u0131l al\u0131s\u0327veris\u0327 yapt\u0131g\u0306\u0131n\u0131, 5 y\u0131ll\u0131k e-ticaret seru\u0308veninde sizin hika\u0302yeniz ic\u0327in de ibret olabilecek bas\u0327ar\u0131s\u0131zl\u0131k seru\u0308venlerini; e-ticarete yeni bas\u0327layan, e-ticaretini gelis\u0327tiren, e-ticaretini daha iyi yo\u0308netmek isteyenler ic\u0327in gereken k\u0131lavuz bilgileri ve e-ticaret 101 dersi akademik notlar\u0131n\u0131 ve o\u0308rneklerini herkesin anlayabilece\u011fi bir dilde anlatmaktad\u0131r.   Ayr\u0131ca Tu\u0308rkiye\u2019den Avrupa\u2019ya tas\u0327\u0131nan bir mu\u0308hendisin go\u0308c\u0327 o\u0308yku\u0308su\u0308n\u00fc de gene \u00f6rnek olmas\u0131 a\u00e7\u0131s\u0131ndan detayl\u0131 bir \u015fekilde bu kitab\u0131nda siz okurlarla bulu\u015fturmaktad\u0131r.   Keyifli okumalar\u2026 <\/p>\n","protected":false},"excerpt":{"rendered":"<p>Elma Yay\u0131nevi\u2019nin yeni \u00e7\u0131kan bu kitab\u0131nda bir e-ticaret seru\u0308veni okuyacaks\u0131n\u0131z. Yazar \u00d6mer Koray \u00dcnal, Avrupa\u2019n\u0131n bu\u0308yu\u0308k Tu\u0308rkc\u0327e kitapc\u0327\u0131s\u0131 www.kolnkutuphane.de\u2019nin bas\u0327ar\u0131larla dolu 5 y\u0131ll\u0131k hika\u0302yesini, 28 u\u0308lkeden150.000<span class=\"excerpt-hellip\"> [\u2026]<\/span><\/p>\n","protected":false},"featured_media":0,"template":"","meta":{"_monsterinsights_skip_tracking":false,"_monsterinsights_sitenote_active":false,"_monsterinsights_sitenote_note":"","_monsterinsights_sitenote_category":0},"product_brand":[],"product_cat":[13043,17647],"product_tag":[],"class_list":{"0":"post-775142","1":"product","2":"type-product","3":"status-publish","5":"product_cat-ekonomi","6":"product_cat-is-dunyasi","7":"pa_cilt-ciltsiz","8":"pa_tur-kitap","9":"pa_yayinevi-elma-yayinevi","10":"pa_yazar-omer-koray-unal","12":"first","13":"instock","14":"sale","15":"shipping-taxable","16":"purchasable","17":"product-type-simple"},"_links":{"self":[{"href":"https:\/\/roveyayinevi.com.tr\/index.php\/wp-json\/wp\/v2\/product\/775142","targetHints":{"allow":["GET"]}}],"collection":[{"href":"https:\/\/roveyayinevi.com.tr\/index.php\/wp-json\/wp\/v2\/product"}],"about":[{"href":"https:\/\/roveyayinevi.com.tr\/index.php\/wp-json\/wp\/v2\/types\/product"}],"wp:attachment":[{"href":"https:\/\/roveyayinevi.com.tr\/index.php\/wp-json\/wp\/v2\/media?parent=775142"}],"wp:term":[{"taxonomy":"product_brand","embeddable":true,"href":"https:\/\/roveyayinevi.com.tr\/index.php\/wp-json\/wp\/v2\/product_brand?post=775142"},{"taxonomy":"product_cat","embeddable":true,"href":"https:\/\/roveyayinevi.com.tr\/index.php\/wp-json\/wp\/v2\/product_cat?post=775142"},{"taxonomy":"product_tag","embeddable":true,"href":"https:\/\/roveyayinevi.com.tr\/index.php\/wp-json\/wp\/v2\/product_tag?post=775142"}],"curies":[{"name":"wp","href":"https:\/\/api.w.org\/{rel}","templated":true}]}}